{"id":121,"date":"2017-01-03T10:33:39","date_gmt":"2017-01-03T12:33:39","guid":{"rendered":"http:\/\/www.encontraosasco.com.br\/prefeitura-de-osasco\/?page_id=121"},"modified":"2017-05-26T10:47:50","modified_gmt":"2017-05-26T13:47:50","slug":"iss-prefeitura-osasco","status":"publish","type":"page","link":"https:\/\/www.encontraosasco.com.br\/prefeitura-de-osasco\/iss-prefeitura-osasco\/","title":{"rendered":"ISS Prefeitura Osasco"},"content":{"rendered":"<h2><strong>O que \u00e9 o ISS?<\/strong><\/h2>\n<p>O ISS \u00e9 o <em>Imposto Sobre Servi\u00e7os<\/em>\u00a0. Ele \u00e9 um tributo de compet\u00eancia dos munic\u00edpios e Distrito Federal e incide sobre a presta\u00e7\u00e3o de servi\u00e7os.<\/p>\n<h3><strong>O que \u00e9 sistema ISS da Prefeitura de Osasco?<\/strong><\/h3>\n<p>O Sistema ISS permite aos prestadores de servi\u00e7o do Munic\u00edpio de Osasco escriturar seus documentos fiscais, emitir notas fiscais eletr\u00f4nicas, gerar guias de pagamento e livros fiscais. O sistema integra fun\u00e7\u00f5es de gerenciamento de ISS e tamb\u00e9m de Notas Fiscais Eletr\u00f4nicas de acordo com a legisla\u00e7\u00e3o vigente no Munic\u00edpio de Osasco.<\/p>\n<h3><strong>Quem deve pagar ISS da Prefeitura Municipal de Osasco?<\/strong><\/h3>\n<p>O <a href=\"https:\/\/www.encontraosasco.com.br\/prefeitura-de-osasco\/iss-prefeitura-osasco\/\">ISS da Prefeitura de Osasco<\/a> \u00e9 pago pelas empresas prestadoras de servi\u00e7os e profissionais aut\u00f4nomos. Aqueles que se encaixam no primeiro caso dever\u00e3o recolher o ISS, al\u00e9m dos demais impostos \u2013 como IR, PIS, COFINS, contribui\u00e7\u00e3o social ou, substitu\u00eddos pelo Simples Nacional, caso optante. As empresas pagam uma al\u00edquota de 5% sobre o valor da nota fiscal e em alguns casos chega a 2%<\/p>\n<p><img decoding=\"async\" loading=\"lazy\" class=\"alignleft wp-image-374\" src=\"https:\/\/www.encontraosasco.com.br\/prefeitura-de-osasco\/wp-content\/uploads\/2017\/01\/abertura_de_empresa.jpg\" alt=\"ISS da Prefeitura Municipal de Osasco\" width=\"403\" height=\"183\" srcset=\"https:\/\/www.encontraosasco.com.br\/prefeitura-de-osasco\/wp-content\/uploads\/2017\/01\/abertura_de_empresa.jpg 640w, https:\/\/www.encontraosasco.com.br\/prefeitura-de-osasco\/wp-content\/uploads\/2017\/01\/abertura_de_empresa-300x136.jpg 300w\" sizes=\"(max-width: 403px) 100vw, 403px\" \/>A NFS-e, implantada pela Secretaria de Finan\u00e7as, vai simplificar a vida dos prestadores de servi\u00e7os e gerar cr\u00e9ditos para seus clientes (cidad\u00e3os e empresas da cidade de Osasco).<\/p>\n<p>O cliente (tomador de servi\u00e7os) que pedir a emiss\u00e3o da NFS-e poder\u00e1 utilizar parte do <em>ISS\u00a0da Prefeitura de Osasco<\/em> recolhido para abater at\u00e9 50% do IPTU.<\/p>\n<ul>\n<li>O sistema efetuar\u00e1 automaticamente o c\u00e1lculo do ISS da Prefeitura devido pelo prestador e o valor do tributo ser\u00e1 impresso na NFS-e. Parte do ISS recolhido pertence ao cliente: 10% para Pessoas Jur\u00eddicas e 30% para Pessoas F\u00edsicas.<\/li>\n<li>O Pagamento do ISS &#8211; O prestador dever\u00e1 gerar no sistema o documento de arrecada\u00e7\u00e3o relativo \u00e0s NFS-e emitidas. Lembrete: o vencimento do ISS ocorre no dia 10 de cada m\u00eas relativamente \u00e0s NFS-e emitidas no m\u00eas anterior.<\/li>\n<li>Cr\u00e9dito do ISS &#8211; Ap\u00f3s o recolhimento, ser\u00e1 automaticamente creditada aos clientes a parcela do imposto constante da NFS-e.<\/li>\n<li>O acompanhamento dos valores j\u00e1 creditados &#8211; e dos pendentes &#8211; pode ser feito pela Internet.<\/li>\n<li>Abatimento do IPTU &#8211; Os cr\u00e9ditos acumulados poder\u00e3o ser usados para abatimento de at\u00e9 50% do IPTU.<\/li>\n<\/ul>\n<h3><\/h3>\n","protected":false},"excerpt":{"rendered":"<p>O que \u00e9 o ISS? O ISS \u00e9 o Imposto Sobre Servi\u00e7os\u00a0. Ele \u00e9 um tributo de compet\u00eancia dos munic\u00edpios e Distrito Federal e incide sobre a presta\u00e7\u00e3o de servi\u00e7os. O que \u00e9 sistema ISS da Prefeitura de Osasco? O Sistema ISS permite aos prestadores de servi\u00e7o do Munic\u00edpio de Osasco escriturar seus documentos fiscais, [&hellip;]<\/p>\n","protected":false},"author":1,"featured_media":0,"parent":0,"menu_order":0,"comment_status":"closed","ping_status":"closed","template":"","meta":{"footnotes":""},"yoast_head":"<!-- This site is optimized with the Yoast SEO plugin v21.5 - https:\/\/yoast.com\/wordpress\/plugins\/seo\/ -->\n<title>ISS (Imposto Sobre Servi\u00e7o) - Prefeitura Municipal de Osasco<\/title>\n<meta name=\"description\" content=\"Confira informa\u00e7\u00f5es sobre al\u00edquota, emiss\u00e3o e tabela do recolhimento do ISS (Imposto Sobre Servi\u00e7o) na Prefeitura Municipal de Osasco\" \/>\n<meta name=\"robots\" content=\"index, follow, max-snippet:-1, max-image-preview:large, max-video-preview:-1\" \/>\n<link rel=\"canonical\" href=\"https:\/\/www.encontraosasco.com.br\/prefeitura-de-osasco\/iss-prefeitura-osasco\/\" \/>\n<meta property=\"og:locale\" content=\"pt_BR\" \/>\n<meta property=\"og:type\" content=\"article\" \/>\n<meta property=\"og:title\" content=\"ISS (Imposto Sobre Servi\u00e7o) - Prefeitura Municipal de Osasco\" \/>\n<meta property=\"og:description\" content=\"Confira informa\u00e7\u00f5es sobre al\u00edquota, emiss\u00e3o e tabela do recolhimento do ISS (Imposto Sobre Servi\u00e7o) na Prefeitura Municipal de Osasco\" \/>\n<meta property=\"og:url\" content=\"https:\/\/www.encontraosasco.com.br\/prefeitura-de-osasco\/iss-prefeitura-osasco\/\" \/>\n<meta property=\"og:site_name\" content=\"Prefeitura de Osasco\" \/>\n<meta property=\"article:modified_time\" content=\"2017-05-26T13:47:50+00:00\" \/>\n<meta property=\"og:image\" content=\"https:\/\/www.encontraosasco.com.br\/prefeitura-de-osasco\/wp-content\/uploads\/2017\/01\/abertura_de_empresa.jpg\" \/>\n<meta name=\"twitter:card\" content=\"summary_large_image\" \/>\n<meta name=\"twitter:label1\" content=\"Est. tempo de leitura\" \/>\n\t<meta name=\"twitter:data1\" content=\"2 minutos\" \/>\n<script type=\"application\/ld+json\" class=\"yoast-schema-graph\">{\"@context\":\"https:\/\/schema.org\",\"@graph\":[{\"@type\":\"WebPage\",\"@id\":\"https:\/\/www.encontraosasco.com.br\/prefeitura-de-osasco\/iss-prefeitura-osasco\/\",\"url\":\"https:\/\/www.encontraosasco.com.br\/prefeitura-de-osasco\/iss-prefeitura-osasco\/\",\"name\":\"ISS (Imposto Sobre Servi\u00e7o) - Prefeitura Municipal de Osasco\",\"isPartOf\":{\"@id\":\"https:\/\/www.encontraosasco.com.br\/prefeitura-de-osasco\/#website\"},\"datePublished\":\"2017-01-03T12:33:39+00:00\",\"dateModified\":\"2017-05-26T13:47:50+00:00\",\"description\":\"Confira informa\u00e7\u00f5es sobre al\u00edquota, emiss\u00e3o e tabela do recolhimento do ISS (Imposto Sobre Servi\u00e7o) na Prefeitura Municipal de Osasco\",\"breadcrumb\":{\"@id\":\"https:\/\/www.encontraosasco.com.br\/prefeitura-de-osasco\/iss-prefeitura-osasco\/#breadcrumb\"},\"inLanguage\":\"pt-BR\",\"potentialAction\":[{\"@type\":\"ReadAction\",\"target\":[\"https:\/\/www.encontraosasco.com.br\/prefeitura-de-osasco\/iss-prefeitura-osasco\/\"]}]},{\"@type\":\"BreadcrumbList\",\"@id\":\"https:\/\/www.encontraosasco.com.br\/prefeitura-de-osasco\/iss-prefeitura-osasco\/#breadcrumb\",\"itemListElement\":[{\"@type\":\"ListItem\",\"position\":1,\"name\":\"In\u00edcio\",\"item\":\"https:\/\/www.encontraosasco.com.br\/prefeitura-de-osasco\/\"},{\"@type\":\"ListItem\",\"position\":2,\"name\":\"ISS Prefeitura Osasco\"}]},{\"@type\":\"WebSite\",\"@id\":\"https:\/\/www.encontraosasco.com.br\/prefeitura-de-osasco\/#website\",\"url\":\"https:\/\/www.encontraosasco.com.br\/prefeitura-de-osasco\/\",\"name\":\"Prefeitura de Osasco\",\"description\":\"Prefeitura Municipal de Osasco\",\"potentialAction\":[{\"@type\":\"SearchAction\",\"target\":{\"@type\":\"EntryPoint\",\"urlTemplate\":\"https:\/\/www.encontraosasco.com.br\/prefeitura-de-osasco\/?s={search_term_string}\"},\"query-input\":\"required name=search_term_string\"}],\"inLanguage\":\"pt-BR\"}]}<\/script>\n<!-- \/ Yoast SEO plugin. -->","yoast_head_json":{"title":"ISS (Imposto Sobre Servi\u00e7o) - Prefeitura Municipal de Osasco","description":"Confira informa\u00e7\u00f5es sobre al\u00edquota, emiss\u00e3o e tabela do recolhimento do ISS (Imposto Sobre Servi\u00e7o) na Prefeitura Municipal de Osasco","robots":{"index":"index","follow":"follow","max-snippet":"max-snippet:-1","max-image-preview":"max-image-preview:large","max-video-preview":"max-video-preview:-1"},"canonical":"https:\/\/www.encontraosasco.com.br\/prefeitura-de-osasco\/iss-prefeitura-osasco\/","og_locale":"pt_BR","og_type":"article","og_title":"ISS (Imposto Sobre Servi\u00e7o) - Prefeitura Municipal de Osasco","og_description":"Confira informa\u00e7\u00f5es sobre al\u00edquota, emiss\u00e3o e tabela do recolhimento do ISS (Imposto Sobre Servi\u00e7o) na Prefeitura Municipal de Osasco","og_url":"https:\/\/www.encontraosasco.com.br\/prefeitura-de-osasco\/iss-prefeitura-osasco\/","og_site_name":"Prefeitura de Osasco","article_modified_time":"2017-05-26T13:47:50+00:00","og_image":[{"url":"https:\/\/www.encontraosasco.com.br\/prefeitura-de-osasco\/wp-content\/uploads\/2017\/01\/abertura_de_empresa.jpg"}],"twitter_card":"summary_large_image","twitter_misc":{"Est. tempo de leitura":"2 minutos"},"schema":{"@context":"https:\/\/schema.org","@graph":[{"@type":"WebPage","@id":"https:\/\/www.encontraosasco.com.br\/prefeitura-de-osasco\/iss-prefeitura-osasco\/","url":"https:\/\/www.encontraosasco.com.br\/prefeitura-de-osasco\/iss-prefeitura-osasco\/","name":"ISS (Imposto Sobre Servi\u00e7o) - Prefeitura Municipal de Osasco","isPartOf":{"@id":"https:\/\/www.encontraosasco.com.br\/prefeitura-de-osasco\/#website"},"datePublished":"2017-01-03T12:33:39+00:00","dateModified":"2017-05-26T13:47:50+00:00","description":"Confira informa\u00e7\u00f5es sobre al\u00edquota, emiss\u00e3o e tabela do recolhimento do ISS (Imposto Sobre Servi\u00e7o) na Prefeitura Municipal de Osasco","breadcrumb":{"@id":"https:\/\/www.encontraosasco.com.br\/prefeitura-de-osasco\/iss-prefeitura-osasco\/#breadcrumb"},"inLanguage":"pt-BR","potentialAction":[{"@type":"ReadAction","target":["https:\/\/www.encontraosasco.com.br\/prefeitura-de-osasco\/iss-prefeitura-osasco\/"]}]},{"@type":"BreadcrumbList","@id":"https:\/\/www.encontraosasco.com.br\/prefeitura-de-osasco\/iss-prefeitura-osasco\/#breadcrumb","itemListElement":[{"@type":"ListItem","position":1,"name":"In\u00edcio","item":"https:\/\/www.encontraosasco.com.br\/prefeitura-de-osasco\/"},{"@type":"ListItem","position":2,"name":"ISS Prefeitura Osasco"}]},{"@type":"WebSite","@id":"https:\/\/www.encontraosasco.com.br\/prefeitura-de-osasco\/#website","url":"https:\/\/www.encontraosasco.com.br\/prefeitura-de-osasco\/","name":"Prefeitura de Osasco","description":"Prefeitura Municipal de Osasco","potentialAction":[{"@type":"SearchAction","target":{"@type":"EntryPoint","urlTemplate":"https:\/\/www.encontraosasco.com.br\/prefeitura-de-osasco\/?s={search_term_string}"},"query-input":"required name=search_term_string"}],"inLanguage":"pt-BR"}]}},"_links":{"self":[{"href":"https:\/\/www.encontraosasco.com.br\/prefeitura-de-osasco\/wp-json\/wp\/v2\/pages\/121"}],"collection":[{"href":"https:\/\/www.encontraosasco.com.br\/prefeitura-de-osasco\/wp-json\/wp\/v2\/pages"}],"about":[{"href":"https:\/\/www.encontraosasco.com.br\/prefeitura-de-osasco\/wp-json\/wp\/v2\/types\/page"}],"author":[{"embeddable":true,"href":"https:\/\/www.encontraosasco.com.br\/prefeitura-de-osasco\/wp-json\/wp\/v2\/users\/1"}],"replies":[{"embeddable":true,"href":"https:\/\/www.encontraosasco.com.br\/prefeitura-de-osasco\/wp-json\/wp\/v2\/comments?post=121"}],"version-history":[{"count":3,"href":"https:\/\/www.encontraosasco.com.br\/prefeitura-de-osasco\/wp-json\/wp\/v2\/pages\/121\/revisions"}],"predecessor-version":[{"id":171,"href":"https:\/\/www.encontraosasco.com.br\/prefeitura-de-osasco\/wp-json\/wp\/v2\/pages\/121\/revisions\/171"}],"wp:attachment":[{"href":"https:\/\/www.encontraosasco.com.br\/prefeitura-de-osasco\/wp-json\/wp\/v2\/media?parent=121"}],"curies":[{"name":"wp","href":"https:\/\/api.w.org\/{rel}","templated":true}]}}