{"id":14,"date":"2016-12-23T16:27:33","date_gmt":"2016-12-23T18:27:33","guid":{"rendered":"http:\/\/www.encontraosasco.com.br\/prefeitura-de-osasco\/?page_id=14"},"modified":"2017-05-30T13:07:03","modified_gmt":"2017-05-30T16:07:03","slug":"iptu-osasco","status":"publish","type":"page","link":"https:\/\/www.encontraosasco.com.br\/prefeitura-de-osasco\/iptu-osasco\/","title":{"rendered":"IPTU Osasco"},"content":{"rendered":"<p style=\"font-weight: normal;\">Confira explica\u00e7\u00e3o sobre as principais d\u00favidas e consultas em rela\u00e7\u00e3o ao \u00a0<a href=\"https:\/\/www.encontraosasco.com.br\/prefeitura-de-osasco\/iptu-osasco\/\">IPTU na Prefeitura Municipal de Osasco<\/a>.<\/p>\n<p><strong>Quem deve pagar o IPTU da Prefeitura de Osasco? <\/strong><\/p>\n<p>A lei considera como contribuinte do IPTU (<em>Imposto Predial e Territorial Urbano<\/em>) o propriet\u00e1rio do im\u00f3vel. Em alguns casos, o possuidor, mesmo n\u00e3o sendo o propriet\u00e1rio, \u00e9 o contribuinte do imposto.<\/p>\n<h3><strong>H\u00e1 desconto para o pagamento do IPTU \u00e0 vista? <\/strong><\/h3>\n<p>Sim. O contribuinte que quitar seus em cota \u00fanica tem direito a 5% no valor total do imposto.<\/p>\n<p><img decoding=\"async\" loading=\"lazy\" class=\"alignleft wp-image-377\" src=\"https:\/\/www.encontraosasco.com.br\/prefeitura-de-osasco\/wp-content\/uploads\/2017\/01\/iptu.jpg\" width=\"452\" height=\"188\" srcset=\"https:\/\/www.encontraosasco.com.br\/prefeitura-de-osasco\/wp-content\/uploads\/2017\/01\/iptu.jpg 550w, https:\/\/www.encontraosasco.com.br\/prefeitura-de-osasco\/wp-content\/uploads\/2017\/01\/iptu-300x125.jpg 300w\" sizes=\"(max-width: 452px) 100vw, 452px\" \/><strong><br \/>\nIPTU Prefeitura de Osasco parcelado<\/strong><\/p>\n<p>Quando o contribuinte recebe o carn\u00ea do <strong>IPTU Osasco<\/strong>\u00a0no in\u00edcio do ano, ele tem a op\u00e7\u00e3o de pagar o imposto em 10 cotas mensais fixas, sem descontos e sem juros.<\/p>\n<h3>IPTU Prefeitura de Osasco Atrasado<\/h3>\n<p>Os valores de impostos atrasados, de exerc\u00edcios anteriores, podem ser parcelados pela internet. Por\u00e9m quanto mais parcelas, o \u00f4nus \u00e9 maior para o contribuinte. Sobre o valor do imposto atrasado, corrigido monetariamente, incidem multa de 20% e juros de 1% ao m\u00eas.<\/p>\n<h3><strong>2\u00ba Via IPTU &#8211; Como emitir segunda via do IPTU Prefeitura de Osasco?<\/strong><\/h3>\n<p>Para emiss\u00e3o do <em>IPTU da Prefeitura de Osasco<\/em>, utilize o link: <a href=\"http:\/\/www.sigt.osasco.sp.gov.br\/iTRIB2\/IptEmitirDAMDoIPTUExibir_Internet.do\" target=\"_blank\" rel=\"noopener noreferrer\">http:\/\/www.sigt.osasco.sp.gov.br\/iTRIB2\/IptEmitirDAMDoIPTUExibir_Internet.do<\/a><\/p>\n<p>*Este site n\u00e3o coleta dados, voc\u00ea ser\u00e1 redirecionado ao sistema oficial da Prefeitura de Osasco.<\/p>\n<h3><strong>Onde posso pagar meu IPTU? <\/strong><\/h3>\n<p>Em qualquer ag\u00eancia dos bancos autorizados, desde que localizada na Regi\u00e3o Metropolitana de Osasco, ou fora, a crit\u00e9rio da rede banc\u00e1ria.<\/p>\n<p>&#8211; Banco do Brasil<br \/>\n&#8211; Bradesco<br \/>\n&#8211; Banco Ita\u00fa<br \/>\n&#8211; Banco Santander<br \/>\n&#8211; Caixa Econ\u00f4mica Federal<br \/>\n&#8211; Lot\u00e9ricas (No limite fixado pela CEF)<br \/>\n&#8211; Citibank<\/p>\n<p>Para pagamento via internet ou d\u00e9bito em conta corrente, CONSULTE SEU BANCO!<\/p>\n<h3><strong>Se n\u00e3o pagar o IPTU no prazo, quais as penalidades? <\/strong><\/h3>\n<p>Haver\u00e1 cobran\u00e7a de multa por m\u00eas de atraso, at\u00e9 o limite de 20%, e juros ao m\u00eas. Sugere-se antecipar as datas de vencimento, evitando imprevistos. Sempre consulte o seu extrato de d\u00e9bitos.<\/p>\n<h3><strong>Como mudar o nome do propriet\u00e1rio do IPTU? <\/strong><\/h3>\n<p>Existem dois processos para a mudan\u00e7a de titularidade, Averba\u00e7\u00e3o com RGI (caso a transfer\u00eancia de titularidade j\u00e1 tenha sido registrada no cart\u00f3rio de im\u00f3veis) ou Averba\u00e7\u00e3o sem RGI (para as situa\u00e7\u00f5es ainda n\u00e3o registradas no cart\u00f3rio de im\u00f3veis). Para mais informa\u00e7\u00f5es acessar a se\u00e7\u00e3o \u201cAbertura e Acompanhamento de Processos\u201d, no portal da Secretaria de Finan\u00e7as. Destaca-se que apenas o primeiro garante a propriedade do im\u00f3vel.<\/p>\n<h3><strong>Posso perder meu im\u00f3vel, caso n\u00e3o pague o IPTU? <\/strong><\/h3>\n<p>Sim, os d\u00e9bitos atrasados do IPTU na Prefeitura de Osasco autorizam a prefeitura a requerer em ju\u00edzo a penhora e venda do im\u00f3vel em leil\u00e3o, para receber o valor do imposto<\/p>\n<h3><strong>Como se calcula o IPTU? <\/strong><\/h3>\n<p>O IPTU \u00e9 calculado pela aplica\u00e7\u00e3o de uma al\u00edquota percentual sobre o valor de mercado do im\u00f3vel. Exemplo: uma casa que vale 200 mil reais tem al\u00edquota de 1% para o IPTU. Ent\u00e3o a base de c\u00e1lculo do imposto s\u00e3o os 200 mil. Pra saber o valor do imposto devido, calcula-se o valor de 1% de 200 mil, que resulta em R$ 2.000,00. Portanto, esta casa deve pagar R$ 2.000,00 reais por ano de IPTU.<\/p>\n","protected":false},"excerpt":{"rendered":"<p>Confira explica\u00e7\u00e3o sobre as principais d\u00favidas e consultas em rela\u00e7\u00e3o ao \u00a0IPTU na Prefeitura Municipal de Osasco. Quem deve pagar o IPTU da Prefeitura de Osasco? A lei considera como contribuinte do IPTU (Imposto Predial e Territorial Urbano) o propriet\u00e1rio do im\u00f3vel. Em alguns casos, o possuidor, mesmo n\u00e3o sendo o propriet\u00e1rio, \u00e9 o contribuinte [&hellip;]<\/p>\n","protected":false},"author":1,"featured_media":0,"parent":0,"menu_order":0,"comment_status":"closed","ping_status":"closed","template":"","meta":{"footnotes":""},"yoast_head":"<!-- This site is optimized with the Yoast SEO plugin v21.5 - https:\/\/yoast.com\/wordpress\/plugins\/seo\/ -->\n<title>IPTU Osasco | Imposto Predial e Territorial Urbano - Prefeitura de Osasco<\/title>\n<meta name=\"description\" content=\"Confira respostas sobre as principais d\u00favidas de IPTU na cidade de Osasco tais como: cadastro, 2\u00ba via, parcelamentos, d\u00edvida ativa, d\u00e9bitos e outros.\" \/>\n<meta name=\"robots\" content=\"index, follow, max-snippet:-1, max-image-preview:large, max-video-preview:-1\" \/>\n<link rel=\"canonical\" href=\"https:\/\/www.encontraosasco.com.br\/prefeitura-de-osasco\/iptu-osasco\/\" \/>\n<meta property=\"og:locale\" content=\"pt_BR\" \/>\n<meta property=\"og:type\" content=\"article\" \/>\n<meta property=\"og:title\" content=\"IPTU Osasco | Imposto Predial e Territorial Urbano - Prefeitura de Osasco\" \/>\n<meta property=\"og:description\" content=\"Confira respostas sobre as principais d\u00favidas de IPTU na cidade de Osasco tais como: cadastro, 2\u00ba via, parcelamentos, d\u00edvida ativa, d\u00e9bitos e outros.\" \/>\n<meta property=\"og:url\" content=\"https:\/\/www.encontraosasco.com.br\/prefeitura-de-osasco\/iptu-osasco\/\" \/>\n<meta property=\"og:site_name\" content=\"Prefeitura de Osasco\" \/>\n<meta property=\"article:modified_time\" content=\"2017-05-30T16:07:03+00:00\" \/>\n<meta property=\"og:image\" content=\"https:\/\/www.encontraosasco.com.br\/prefeitura-de-osasco\/wp-content\/uploads\/2017\/01\/iptu.jpg\" \/>\n<meta name=\"twitter:card\" content=\"summary_large_image\" \/>\n<meta name=\"twitter:label1\" content=\"Est. tempo de leitura\" \/>\n\t<meta name=\"twitter:data1\" content=\"3 minutos\" \/>\n<script type=\"application\/ld+json\" class=\"yoast-schema-graph\">{\"@context\":\"https:\/\/schema.org\",\"@graph\":[{\"@type\":\"WebPage\",\"@id\":\"https:\/\/www.encontraosasco.com.br\/prefeitura-de-osasco\/iptu-osasco\/\",\"url\":\"https:\/\/www.encontraosasco.com.br\/prefeitura-de-osasco\/iptu-osasco\/\",\"name\":\"IPTU Osasco | Imposto Predial e Territorial Urbano - Prefeitura de Osasco\",\"isPartOf\":{\"@id\":\"https:\/\/www.encontraosasco.com.br\/prefeitura-de-osasco\/#website\"},\"datePublished\":\"2016-12-23T18:27:33+00:00\",\"dateModified\":\"2017-05-30T16:07:03+00:00\",\"description\":\"Confira respostas sobre as principais d\u00favidas de IPTU na cidade de Osasco tais como: cadastro, 2\u00ba via, parcelamentos, d\u00edvida ativa, d\u00e9bitos e outros.\",\"breadcrumb\":{\"@id\":\"https:\/\/www.encontraosasco.com.br\/prefeitura-de-osasco\/iptu-osasco\/#breadcrumb\"},\"inLanguage\":\"pt-BR\",\"potentialAction\":[{\"@type\":\"ReadAction\",\"target\":[\"https:\/\/www.encontraosasco.com.br\/prefeitura-de-osasco\/iptu-osasco\/\"]}]},{\"@type\":\"BreadcrumbList\",\"@id\":\"https:\/\/www.encontraosasco.com.br\/prefeitura-de-osasco\/iptu-osasco\/#breadcrumb\",\"itemListElement\":[{\"@type\":\"ListItem\",\"position\":1,\"name\":\"In\u00edcio\",\"item\":\"https:\/\/www.encontraosasco.com.br\/prefeitura-de-osasco\/\"},{\"@type\":\"ListItem\",\"position\":2,\"name\":\"IPTU Osasco\"}]},{\"@type\":\"WebSite\",\"@id\":\"https:\/\/www.encontraosasco.com.br\/prefeitura-de-osasco\/#website\",\"url\":\"https:\/\/www.encontraosasco.com.br\/prefeitura-de-osasco\/\",\"name\":\"Prefeitura de Osasco\",\"description\":\"Prefeitura Municipal de Osasco\",\"potentialAction\":[{\"@type\":\"SearchAction\",\"target\":{\"@type\":\"EntryPoint\",\"urlTemplate\":\"https:\/\/www.encontraosasco.com.br\/prefeitura-de-osasco\/?s={search_term_string}\"},\"query-input\":\"required name=search_term_string\"}],\"inLanguage\":\"pt-BR\"}]}<\/script>\n<!-- \/ Yoast SEO plugin. -->","yoast_head_json":{"title":"IPTU Osasco | Imposto Predial e Territorial Urbano - Prefeitura de Osasco","description":"Confira respostas sobre as principais d\u00favidas de IPTU na cidade de Osasco tais como: cadastro, 2\u00ba via, parcelamentos, d\u00edvida ativa, d\u00e9bitos e outros.","robots":{"index":"index","follow":"follow","max-snippet":"max-snippet:-1","max-image-preview":"max-image-preview:large","max-video-preview":"max-video-preview:-1"},"canonical":"https:\/\/www.encontraosasco.com.br\/prefeitura-de-osasco\/iptu-osasco\/","og_locale":"pt_BR","og_type":"article","og_title":"IPTU Osasco | Imposto Predial e Territorial Urbano - Prefeitura de Osasco","og_description":"Confira respostas sobre as principais d\u00favidas de IPTU na cidade de Osasco tais como: cadastro, 2\u00ba via, parcelamentos, d\u00edvida ativa, d\u00e9bitos e outros.","og_url":"https:\/\/www.encontraosasco.com.br\/prefeitura-de-osasco\/iptu-osasco\/","og_site_name":"Prefeitura de Osasco","article_modified_time":"2017-05-30T16:07:03+00:00","og_image":[{"url":"https:\/\/www.encontraosasco.com.br\/prefeitura-de-osasco\/wp-content\/uploads\/2017\/01\/iptu.jpg"}],"twitter_card":"summary_large_image","twitter_misc":{"Est. tempo de leitura":"3 minutos"},"schema":{"@context":"https:\/\/schema.org","@graph":[{"@type":"WebPage","@id":"https:\/\/www.encontraosasco.com.br\/prefeitura-de-osasco\/iptu-osasco\/","url":"https:\/\/www.encontraosasco.com.br\/prefeitura-de-osasco\/iptu-osasco\/","name":"IPTU Osasco | Imposto Predial e Territorial Urbano - Prefeitura de Osasco","isPartOf":{"@id":"https:\/\/www.encontraosasco.com.br\/prefeitura-de-osasco\/#website"},"datePublished":"2016-12-23T18:27:33+00:00","dateModified":"2017-05-30T16:07:03+00:00","description":"Confira respostas sobre as principais d\u00favidas de IPTU na cidade de Osasco tais como: cadastro, 2\u00ba via, parcelamentos, d\u00edvida ativa, d\u00e9bitos e outros.","breadcrumb":{"@id":"https:\/\/www.encontraosasco.com.br\/prefeitura-de-osasco\/iptu-osasco\/#breadcrumb"},"inLanguage":"pt-BR","potentialAction":[{"@type":"ReadAction","target":["https:\/\/www.encontraosasco.com.br\/prefeitura-de-osasco\/iptu-osasco\/"]}]},{"@type":"BreadcrumbList","@id":"https:\/\/www.encontraosasco.com.br\/prefeitura-de-osasco\/iptu-osasco\/#breadcrumb","itemListElement":[{"@type":"ListItem","position":1,"name":"In\u00edcio","item":"https:\/\/www.encontraosasco.com.br\/prefeitura-de-osasco\/"},{"@type":"ListItem","position":2,"name":"IPTU Osasco"}]},{"@type":"WebSite","@id":"https:\/\/www.encontraosasco.com.br\/prefeitura-de-osasco\/#website","url":"https:\/\/www.encontraosasco.com.br\/prefeitura-de-osasco\/","name":"Prefeitura de Osasco","description":"Prefeitura Municipal de Osasco","potentialAction":[{"@type":"SearchAction","target":{"@type":"EntryPoint","urlTemplate":"https:\/\/www.encontraosasco.com.br\/prefeitura-de-osasco\/?s={search_term_string}"},"query-input":"required name=search_term_string"}],"inLanguage":"pt-BR"}]}},"_links":{"self":[{"href":"https:\/\/www.encontraosasco.com.br\/prefeitura-de-osasco\/wp-json\/wp\/v2\/pages\/14"}],"collection":[{"href":"https:\/\/www.encontraosasco.com.br\/prefeitura-de-osasco\/wp-json\/wp\/v2\/pages"}],"about":[{"href":"https:\/\/www.encontraosasco.com.br\/prefeitura-de-osasco\/wp-json\/wp\/v2\/types\/page"}],"author":[{"embeddable":true,"href":"https:\/\/www.encontraosasco.com.br\/prefeitura-de-osasco\/wp-json\/wp\/v2\/users\/1"}],"replies":[{"embeddable":true,"href":"https:\/\/www.encontraosasco.com.br\/prefeitura-de-osasco\/wp-json\/wp\/v2\/comments?post=14"}],"version-history":[{"count":3,"href":"https:\/\/www.encontraosasco.com.br\/prefeitura-de-osasco\/wp-json\/wp\/v2\/pages\/14\/revisions"}],"predecessor-version":[{"id":621,"href":"https:\/\/www.encontraosasco.com.br\/prefeitura-de-osasco\/wp-json\/wp\/v2\/pages\/14\/revisions\/621"}],"wp:attachment":[{"href":"https:\/\/www.encontraosasco.com.br\/prefeitura-de-osasco\/wp-json\/wp\/v2\/media?parent=14"}],"curies":[{"name":"wp","href":"https:\/\/api.w.org\/{rel}","templated":true}]}}