{"id":259,"date":"2017-01-19T11:41:05","date_gmt":"2017-01-19T13:41:05","guid":{"rendered":"http:\/\/www.encontraosasco.com.br\/prefeitura-de-osasco\/?page_id=259"},"modified":"2017-05-26T10:46:02","modified_gmt":"2017-05-26T13:46:02","slug":"concurso-prefeitura-osasco","status":"publish","type":"page","link":"https:\/\/www.encontraosasco.com.br\/prefeitura-de-osasco\/concurso-prefeitura-osasco\/","title":{"rendered":"Concurso Prefeitura Osasco"},"content":{"rendered":"<p><img decoding=\"async\" loading=\"lazy\" class=\"alignleft wp-image-375 size-full\" src=\"https:\/\/www.encontraosasco.com.br\/prefeitura-de-osasco\/wp-content\/uploads\/2017\/01\/concurso-prefeitura.jpg\" alt=\"Concurso P\u00fablico da Prefeitura Municipal de Osasco\" width=\"315\" height=\"237\" srcset=\"https:\/\/www.encontraosasco.com.br\/prefeitura-de-osasco\/wp-content\/uploads\/2017\/01\/concurso-prefeitura.jpg 315w, https:\/\/www.encontraosasco.com.br\/prefeitura-de-osasco\/wp-content\/uploads\/2017\/01\/concurso-prefeitura-300x226.jpg 300w\" sizes=\"(max-width: 315px) 100vw, 315px\" \/>A Prefeitura do\u00a0Osasco, capital do Pernambuco, realiza periodicamente <em>concursos p\u00fablicos da Prefeitura de Osasco<\/em> com oportunidades para diversos cargos.<\/p>\n<p>O primeiro passo para a abertura \u00e9 divulgado no\u00a0<a href=\"https:\/\/www.encontraosasco.com.br\/prefeitura-de-osasco\/diario-oficial-prefeitura-osasco\/\">Di\u00e1rio Oficial da Prefeitura de Osasco<\/a>, que \u00e9 a constitui\u00e7\u00e3o da comiss\u00e3o do certame. No documento constar\u00e1 as chances de cada setor e a escolaridade exigida de cada pessoa para o <a href=\"https:\/\/www.encontraosasco.com.br\/prefeitura-de-osasco\/concurso-prefeitura-osasco\/\">concurso da prefeitura de Osasco<\/a>.<\/p>\n<p><strong>Nomea\u00e7\u00f5es do concurso da Prefeitura Municipal de Osasco<\/strong><\/p>\n<p>As nomea\u00e7\u00f5es (ingresso de pessoal no servi\u00e7o p\u00fablico municipal) ocorrem por ato do Departamento de Recursos Humanos, de acordo com a necessidade da Administra\u00e7\u00e3o, respeitada a legisla\u00e7\u00e3o vigente, obedecendo rigorosamente a ordem de classifica\u00e7\u00e3o definitiva do concurso.<\/p>\n<p>Os candidatos s\u00e3o informados pelo correio, no endere\u00e7o informado na ficha de inscri\u00e7\u00e3o do concurso p\u00fablico. Contudo, as nomea\u00e7\u00f5es devem ser acompanhadas pelo Di\u00e1rio Oficial da Cidade de Osasco\u00a0&#8211; DOC, que tamb\u00e9m pode ser consultado pela internet.<\/p>\n<p><strong>Dicas<\/strong><\/p>\n<p>Para acompanhar o andamento e obter maiores informa\u00e7\u00f5es sobre vagas, consulte o site da Prefeitura de Osasco com cronogramas e outras especificidades dos concursos p\u00fablicos e processos seletivos que ocorrem.<\/p>\n","protected":false},"excerpt":{"rendered":"<p>A Prefeitura do\u00a0Osasco, capital do Pernambuco, realiza periodicamente concursos p\u00fablicos da Prefeitura de Osasco com oportunidades para diversos cargos. O primeiro passo para a abertura \u00e9 divulgado no\u00a0Di\u00e1rio Oficial da Prefeitura de Osasco, que \u00e9 a constitui\u00e7\u00e3o da comiss\u00e3o do certame. No documento constar\u00e1 as chances de cada setor e a escolaridade exigida de cada [&hellip;]<\/p>\n","protected":false},"author":1,"featured_media":0,"parent":0,"menu_order":0,"comment_status":"closed","ping_status":"closed","template":"","meta":{"footnotes":""},"yoast_head":"<!-- This site is optimized with the Yoast SEO plugin v21.5 - https:\/\/yoast.com\/wordpress\/plugins\/seo\/ -->\n<title>Concursos - Informa\u00e7\u00f5es e Vagas - Prefeitura de Osasco<\/title>\n<meta name=\"description\" content=\"Confira informa\u00e7\u00f5es sobre a abertura de concursos, resultados e aprova\u00e7\u00f5es nos concursos p\u00fablicos da Prefeitura Municipal de Osasco\" \/>\n<meta name=\"robots\" content=\"index, follow, max-snippet:-1, max-image-preview:large, max-video-preview:-1\" \/>\n<link rel=\"canonical\" href=\"https:\/\/www.encontraosasco.com.br\/prefeitura-de-osasco\/concurso-prefeitura-osasco\/\" \/>\n<meta property=\"og:locale\" content=\"pt_BR\" \/>\n<meta property=\"og:type\" content=\"article\" \/>\n<meta property=\"og:title\" content=\"Concursos - Informa\u00e7\u00f5es e Vagas - Prefeitura de Osasco\" \/>\n<meta property=\"og:description\" content=\"Confira informa\u00e7\u00f5es sobre a abertura de concursos, resultados e aprova\u00e7\u00f5es nos concursos p\u00fablicos da Prefeitura Municipal de Osasco\" \/>\n<meta property=\"og:url\" content=\"https:\/\/www.encontraosasco.com.br\/prefeitura-de-osasco\/concurso-prefeitura-osasco\/\" \/>\n<meta property=\"og:site_name\" content=\"Prefeitura de Osasco\" \/>\n<meta property=\"article:modified_time\" content=\"2017-05-26T13:46:02+00:00\" \/>\n<meta property=\"og:image\" content=\"https:\/\/www.encontraosasco.com.br\/prefeitura-de-osasco\/wp-content\/uploads\/2017\/01\/concurso-prefeitura.jpg\" \/>\n<meta name=\"twitter:card\" content=\"summary_large_image\" \/>\n<meta name=\"twitter:label1\" content=\"Est. tempo de leitura\" \/>\n\t<meta name=\"twitter:data1\" content=\"1 minuto\" \/>\n<script type=\"application\/ld+json\" class=\"yoast-schema-graph\">{\"@context\":\"https:\/\/schema.org\",\"@graph\":[{\"@type\":\"WebPage\",\"@id\":\"https:\/\/www.encontraosasco.com.br\/prefeitura-de-osasco\/concurso-prefeitura-osasco\/\",\"url\":\"https:\/\/www.encontraosasco.com.br\/prefeitura-de-osasco\/concurso-prefeitura-osasco\/\",\"name\":\"Concursos - Informa\u00e7\u00f5es e Vagas - Prefeitura de Osasco\",\"isPartOf\":{\"@id\":\"https:\/\/www.encontraosasco.com.br\/prefeitura-de-osasco\/#website\"},\"datePublished\":\"2017-01-19T13:41:05+00:00\",\"dateModified\":\"2017-05-26T13:46:02+00:00\",\"description\":\"Confira informa\u00e7\u00f5es sobre a abertura de concursos, resultados e aprova\u00e7\u00f5es nos concursos p\u00fablicos da Prefeitura Municipal de Osasco\",\"breadcrumb\":{\"@id\":\"https:\/\/www.encontraosasco.com.br\/prefeitura-de-osasco\/concurso-prefeitura-osasco\/#breadcrumb\"},\"inLanguage\":\"pt-BR\",\"potentialAction\":[{\"@type\":\"ReadAction\",\"target\":[\"https:\/\/www.encontraosasco.com.br\/prefeitura-de-osasco\/concurso-prefeitura-osasco\/\"]}]},{\"@type\":\"BreadcrumbList\",\"@id\":\"https:\/\/www.encontraosasco.com.br\/prefeitura-de-osasco\/concurso-prefeitura-osasco\/#breadcrumb\",\"itemListElement\":[{\"@type\":\"ListItem\",\"position\":1,\"name\":\"In\u00edcio\",\"item\":\"https:\/\/www.encontraosasco.com.br\/prefeitura-de-osasco\/\"},{\"@type\":\"ListItem\",\"position\":2,\"name\":\"Concurso Prefeitura Osasco\"}]},{\"@type\":\"WebSite\",\"@id\":\"https:\/\/www.encontraosasco.com.br\/prefeitura-de-osasco\/#website\",\"url\":\"https:\/\/www.encontraosasco.com.br\/prefeitura-de-osasco\/\",\"name\":\"Prefeitura de Osasco\",\"description\":\"Prefeitura Municipal de Osasco\",\"potentialAction\":[{\"@type\":\"SearchAction\",\"target\":{\"@type\":\"EntryPoint\",\"urlTemplate\":\"https:\/\/www.encontraosasco.com.br\/prefeitura-de-osasco\/?s={search_term_string}\"},\"query-input\":\"required name=search_term_string\"}],\"inLanguage\":\"pt-BR\"}]}<\/script>\n<!-- \/ Yoast SEO plugin. -->","yoast_head_json":{"title":"Concursos - Informa\u00e7\u00f5es e Vagas - Prefeitura de Osasco","description":"Confira informa\u00e7\u00f5es sobre a abertura de concursos, resultados e aprova\u00e7\u00f5es nos concursos p\u00fablicos da Prefeitura Municipal de Osasco","robots":{"index":"index","follow":"follow","max-snippet":"max-snippet:-1","max-image-preview":"max-image-preview:large","max-video-preview":"max-video-preview:-1"},"canonical":"https:\/\/www.encontraosasco.com.br\/prefeitura-de-osasco\/concurso-prefeitura-osasco\/","og_locale":"pt_BR","og_type":"article","og_title":"Concursos - Informa\u00e7\u00f5es e Vagas - Prefeitura de Osasco","og_description":"Confira informa\u00e7\u00f5es sobre a abertura de concursos, resultados e aprova\u00e7\u00f5es nos concursos p\u00fablicos da Prefeitura Municipal de Osasco","og_url":"https:\/\/www.encontraosasco.com.br\/prefeitura-de-osasco\/concurso-prefeitura-osasco\/","og_site_name":"Prefeitura de Osasco","article_modified_time":"2017-05-26T13:46:02+00:00","og_image":[{"url":"https:\/\/www.encontraosasco.com.br\/prefeitura-de-osasco\/wp-content\/uploads\/2017\/01\/concurso-prefeitura.jpg"}],"twitter_card":"summary_large_image","twitter_misc":{"Est. tempo de leitura":"1 minuto"},"schema":{"@context":"https:\/\/schema.org","@graph":[{"@type":"WebPage","@id":"https:\/\/www.encontraosasco.com.br\/prefeitura-de-osasco\/concurso-prefeitura-osasco\/","url":"https:\/\/www.encontraosasco.com.br\/prefeitura-de-osasco\/concurso-prefeitura-osasco\/","name":"Concursos - Informa\u00e7\u00f5es e Vagas - Prefeitura de Osasco","isPartOf":{"@id":"https:\/\/www.encontraosasco.com.br\/prefeitura-de-osasco\/#website"},"datePublished":"2017-01-19T13:41:05+00:00","dateModified":"2017-05-26T13:46:02+00:00","description":"Confira informa\u00e7\u00f5es sobre a abertura de concursos, resultados e aprova\u00e7\u00f5es nos concursos p\u00fablicos da Prefeitura Municipal de Osasco","breadcrumb":{"@id":"https:\/\/www.encontraosasco.com.br\/prefeitura-de-osasco\/concurso-prefeitura-osasco\/#breadcrumb"},"inLanguage":"pt-BR","potentialAction":[{"@type":"ReadAction","target":["https:\/\/www.encontraosasco.com.br\/prefeitura-de-osasco\/concurso-prefeitura-osasco\/"]}]},{"@type":"BreadcrumbList","@id":"https:\/\/www.encontraosasco.com.br\/prefeitura-de-osasco\/concurso-prefeitura-osasco\/#breadcrumb","itemListElement":[{"@type":"ListItem","position":1,"name":"In\u00edcio","item":"https:\/\/www.encontraosasco.com.br\/prefeitura-de-osasco\/"},{"@type":"ListItem","position":2,"name":"Concurso Prefeitura Osasco"}]},{"@type":"WebSite","@id":"https:\/\/www.encontraosasco.com.br\/prefeitura-de-osasco\/#website","url":"https:\/\/www.encontraosasco.com.br\/prefeitura-de-osasco\/","name":"Prefeitura de Osasco","description":"Prefeitura Municipal de Osasco","potentialAction":[{"@type":"SearchAction","target":{"@type":"EntryPoint","urlTemplate":"https:\/\/www.encontraosasco.com.br\/prefeitura-de-osasco\/?s={search_term_string}"},"query-input":"required name=search_term_string"}],"inLanguage":"pt-BR"}]}},"_links":{"self":[{"href":"https:\/\/www.encontraosasco.com.br\/prefeitura-de-osasco\/wp-json\/wp\/v2\/pages\/259"}],"collection":[{"href":"https:\/\/www.encontraosasco.com.br\/prefeitura-de-osasco\/wp-json\/wp\/v2\/pages"}],"about":[{"href":"https:\/\/www.encontraosasco.com.br\/prefeitura-de-osasco\/wp-json\/wp\/v2\/types\/page"}],"author":[{"embeddable":true,"href":"https:\/\/www.encontraosasco.com.br\/prefeitura-de-osasco\/wp-json\/wp\/v2\/users\/1"}],"replies":[{"embeddable":true,"href":"https:\/\/www.encontraosasco.com.br\/prefeitura-de-osasco\/wp-json\/wp\/v2\/comments?post=259"}],"version-history":[{"count":3,"href":"https:\/\/www.encontraosasco.com.br\/prefeitura-de-osasco\/wp-json\/wp\/v2\/pages\/259\/revisions"}],"predecessor-version":[{"id":612,"href":"https:\/\/www.encontraosasco.com.br\/prefeitura-de-osasco\/wp-json\/wp\/v2\/pages\/259\/revisions\/612"}],"wp:attachment":[{"href":"https:\/\/www.encontraosasco.com.br\/prefeitura-de-osasco\/wp-json\/wp\/v2\/media?parent=259"}],"curies":[{"name":"wp","href":"https:\/\/api.w.org\/{rel}","templated":true}]}}