{"id":540,"date":"2017-02-02T10:38:27","date_gmt":"2017-02-02T12:38:27","guid":{"rendered":"http:\/\/www.encontraosasco.com.br\/prefeitura-de-osasco\/?page_id=540"},"modified":"2017-05-26T10:45:42","modified_gmt":"2017-05-26T13:45:42","slug":"cnd-prefeitura-de-osasco","status":"publish","type":"page","link":"https:\/\/www.encontraosasco.com.br\/prefeitura-de-osasco\/cnd-prefeitura-de-osasco\/","title":{"rendered":"CND Prefeitura de Osasco"},"content":{"rendered":"<h2><strong>O que \u00e9 CND Prefeitura de Osasco?<\/strong><\/h2>\n<p>CND\u00a0\u00e9 a\u00a0<em>Certid\u00e3o Negativa de D\u00e9bitos<\/em>.<\/p>\n<h3><strong>Como fa\u00e7o para emitir a CND da\u00a0Prefeitura Municipal de Osasco?<\/strong><\/h3>\n<p>\u00c9 poss\u00edvel emitir uma <em>CND no portal da Prefeitura de Osasco &#8211; SP<\/em>.\u00a0A Prefeitura disponibiliza aos seus mun\u00edcipes um portal especifico para Emiss\u00e3o de Certid\u00f5es.<\/p>\n<p><img decoding=\"async\" loading=\"lazy\" class=\"alignleft wp-image-604\" src=\"https:\/\/www.prefeituradepalmas.com.br\/wp-content\/uploads\/2017\/01\/cnd-1.jpg\" sizes=\"(max-width: 270px) 100vw, 270px\" width=\"270\" height=\"87\" \/>Nele \u00e9 poss\u00edvel emitir Certid\u00e3o Negativa de Pessoa \u2013 <strong>CND da Prefeitura Municipal de Osasco <\/strong>e tamb\u00e9m <a href=\"https:\/\/www.encontraosasco.com.br\/prefeitura-de-osasco\/cnd-prefeitura-de-osasco\/\">CND \u2013 Certid\u00e3o Negativa de D\u00e9bitos da Prefeitura de Osasco<\/a>.<\/p>\n<p>Al\u00e9m dessas duas certid\u00f5es especificas tamb\u00e9m \u00e9 poss\u00edvel emitir diversas outras certid\u00f5es.<\/p>\n<p>Confira abaixo a lista dos servi\u00e7os dispon\u00edveis:<\/p>\n<ul>\n<li>Certid\u00e3o de Valor Venal<\/li>\n<li>Certid\u00e3o de Ano e \u00c1rea para Fins de Registro de INSS<\/li>\n<li>Certid\u00e3o de Confronta\u00e7\u00f5es<\/li>\n<li>Certid\u00e3o de Decad\u00eancia<\/li>\n<li>Certid\u00e3o de Lan\u00e7amento<\/li>\n<li>Certid\u00e3o de Quita\u00e7\u00e3o de DAM<\/li>\n<li>Valida\u00e7\u00e3o de Outras Certid\u00f5es.<\/li>\n<\/ul>\n","protected":false},"excerpt":{"rendered":"<p>O que \u00e9 CND Prefeitura de Osasco? CND\u00a0\u00e9 a\u00a0Certid\u00e3o Negativa de D\u00e9bitos. Como fa\u00e7o para emitir a CND da\u00a0Prefeitura Municipal de Osasco? \u00c9 poss\u00edvel emitir uma CND no portal da Prefeitura de Osasco &#8211; SP.\u00a0A Prefeitura disponibiliza aos seus mun\u00edcipes um portal especifico para Emiss\u00e3o de Certid\u00f5es. Nele \u00e9 poss\u00edvel emitir Certid\u00e3o Negativa de Pessoa [&hellip;]<\/p>\n","protected":false},"author":1,"featured_media":0,"parent":0,"menu_order":0,"comment_status":"closed","ping_status":"closed","template":"","meta":{"footnotes":""},"yoast_head":"<!-- This site is optimized with the Yoast SEO plugin v21.5 - https:\/\/yoast.com\/wordpress\/plugins\/seo\/ -->\n<title>Certid\u00e3o Negativa de D\u00e9bitos - CND - Prefeitura de Osasco - SP<\/title>\n<meta name=\"description\" content=\"Confira informa\u00e7\u00f5es sobre o Certid\u00e3o Negativa de D\u00e9bitos (CND) - pessoa jur\u00eddica, pessoa f\u00edsica e etc - na Prefeitura Municipal de Osasco - SP\" \/>\n<meta name=\"robots\" content=\"index, follow, max-snippet:-1, max-image-preview:large, max-video-preview:-1\" \/>\n<link rel=\"canonical\" href=\"https:\/\/www.encontraosasco.com.br\/prefeitura-de-osasco\/cnd-prefeitura-de-osasco\/\" \/>\n<meta property=\"og:locale\" content=\"pt_BR\" \/>\n<meta property=\"og:type\" content=\"article\" \/>\n<meta property=\"og:title\" content=\"Certid\u00e3o Negativa de D\u00e9bitos - CND - Prefeitura de Osasco - SP\" \/>\n<meta property=\"og:description\" content=\"Confira informa\u00e7\u00f5es sobre o Certid\u00e3o Negativa de D\u00e9bitos (CND) - pessoa jur\u00eddica, pessoa f\u00edsica e etc - na Prefeitura Municipal de Osasco - SP\" \/>\n<meta property=\"og:url\" content=\"https:\/\/www.encontraosasco.com.br\/prefeitura-de-osasco\/cnd-prefeitura-de-osasco\/\" \/>\n<meta property=\"og:site_name\" content=\"Prefeitura de Osasco\" \/>\n<meta property=\"article:modified_time\" content=\"2017-05-26T13:45:42+00:00\" \/>\n<meta property=\"og:image\" content=\"https:\/\/www.prefeituradepalmas.com.br\/wp-content\/uploads\/2017\/01\/cnd-1.jpg\" \/>\n<meta name=\"twitter:card\" content=\"summary_large_image\" \/>\n<meta name=\"twitter:label1\" content=\"Est. tempo de leitura\" \/>\n\t<meta name=\"twitter:data1\" content=\"1 minuto\" \/>\n<script type=\"application\/ld+json\" class=\"yoast-schema-graph\">{\"@context\":\"https:\/\/schema.org\",\"@graph\":[{\"@type\":\"WebPage\",\"@id\":\"https:\/\/www.encontraosasco.com.br\/prefeitura-de-osasco\/cnd-prefeitura-de-osasco\/\",\"url\":\"https:\/\/www.encontraosasco.com.br\/prefeitura-de-osasco\/cnd-prefeitura-de-osasco\/\",\"name\":\"Certid\u00e3o Negativa de D\u00e9bitos - CND - Prefeitura de Osasco - SP\",\"isPartOf\":{\"@id\":\"https:\/\/www.encontraosasco.com.br\/prefeitura-de-osasco\/#website\"},\"datePublished\":\"2017-02-02T12:38:27+00:00\",\"dateModified\":\"2017-05-26T13:45:42+00:00\",\"description\":\"Confira informa\u00e7\u00f5es sobre o Certid\u00e3o Negativa de D\u00e9bitos (CND) - pessoa jur\u00eddica, pessoa f\u00edsica e etc - na Prefeitura Municipal de Osasco - SP\",\"breadcrumb\":{\"@id\":\"https:\/\/www.encontraosasco.com.br\/prefeitura-de-osasco\/cnd-prefeitura-de-osasco\/#breadcrumb\"},\"inLanguage\":\"pt-BR\",\"potentialAction\":[{\"@type\":\"ReadAction\",\"target\":[\"https:\/\/www.encontraosasco.com.br\/prefeitura-de-osasco\/cnd-prefeitura-de-osasco\/\"]}]},{\"@type\":\"BreadcrumbList\",\"@id\":\"https:\/\/www.encontraosasco.com.br\/prefeitura-de-osasco\/cnd-prefeitura-de-osasco\/#breadcrumb\",\"itemListElement\":[{\"@type\":\"ListItem\",\"position\":1,\"name\":\"In\u00edcio\",\"item\":\"https:\/\/www.encontraosasco.com.br\/prefeitura-de-osasco\/\"},{\"@type\":\"ListItem\",\"position\":2,\"name\":\"CND Prefeitura de Osasco\"}]},{\"@type\":\"WebSite\",\"@id\":\"https:\/\/www.encontraosasco.com.br\/prefeitura-de-osasco\/#website\",\"url\":\"https:\/\/www.encontraosasco.com.br\/prefeitura-de-osasco\/\",\"name\":\"Prefeitura de Osasco\",\"description\":\"Prefeitura Municipal de Osasco\",\"potentialAction\":[{\"@type\":\"SearchAction\",\"target\":{\"@type\":\"EntryPoint\",\"urlTemplate\":\"https:\/\/www.encontraosasco.com.br\/prefeitura-de-osasco\/?s={search_term_string}\"},\"query-input\":\"required name=search_term_string\"}],\"inLanguage\":\"pt-BR\"}]}<\/script>\n<!-- \/ Yoast SEO plugin. -->","yoast_head_json":{"title":"Certid\u00e3o Negativa de D\u00e9bitos - CND - Prefeitura de Osasco - SP","description":"Confira informa\u00e7\u00f5es sobre o Certid\u00e3o Negativa de D\u00e9bitos (CND) - pessoa jur\u00eddica, pessoa f\u00edsica e etc - na Prefeitura Municipal de Osasco - SP","robots":{"index":"index","follow":"follow","max-snippet":"max-snippet:-1","max-image-preview":"max-image-preview:large","max-video-preview":"max-video-preview:-1"},"canonical":"https:\/\/www.encontraosasco.com.br\/prefeitura-de-osasco\/cnd-prefeitura-de-osasco\/","og_locale":"pt_BR","og_type":"article","og_title":"Certid\u00e3o Negativa de D\u00e9bitos - CND - Prefeitura de Osasco - SP","og_description":"Confira informa\u00e7\u00f5es sobre o Certid\u00e3o Negativa de D\u00e9bitos (CND) - pessoa jur\u00eddica, pessoa f\u00edsica e etc - na Prefeitura Municipal de Osasco - SP","og_url":"https:\/\/www.encontraosasco.com.br\/prefeitura-de-osasco\/cnd-prefeitura-de-osasco\/","og_site_name":"Prefeitura de Osasco","article_modified_time":"2017-05-26T13:45:42+00:00","og_image":[{"url":"https:\/\/www.prefeituradepalmas.com.br\/wp-content\/uploads\/2017\/01\/cnd-1.jpg"}],"twitter_card":"summary_large_image","twitter_misc":{"Est. tempo de leitura":"1 minuto"},"schema":{"@context":"https:\/\/schema.org","@graph":[{"@type":"WebPage","@id":"https:\/\/www.encontraosasco.com.br\/prefeitura-de-osasco\/cnd-prefeitura-de-osasco\/","url":"https:\/\/www.encontraosasco.com.br\/prefeitura-de-osasco\/cnd-prefeitura-de-osasco\/","name":"Certid\u00e3o Negativa de D\u00e9bitos - CND - Prefeitura de Osasco - SP","isPartOf":{"@id":"https:\/\/www.encontraosasco.com.br\/prefeitura-de-osasco\/#website"},"datePublished":"2017-02-02T12:38:27+00:00","dateModified":"2017-05-26T13:45:42+00:00","description":"Confira informa\u00e7\u00f5es sobre o Certid\u00e3o Negativa de D\u00e9bitos (CND) - pessoa jur\u00eddica, pessoa f\u00edsica e etc - na Prefeitura Municipal de Osasco - SP","breadcrumb":{"@id":"https:\/\/www.encontraosasco.com.br\/prefeitura-de-osasco\/cnd-prefeitura-de-osasco\/#breadcrumb"},"inLanguage":"pt-BR","potentialAction":[{"@type":"ReadAction","target":["https:\/\/www.encontraosasco.com.br\/prefeitura-de-osasco\/cnd-prefeitura-de-osasco\/"]}]},{"@type":"BreadcrumbList","@id":"https:\/\/www.encontraosasco.com.br\/prefeitura-de-osasco\/cnd-prefeitura-de-osasco\/#breadcrumb","itemListElement":[{"@type":"ListItem","position":1,"name":"In\u00edcio","item":"https:\/\/www.encontraosasco.com.br\/prefeitura-de-osasco\/"},{"@type":"ListItem","position":2,"name":"CND Prefeitura de Osasco"}]},{"@type":"WebSite","@id":"https:\/\/www.encontraosasco.com.br\/prefeitura-de-osasco\/#website","url":"https:\/\/www.encontraosasco.com.br\/prefeitura-de-osasco\/","name":"Prefeitura de Osasco","description":"Prefeitura Municipal de Osasco","potentialAction":[{"@type":"SearchAction","target":{"@type":"EntryPoint","urlTemplate":"https:\/\/www.encontraosasco.com.br\/prefeitura-de-osasco\/?s={search_term_string}"},"query-input":"required name=search_term_string"}],"inLanguage":"pt-BR"}]}},"_links":{"self":[{"href":"https:\/\/www.encontraosasco.com.br\/prefeitura-de-osasco\/wp-json\/wp\/v2\/pages\/540"}],"collection":[{"href":"https:\/\/www.encontraosasco.com.br\/prefeitura-de-osasco\/wp-json\/wp\/v2\/pages"}],"about":[{"href":"https:\/\/www.encontraosasco.com.br\/prefeitura-de-osasco\/wp-json\/wp\/v2\/types\/page"}],"author":[{"embeddable":true,"href":"https:\/\/www.encontraosasco.com.br\/prefeitura-de-osasco\/wp-json\/wp\/v2\/users\/1"}],"replies":[{"embeddable":true,"href":"https:\/\/www.encontraosasco.com.br\/prefeitura-de-osasco\/wp-json\/wp\/v2\/comments?post=540"}],"version-history":[{"count":3,"href":"https:\/\/www.encontraosasco.com.br\/prefeitura-de-osasco\/wp-json\/wp\/v2\/pages\/540\/revisions"}],"predecessor-version":[{"id":610,"href":"https:\/\/www.encontraosasco.com.br\/prefeitura-de-osasco\/wp-json\/wp\/v2\/pages\/540\/revisions\/610"}],"wp:attachment":[{"href":"https:\/\/www.encontraosasco.com.br\/prefeitura-de-osasco\/wp-json\/wp\/v2\/media?parent=540"}],"curies":[{"name":"wp","href":"https:\/\/api.w.org\/{rel}","templated":true}]}}