{"id":94,"date":"2017-01-02T16:47:37","date_gmt":"2017-01-02T18:47:37","guid":{"rendered":"http:\/\/www.encontraosasco.com.br\/prefeitura-de-osasco\/?page_id=94"},"modified":"2017-09-21T10:06:53","modified_gmt":"2017-09-21T13:06:53","slug":"centro-de-atendimento-ao-turista-em-osasco","status":"publish","type":"page","link":"https:\/\/www.encontraosasco.com.br\/prefeitura-de-osasco\/centro-de-atendimento-ao-turista-em-osasco\/","title":{"rendered":"Centro de Atendimento ao Turista em Osasco"},"content":{"rendered":"<p><strong>Bem-Vindo: <\/strong> Informa\u00e7\u00f5es sobre a cultura, hist\u00f3ria, gastronomia e turismo na cidade de Osasco. <!--more--><\/p>\n<p>Osasco \u00e9 um munic\u00edpio brasileiro localizado na Zona Oeste da Regi\u00e3o Metropolitana de S\u00e3o Paulo, em conformidade com a lei estadual n\u00ba 1.139, de 16 de junho de 2011[9] e, consequentemente, com o Plano de Desenvolvimento Urbano Integrado da Regi\u00e3o Metropolitana de S\u00e3o Paulo (PDUI)<\/p>\n<p>Criado como um bairro da capital paulista no final do s\u00e9culo XIX, tornou-se munic\u00edpio emancipado, ap\u00f3s um plebiscito em 1962. Possui importante atividade econ\u00f4mica nos setores industrial, comercial e de servi\u00e7os, com 696 382 habitantes, \u00e9 o 6\u00b0 mais populoso do estado de S\u00e3o Paulo, segundo estimativa populacional calculado pelo IBGE para 2016.<\/p>\n<blockquote><p><img decoding=\"async\" loading=\"lazy\" class=\"alignleft wp-image-604\" src=\"https:\/\/www.encontraosasco.com.br\/prefeitura-de-osasco\/wp-content\/uploads\/2017\/01\/osasco.jpg\" alt=\"\" width=\"575\" height=\"381\" srcset=\"https:\/\/www.encontraosasco.com.br\/prefeitura-de-osasco\/wp-content\/uploads\/2017\/01\/osasco.jpg 2048w, https:\/\/www.encontraosasco.com.br\/prefeitura-de-osasco\/wp-content\/uploads\/2017\/01\/osasco-300x199.jpg 300w, https:\/\/www.encontraosasco.com.br\/prefeitura-de-osasco\/wp-content\/uploads\/2017\/01\/osasco-768x509.jpg 768w, https:\/\/www.encontraosasco.com.br\/prefeitura-de-osasco\/wp-content\/uploads\/2017\/01\/osasco-1024x679.jpg 1024w\" sizes=\"(max-width: 575px) 100vw, 575px\" \/>Ainda de acordo com o mesmo censo, em 2014, Osasco possui o 8\u00ba maior Produto Interno Bruto do Brasil, e o 2\u00ba maior do Estado de S\u00e3o Paulo, ficando na frente de muitas capitais estaduais brasileiras, como Salvador, Fortaleza e Recife, sendo a cidade n\u00e3o capital com o mais alto PIB da na\u00e7\u00e3o naquele ano.<\/p>\n<p>Criado como um bairro da capital paulista no final do s\u00e9culo XIX, tornou-se munic\u00edpio emancipado, ap\u00f3s um plebiscito em 1962. Possui importante atividade econ\u00f4mica nos setores industrial, comercial e de servi\u00e7os, com 696 382 habitantes, \u00e9 o 6\u00b0 mais populoso do estado de S\u00e3o Paulo, segundo estimativa populacional calculado pelo IBGE para 2016. Ainda de acordo com o mesmo censo, em 2014, Osasco possui o 8\u00ba maior Produto Interno Bruto do Brasil, e o 2\u00ba maior do Estado de S\u00e3o Paulo, ficando na frente de muitas capitais estaduais brasileiras, como Salvador, Fortaleza e Recife, sendo a cidade n\u00e3o capital com o mais alto PIB da na\u00e7\u00e3o naquele ano.<\/p>\n<p>Fundado pelo imigrante italiano e empreendedor Antonio Ag\u00f9, Osasco representa uma grande influ\u00eancia hist\u00f3rica. O primeiro voo da Am\u00e9rica Latina aconteceu no munic\u00edpio, em 7 de janeiro de 1910 pelo engenheiro espanhol Dimitri Sensaud de Lavaud. Atualmente, encontra-se na cidade o Museu Dimitri Sensaud de Lavaud, que leva o nome do engenheiro, mas tamb\u00e9m \u00e9 conhecido como Chal\u00e9 Br\u00edcola, onde se encontra documentos, fotos, objetos e obras de arte, que contam um pouco da mem\u00f3ria da cidade. O lema da cidade, \u00e9 &#8220;Urbs labor&#8221;, frase latina que significa &#8220;Cidade trabalho&#8221;. Tem como padroeiro Santo Ant\u00f4nio, sendo que no dia do santo 13 de junho \u00e9 feriado municipal.<\/p>\n<p>O principal cart\u00e3o-postal do munic\u00edpio \u00e9 o Viaduto Reinaldo de Oliveira, mais conhecido como &#8220;Ponte Met\u00e1lica&#8221;, possui 300 metros de extens\u00e3o e foi constru\u00edda em 20 de dezembro de 1992. No dia 28 de mar\u00e7o, no &#8220;Hora do Planeta&#8221;, a Secretaria do Meio Ambiente apaga as luzes do Viaduto Met\u00e1lico por uma hora. Na \u00e9poca de natal, a prefeitura enfeita o viaduto e a Avenida Bussocaba, atraindo pessoas de outras regi\u00f5es, como Cotia, Barueri, Carapicu\u00edba, e inclusive habitantes de S\u00e3o Paulo,que moram perto da regi\u00e3o de Osasco.<\/p>\n<p>Entretanto, a cidade enfrenta diversos problemas, como sa\u00fade, seguran\u00e7a, transporte coletivo e principalmente enchentes, muitas ruas sofrem alagamento quando chove intensamente. O bairro mais afetado \u00e9 o Rochdalle, que sofre com esse inconveniente h\u00e1 muitos anos. O sistema em uso hoje coleta a \u00e1gua para depois envi\u00e1-la aos bueiros, isso n\u00e3o se mostra mais suficiente para conter o volume das \u00e1guas. \u00c9 mais comum esse problema aparecer entre novembro e mar\u00e7o, quando as \u00e1guas das chuvas s\u00e3o mais intensas. Atualmente o combate \u00e0s enchentes \u00e9 feito com obras como canaliza\u00e7\u00e3o do C\u00f3rrego Baronesa, duplica\u00e7\u00e3o da Avenida Nova Granada, na zona Sul, cuja obra envolve a canaliza\u00e7\u00e3o do c\u00f3rrego Jo\u00e3o Alves.<\/p>\n<p>Milhares de <a href=\"https:\/\/www.encontraosasco.com.br\/prefeitura-de-osasco\/turista\/\">turistas visitam Osasco<\/a> todos os anos.<\/p><\/blockquote>\n","protected":false},"excerpt":{"rendered":"<p>Bem-Vindo: Informa\u00e7\u00f5es sobre a cultura, hist\u00f3ria, gastronomia e turismo na cidade de Osasco.<\/p>\n","protected":false},"author":1,"featured_media":0,"parent":0,"menu_order":0,"comment_status":"closed","ping_status":"closed","template":"","meta":{"footnotes":""},"yoast_head":"<!-- This site is optimized with the Yoast SEO plugin v21.5 - https:\/\/yoast.com\/wordpress\/plugins\/seo\/ -->\n<title>Centro de Atendimento ao Turista - Prefeitura Municipal de Osasco - SP<\/title>\n<meta name=\"description\" content=\"Quer conhecer a cidade de Osasco? Confira informa\u00e7\u00f5es sobre eventos, calend\u00e1rio, atra\u00e7\u00f5es, guias, turismo e tudo que voc\u00ea precisa saber de Osasco\" \/>\n<meta name=\"robots\" content=\"index, follow, max-snippet:-1, max-image-preview:large, max-video-preview:-1\" \/>\n<link rel=\"canonical\" href=\"https:\/\/www.encontraosasco.com.br\/prefeitura-de-osasco\/centro-de-atendimento-ao-turista-em-osasco\/\" \/>\n<meta property=\"og:locale\" content=\"pt_BR\" \/>\n<meta property=\"og:type\" content=\"article\" \/>\n<meta property=\"og:title\" content=\"Centro de Atendimento ao Turista - Prefeitura Municipal de Osasco - SP\" \/>\n<meta property=\"og:description\" content=\"Quer conhecer a cidade de Osasco? Confira informa\u00e7\u00f5es sobre eventos, calend\u00e1rio, atra\u00e7\u00f5es, guias, turismo e tudo que voc\u00ea precisa saber de Osasco\" \/>\n<meta property=\"og:url\" content=\"https:\/\/www.encontraosasco.com.br\/prefeitura-de-osasco\/centro-de-atendimento-ao-turista-em-osasco\/\" \/>\n<meta property=\"og:site_name\" content=\"Prefeitura de Osasco\" \/>\n<meta property=\"article:modified_time\" content=\"2017-09-21T13:06:53+00:00\" \/>\n<meta property=\"og:image\" content=\"https:\/\/www.encontraosasco.com.br\/prefeitura-de-osasco\/wp-content\/uploads\/2017\/01\/osasco.jpg\" \/>\n<meta name=\"twitter:card\" content=\"summary_large_image\" \/>\n<meta name=\"twitter:label1\" content=\"Est. tempo de leitura\" \/>\n\t<meta name=\"twitter:data1\" content=\"3 minutos\" \/>\n<script type=\"application\/ld+json\" class=\"yoast-schema-graph\">{\"@context\":\"https:\/\/schema.org\",\"@graph\":[{\"@type\":\"WebPage\",\"@id\":\"https:\/\/www.encontraosasco.com.br\/prefeitura-de-osasco\/centro-de-atendimento-ao-turista-em-osasco\/\",\"url\":\"https:\/\/www.encontraosasco.com.br\/prefeitura-de-osasco\/centro-de-atendimento-ao-turista-em-osasco\/\",\"name\":\"Centro de Atendimento ao Turista - Prefeitura Municipal de Osasco - SP\",\"isPartOf\":{\"@id\":\"https:\/\/www.encontraosasco.com.br\/prefeitura-de-osasco\/#website\"},\"datePublished\":\"2017-01-02T18:47:37+00:00\",\"dateModified\":\"2017-09-21T13:06:53+00:00\",\"description\":\"Quer conhecer a cidade de Osasco? Confira informa\u00e7\u00f5es sobre eventos, calend\u00e1rio, atra\u00e7\u00f5es, guias, turismo e tudo que voc\u00ea precisa saber de Osasco\",\"breadcrumb\":{\"@id\":\"https:\/\/www.encontraosasco.com.br\/prefeitura-de-osasco\/centro-de-atendimento-ao-turista-em-osasco\/#breadcrumb\"},\"inLanguage\":\"pt-BR\",\"potentialAction\":[{\"@type\":\"ReadAction\",\"target\":[\"https:\/\/www.encontraosasco.com.br\/prefeitura-de-osasco\/centro-de-atendimento-ao-turista-em-osasco\/\"]}]},{\"@type\":\"BreadcrumbList\",\"@id\":\"https:\/\/www.encontraosasco.com.br\/prefeitura-de-osasco\/centro-de-atendimento-ao-turista-em-osasco\/#breadcrumb\",\"itemListElement\":[{\"@type\":\"ListItem\",\"position\":1,\"name\":\"In\u00edcio\",\"item\":\"https:\/\/www.encontraosasco.com.br\/prefeitura-de-osasco\/\"},{\"@type\":\"ListItem\",\"position\":2,\"name\":\"Centro de Atendimento ao Turista em Osasco\"}]},{\"@type\":\"WebSite\",\"@id\":\"https:\/\/www.encontraosasco.com.br\/prefeitura-de-osasco\/#website\",\"url\":\"https:\/\/www.encontraosasco.com.br\/prefeitura-de-osasco\/\",\"name\":\"Prefeitura de Osasco\",\"description\":\"Prefeitura Municipal de Osasco\",\"potentialAction\":[{\"@type\":\"SearchAction\",\"target\":{\"@type\":\"EntryPoint\",\"urlTemplate\":\"https:\/\/www.encontraosasco.com.br\/prefeitura-de-osasco\/?s={search_term_string}\"},\"query-input\":\"required name=search_term_string\"}],\"inLanguage\":\"pt-BR\"}]}<\/script>\n<!-- \/ Yoast SEO plugin. -->","yoast_head_json":{"title":"Centro de Atendimento ao Turista - Prefeitura Municipal de Osasco - SP","description":"Quer conhecer a cidade de Osasco? Confira informa\u00e7\u00f5es sobre eventos, calend\u00e1rio, atra\u00e7\u00f5es, guias, turismo e tudo que voc\u00ea precisa saber de Osasco","robots":{"index":"index","follow":"follow","max-snippet":"max-snippet:-1","max-image-preview":"max-image-preview:large","max-video-preview":"max-video-preview:-1"},"canonical":"https:\/\/www.encontraosasco.com.br\/prefeitura-de-osasco\/centro-de-atendimento-ao-turista-em-osasco\/","og_locale":"pt_BR","og_type":"article","og_title":"Centro de Atendimento ao Turista - Prefeitura Municipal de Osasco - SP","og_description":"Quer conhecer a cidade de Osasco? Confira informa\u00e7\u00f5es sobre eventos, calend\u00e1rio, atra\u00e7\u00f5es, guias, turismo e tudo que voc\u00ea precisa saber de Osasco","og_url":"https:\/\/www.encontraosasco.com.br\/prefeitura-de-osasco\/centro-de-atendimento-ao-turista-em-osasco\/","og_site_name":"Prefeitura de Osasco","article_modified_time":"2017-09-21T13:06:53+00:00","og_image":[{"url":"https:\/\/www.encontraosasco.com.br\/prefeitura-de-osasco\/wp-content\/uploads\/2017\/01\/osasco.jpg"}],"twitter_card":"summary_large_image","twitter_misc":{"Est. tempo de leitura":"3 minutos"},"schema":{"@context":"https:\/\/schema.org","@graph":[{"@type":"WebPage","@id":"https:\/\/www.encontraosasco.com.br\/prefeitura-de-osasco\/centro-de-atendimento-ao-turista-em-osasco\/","url":"https:\/\/www.encontraosasco.com.br\/prefeitura-de-osasco\/centro-de-atendimento-ao-turista-em-osasco\/","name":"Centro de Atendimento ao Turista - Prefeitura Municipal de Osasco - SP","isPartOf":{"@id":"https:\/\/www.encontraosasco.com.br\/prefeitura-de-osasco\/#website"},"datePublished":"2017-01-02T18:47:37+00:00","dateModified":"2017-09-21T13:06:53+00:00","description":"Quer conhecer a cidade de Osasco? Confira informa\u00e7\u00f5es sobre eventos, calend\u00e1rio, atra\u00e7\u00f5es, guias, turismo e tudo que voc\u00ea precisa saber de Osasco","breadcrumb":{"@id":"https:\/\/www.encontraosasco.com.br\/prefeitura-de-osasco\/centro-de-atendimento-ao-turista-em-osasco\/#breadcrumb"},"inLanguage":"pt-BR","potentialAction":[{"@type":"ReadAction","target":["https:\/\/www.encontraosasco.com.br\/prefeitura-de-osasco\/centro-de-atendimento-ao-turista-em-osasco\/"]}]},{"@type":"BreadcrumbList","@id":"https:\/\/www.encontraosasco.com.br\/prefeitura-de-osasco\/centro-de-atendimento-ao-turista-em-osasco\/#breadcrumb","itemListElement":[{"@type":"ListItem","position":1,"name":"In\u00edcio","item":"https:\/\/www.encontraosasco.com.br\/prefeitura-de-osasco\/"},{"@type":"ListItem","position":2,"name":"Centro de Atendimento ao Turista em Osasco"}]},{"@type":"WebSite","@id":"https:\/\/www.encontraosasco.com.br\/prefeitura-de-osasco\/#website","url":"https:\/\/www.encontraosasco.com.br\/prefeitura-de-osasco\/","name":"Prefeitura de Osasco","description":"Prefeitura Municipal de Osasco","potentialAction":[{"@type":"SearchAction","target":{"@type":"EntryPoint","urlTemplate":"https:\/\/www.encontraosasco.com.br\/prefeitura-de-osasco\/?s={search_term_string}"},"query-input":"required name=search_term_string"}],"inLanguage":"pt-BR"}]}},"_links":{"self":[{"href":"https:\/\/www.encontraosasco.com.br\/prefeitura-de-osasco\/wp-json\/wp\/v2\/pages\/94"}],"collection":[{"href":"https:\/\/www.encontraosasco.com.br\/prefeitura-de-osasco\/wp-json\/wp\/v2\/pages"}],"about":[{"href":"https:\/\/www.encontraosasco.com.br\/prefeitura-de-osasco\/wp-json\/wp\/v2\/types\/page"}],"author":[{"embeddable":true,"href":"https:\/\/www.encontraosasco.com.br\/prefeitura-de-osasco\/wp-json\/wp\/v2\/users\/1"}],"replies":[{"embeddable":true,"href":"https:\/\/www.encontraosasco.com.br\/prefeitura-de-osasco\/wp-json\/wp\/v2\/comments?post=94"}],"version-history":[{"count":3,"href":"https:\/\/www.encontraosasco.com.br\/prefeitura-de-osasco\/wp-json\/wp\/v2\/pages\/94\/revisions"}],"predecessor-version":[{"id":631,"href":"https:\/\/www.encontraosasco.com.br\/prefeitura-de-osasco\/wp-json\/wp\/v2\/pages\/94\/revisions\/631"}],"wp:attachment":[{"href":"https:\/\/www.encontraosasco.com.br\/prefeitura-de-osasco\/wp-json\/wp\/v2\/media?parent=94"}],"curies":[{"name":"wp","href":"https:\/\/api.w.org\/{rel}","templated":true}]}}