{"id":3325,"date":"2017-08-07T11:23:59","date_gmt":"2017-08-07T14:23:59","guid":{"rendered":"http:\/\/www.encontraosasco.com.br\/noticias\/?page_id=3325"},"modified":"2025-10-03T14:02:35","modified_gmt":"2025-10-03T17:02:35","slug":"sobre-osasco","status":"publish","type":"page","link":"https:\/\/www.encontraosasco.com.br\/sobre\/","title":{"rendered":"Sobre Osasco"},"content":{"rendered":"<div class=\"90b156a7006dfc5832b0651c68b7182c\" data-index=\"1\" style=\"float: none; margin:0px;\">\n<script async src=\"https:\/\/pagead2.googlesyndication.com\/pagead\/js\/adsbygoogle.js?client=ca-pub-8585364105181520\"\r\n     crossorigin=\"anonymous\"><\/script>\r\n<!-- Anuncio display - global -->\r\n<ins class=\"adsbygoogle\"\r\n     style=\"display:block\"\r\n     data-ad-client=\"ca-pub-8585364105181520\"\r\n     data-ad-slot=\"8789329856\"\r\n     data-ad-format=\"auto\"\r\n     data-full-width-responsive=\"true\"><\/ins>\r\n<script>\r\n     (adsbygoogle = window.adsbygoogle || []).push({});\r\n<\/script>\n<\/div>\n<h2>Cidades de SP: Limites &#8211; Cidades Vizinhas<\/h2>\n<p><img loading=\"lazy\" decoding=\"async\" class=\"alignnone wp-image-3327 size-full\" src=\"https:\/\/www.encontraosasco.com.br\/sobre\/wp-content\/uploads\/2017\/08\/mapa-osasco.jpg\" alt=\"Mapa Osasco\" width=\"254\" height=\"185\" \/><\/p>\n<p><a title=\"S\u00e3o Paulo\" href=\"https:\/\/www.encontrasaopaulo.com.br\/\" target=\"&lt;em&gt;blank\" rel=\"noopener noreferrer\">S\u00e3o Paulo\u00a0<\/a><a title=\"Cotia\" href=\"https:\/\/www.encontracotia.com.br\/\" target=\"&lt;\/em&gt;blank\" rel=\"noopener noreferrer\">Cotia<\/a><a title=\"Barueri\" href=\"https:\/\/www.encontrabarueri.com.br\/\" target=\"&lt;em&gt;blank\" rel=\"noopener noreferrer\">Barueri<\/a><a title=\"Carapicu\u00edba\" href=\"https:\/\/www.encontracarapicuiba.com.br\/\" target=\"&lt;\/em&gt;blank\" rel=\"noopener noreferrer\">Carapicu\u00edba<\/a>\u00a0<a title=\"Santana de Parna\u00edba\" href=\"https:\/\/www.encontrasantanadeparnaiba.com.br\/\" target=\"_blank\" rel=\"noopener noreferrer\">Santana de Parna\u00edba<\/a><a href=\"https:\/\/www.encontraitapevi.com.br\/\">Itapevi<\/a><a title=\"Rodovia Raposo Tavares\" href=\"https:\/\/www.rodoviaraposotavares.com.br\/\">Rodovia Raposo Tavares<\/a><\/p>\n<h1>Pontos Tur\u00edsticos<\/h1>\n<p><img loading=\"lazy\" decoding=\"async\" class=\"alignnone wp-image-3328 size-full\" src=\"https:\/\/www.encontraosasco.com.br\/sobre\/wp-content\/uploads\/2017\/08\/museu-dimitri-sensaud-lavaud-em-osasco-pequenho.jpg\" alt=\"\" width=\"125\" height=\"83\" srcset=\"https:\/\/www.encontraosasco.com.br\/sobre\/wp-content\/uploads\/2017\/08\/museu-dimitri-sensaud-lavaud-em-osasco-pequenho.jpg 125w, https:\/\/www.encontraosasco.com.br\/sobre\/wp-content\/uploads\/2017\/08\/museu-dimitri-sensaud-lavaud-em-osasco-pequenho-300x200.jpg 300w\" sizes=\"(max-width: 125px) 100vw, 125px\" \/><img loading=\"lazy\" decoding=\"async\" class=\"alignnone wp-image-3329 size-full\" src=\"https:\/\/www.encontraosasco.com.br\/sobre\/wp-content\/uploads\/2017\/08\/casa-de-angola-pequenho.jpg\" alt=\"\" width=\"126\" height=\"83\" srcset=\"https:\/\/www.encontraosasco.com.br\/sobre\/wp-content\/uploads\/2017\/08\/casa-de-angola-pequenho.jpg 126w, https:\/\/www.encontraosasco.com.br\/sobre\/wp-content\/uploads\/2017\/08\/casa-de-angola-pequenho-300x200.jpg 300w\" sizes=\"(max-width: 126px) 100vw, 126px\" \/><\/p>\n<p><strong>Destaque<\/strong><br \/>\n<strong>Casa de Angola<\/strong><\/p>\n<p>O espa\u00e7o \u00e9 utilizado como refer\u00eancia cultural afro-descendente da regi\u00e3o.\u00a0<a title=\"Osasco\" href=\"https:\/\/www.encontraosasco.com.br\/\">Osasco<\/a>\u00a0\u00e9 o \u00fanico munic\u00edpio da Grande S\u00e3o Paulo a criar um centro voltado exclusivamente aos costumes africanos.<\/p>\n<h3>Dados Principais sobre a Cidade de Osasco<\/h3>\n<p><strong>Anivers\u00e1rio<\/strong>:\u00a019 de Fevereiro<br \/>\n<strong>Funda\u00e7\u00e3o<\/strong> :\u00a01962<br \/>\n<strong>Gent\u00edlico<\/strong>:\u00a0Osasquense<br \/>\n<strong>Area<\/strong>:\u00a064,935 Km\u00b2<br \/>\n<strong>Popula\u00e7\u00e3o\u00a0<\/strong>694.844 hab. (2015)<br \/>\n<strong>IDH\u00a0<\/strong>0,776- elevado<br \/>\n<a href=\"https:\/\/www.encontraosasco.com.br\/prefeitura-de-osasco\/\" target=\"_blank\" rel=\"noopener noreferrer\">Prefeitura Osasco<\/a><br \/>\nRegi\u00e3o metropolitana\u00a0S\u00e3o Paulo<\/p>\n<div id=\"attachment_3330\" style=\"width: 124px\" class=\"wp-caption alignnone\"><img loading=\"lazy\" decoding=\"async\" aria-describedby=\"caption-attachment-3330\" class=\"wp-image-3330 size-full\" src=\"https:\/\/www.encontraosasco.com.br\/sobre\/wp-content\/uploads\/2017\/08\/brasao.gif\" alt=\"Bras\u00e3o de Osaco\" width=\"114\" height=\"112\" \/><p id=\"caption-attachment-3330\" class=\"wp-caption-text\">Bras\u00e3o de Osaco<\/p><\/div>\n<div id=\"attachment_3331\" style=\"width: 141px\" class=\"wp-caption alignnone\"><img loading=\"lazy\" decoding=\"async\" aria-describedby=\"caption-attachment-3331\" class=\"wp-image-3331 size-full\" src=\"https:\/\/www.encontraosasco.com.br\/sobre\/wp-content\/uploads\/2017\/08\/bandeira-osasco.jpg\" alt=\"Bandeira de Osasco\" width=\"131\" height=\"83\" \/><p id=\"caption-attachment-3331\" class=\"wp-caption-text\">Bandeira de Osasco<\/p><\/div>\n<h2>Hist\u00f3ria de Osasco<\/h2>\n<p><img decoding=\"async\" class=\"alignnone wp-image-3326 size-full\" src=\"https:\/\/www.encontraosasco.com.br\/sobre\/wp-content\/uploads\/2017\/08\/cidade-de-osasco.jpg\" alt=\"Cidade de Osasco\" width=\"100%\" srcset=\"https:\/\/www.encontraosasco.com.br\/sobre\/wp-content\/uploads\/2017\/08\/cidade-de-osasco.jpg 560w, https:\/\/www.encontraosasco.com.br\/sobre\/wp-content\/uploads\/2017\/08\/cidade-de-osasco-300x104.jpg 300w\" sizes=\"(max-width: 560px) 100vw, 560px\" \/><\/p>\n<p><strong>Osasco\u00a0<\/strong>\u00e9 um munic\u00edpio brasileiro localizado no estado de S\u00e3o Paulo, na regi\u00e3o metropolitana da capital paulista, e na microrregi\u00e3o a que d\u00e1 nome. Antes um bairro da cidade da capital de estado, torna-se munic\u00edpio emancipado em 19 de fevereiro de 1962. Tem como padroeiro Santo Antonio, sendo que no dia do santo 13 de junho \u00e9 feriado municipal.<\/p>\n<p>A\u00a0<a title=\"Cidade Osasco\" href=\"https:\/\/www.encontraosasco.com.br\/\" target=\"&lt;em&gt;blank\" rel=\"noopener noreferrer\">Cidade Osasco<\/a>\u00a0\u00e9 uma das cidades com maior \u00edndice de desenvolvimento do Estado. Conhecida como \u201ccidade-trabalho\u201d, destaca-se pelo empreendedorismo da sua popula\u00e7\u00e3o, que j\u00e1 ultrapassou a marca de 700 mil habitantes. Para se ter id\u00e9ia,\u00a0<a title=\"Osasco\" href=\"https:\/\/www.encontraosasco.com.br\/\" target=\"&lt;\/em&gt;blank\" rel=\"noopener noreferrer\">Osasco<\/a>\u00a0tem a 5\u00aa maior popula\u00e7\u00e3o do Estado de S\u00e3o Paulo e o 14\u00ba PIB entre os munic\u00edpios brasileiros.<\/p>\n<p>As rodovias que d\u00e3o acesso ao munic\u00edpio s\u00e3o:\u00a0<a href=\"https:\/\/www.rodoviaanhanguera.com.br\/\" target=\"&lt;em&gt;blank\" rel=\"noopener noreferrer\">Rodovia Anhang\u00fcera<\/a>,\u00a0<a title=\"Rodoanel M\u00e1rio Covas\" href=\"https:\/\/www.rodoanel.org\/\" target=\"&lt;\/em&gt;blank\" rel=\"noopener noreferrer\">Rodoanel M\u00e1rio Covas<\/a>, Rodovia Raposo Tavares e\u00a0<a title=\"Rodovia Castelo Branco\" href=\"https:\/\/www.rodoviacastelobranco.com.br\/\" target=\"_blank\" rel=\"noopener noreferrer\">Rodovia Castelo Branco<\/a>, que \u00e9 o principal acesso \u00e0 cidade.<\/p>\n<p>Para homenagear a comunidade de moradores desta maravilhosa cidade, o\u00a0<a title=\"Encontra S\u00e3o Paulo\" href=\"https:\/\/www.encontrasaopaulo.com.br\/\" target=\"&lt;em&gt;blank\" rel=\"noopener noreferrer\">Encontra S\u00e3o Paulo<\/a>\u00a0criou o\u00a0<a title=\"Encontra Osasco\" href=\"https:\/\/www.encontraosasco.com.br\/\" target=\"&lt;\/em&gt;blank\" rel=\"noopener noreferrer\">Encontra Osasco<\/a>.<\/p>\n\n<div style=\"font-size: 0px; height: 0px; line-height: 0px; margin: 0; padding: 0; clear: both;\"><\/div>","protected":false},"excerpt":{"rendered":"<p>Cidades de SP: Limites &#8211; Cidades Vizinhas S\u00e3o Paulo\u00a0CotiaBarueriCarapicu\u00edba\u00a0Santana de Parna\u00edbaItapeviRodovia Raposo Tavares Pontos Tur\u00edsticos Destaque Casa de Angola O espa\u00e7o \u00e9 utilizado como refer\u00eancia cultural afro-descendente da regi\u00e3o.\u00a0Osasco\u00a0\u00e9 o \u00fanico munic\u00edpio da Grande S\u00e3o Paulo a criar um centro voltado exclusivamente aos costumes africanos. Dados Principais sobre a Cidade de Osasco Anivers\u00e1rio:\u00a019 de Fevereiro Funda\u00e7\u00e3o :\u00a01962 Gent\u00edlico:\u00a0Osasquense Area:\u00a064,935 Km\u00b2 Popula\u00e7\u00e3o\u00a0694.844 hab. (2015) IDH\u00a00,776- elevado Prefeitura Osasco Regi\u00e3o metropolitana\u00a0S\u00e3o Paulo Hist\u00f3ria de Osasco Osasco\u00a0\u00e9 um munic\u00edpio brasileiro localizado no estado de S\u00e3o Paulo, na regi\u00e3o metropolitana da capital paulista, e na microrregi\u00e3o a que d\u00e1 nome. Antes um bairro da <\/p>\n","protected":false},"author":1,"featured_media":5017,"parent":0,"menu_order":0,"comment_status":"closed","ping_status":"closed","template":"","meta":{"footnotes":""},"class_list":["post-3325","page","type-page","status-publish","has-post-thumbnail","hentry","has_thumb"],"aioseo_notices":[],"_links":{"self":[{"href":"https:\/\/www.encontraosasco.com.br\/sobre\/wp-json\/wp\/v2\/pages\/3325"}],"collection":[{"href":"https:\/\/www.encontraosasco.com.br\/sobre\/wp-json\/wp\/v2\/pages"}],"about":[{"href":"https:\/\/www.encontraosasco.com.br\/sobre\/wp-json\/wp\/v2\/types\/page"}],"author":[{"embeddable":true,"href":"https:\/\/www.encontraosasco.com.br\/sobre\/wp-json\/wp\/v2\/users\/1"}],"replies":[{"embeddable":true,"href":"https:\/\/www.encontraosasco.com.br\/sobre\/wp-json\/wp\/v2\/comments?post=3325"}],"version-history":[{"count":0,"href":"https:\/\/www.encontraosasco.com.br\/sobre\/wp-json\/wp\/v2\/pages\/3325\/revisions"}],"wp:featuredmedia":[{"embeddable":true,"href":"https:\/\/www.encontraosasco.com.br\/sobre\/wp-json\/wp\/v2\/media\/5017"}],"wp:attachment":[{"href":"https:\/\/www.encontraosasco.com.br\/sobre\/wp-json\/wp\/v2\/media?parent=3325"}],"curies":[{"name":"wp","href":"https:\/\/api.w.org\/{rel}","templated":true}]}}