{"id":3586,"date":"2017-08-15T17:37:39","date_gmt":"2017-08-15T20:37:39","guid":{"rendered":"http:\/\/www.encontraosasco.com.br\/sobre\/?page_id=3586"},"modified":"2017-08-17T20:59:14","modified_gmt":"2017-08-17T23:59:14","slug":"senai-osasco","status":"publish","type":"page","link":"https:\/\/www.encontraosasco.com.br\/sobre\/senai-osasco\/","title":{"rendered":"Senai Osasco"},"content":{"rendered":"<div class=\"90b156a7006dfc5832b0651c68b7182c\" data-index=\"1\" style=\"float: none; margin:0px;\">\n<script async src=\"https:\/\/pagead2.googlesyndication.com\/pagead\/js\/adsbygoogle.js?client=ca-pub-8585364105181520\"\r\n     crossorigin=\"anonymous\"><\/script>\r\n<!-- Anuncio display - global -->\r\n<ins class=\"adsbygoogle\"\r\n     style=\"display:block\"\r\n     data-ad-client=\"ca-pub-8585364105181520\"\r\n     data-ad-slot=\"8789329856\"\r\n     data-ad-format=\"auto\"\r\n     data-full-width-responsive=\"true\"><\/ins>\r\n<script>\r\n     (adsbygoogle = window.adsbygoogle || []).push({});\r\n<\/script>\n<\/div>\n<p>Em janeiro de 1971 come\u00e7ou a funcionar nas mesmas instala\u00e7\u00f5es o Col\u00e9gio Industrial <strong>SENAI de Osasco<\/strong> e recebeu como patrono o industrial Nadir Dias de Figueiredo.<\/p>\n<p>Em 1994 o curso t\u00e9cnico de metalurgia foi modularizado promovendo especializa\u00e7\u00f5es nas \u00e1reas de controles laboratoriais metal\u00fargicos, tratamentos t\u00e9rmicos e de superf\u00edcie e fundi\u00e7\u00e3o\/soldagem e, em 2001 novos cursos foram implantados cursos na \u00e1rea de metalurgia.<\/p>\n<p><img loading=\"lazy\" decoding=\"async\" class=\"alignnone wp-image-3587 size-full\" title=\"Senai Osasco\" src=\"http:\/\/www.encontraosasco.com.br\/sobre\/wp-content\/uploads\/2017\/08\/senai-osasco.jpg\" alt=\"Senai Osasco\" width=\"680\" height=\"189\" srcset=\"https:\/\/www.encontraosasco.com.br\/sobre\/wp-content\/uploads\/2017\/08\/senai-osasco.jpg 680w, https:\/\/www.encontraosasco.com.br\/sobre\/wp-content\/uploads\/2017\/08\/senai-osasco-300x83.jpg 300w\" sizes=\"(max-width: 680px) 100vw, 680px\" \/><\/p>\n<h2>Senai Osasco\u00a0Cursos<\/h2>\n<ul>\n<li><strong><em>Forma\u00e7\u00e3o Inicial e Continuada<\/em>:<\/strong>\u00a0Automotivo, Constru\u00e7\u00e3o Civil, Eletroeletr\u00f4nica, Eletroeletr\u00f4nica, Energia, Gest\u00e3o &#8211;\u00a0 Administra\u00e7\u00e3o Industrial, Gest\u00e3o &#8211; Gest\u00e3o de RH, Gest\u00e3o &#8211; Gest\u00e3o Financeira, Gest\u00e3o &#8211; Planejamento &#8211; Gest\u00e3o &#8211; Qualidade, Log\u00edstica, Metalmec\u00e2nica &#8211; Fundi\u00e7\u00e3o, Metalmec\u00e2nica &#8211; Mec\u00e2nica, Metalmec\u00e2nica &#8211; Metalurgia, Metalmec\u00e2nica &#8211; Siderurgia, Sa\u00fade e Seguran\u00e7a no Trabalho, Tecnologia da Informa\u00e7\u00e3o &#8211; Inform\u00e1tica, Telecomunica\u00e7\u00f5es.<\/li>\n<li><strong><em>Cursos de P\u00f3s Gradua\u00e7\u00e3o<\/em>:<\/strong> Engenharia da Soldagem, Engenharia de Fundi\u00e7\u00e3o.<\/li>\n<li><strong><em>Curso Superior<\/em>:<\/strong> Metalmec\u00e2nica &#8211; Metalurgia<\/li>\n<\/ul>\n<h3>Senai Osasco Cursos T\u00e9cnicos<\/h3>\n<p>Senai Osasco oferece os seguintes <span style=\"text-decoration: underline;\">cursos t\u00e9cnicos<\/span>: t\u00e9cnico em metalurgia e t\u00e9cnico em soldagem<em><br \/>\n<\/em><\/p>\n<h3>Cursos Gratuitos Senai Osasco<\/h3>\n<p>O Senai Sorocaba oferece aos interessados <span style=\"text-decoration: underline;\">bolsas de estudos<\/span>. S\u00e3o elas: parciais ou integrais nos cursos de:<em><br \/>\n<\/em><\/p>\n<div><\/div>\n<ol>\n<li>Nos cursos de Aprendizagem Industrial e T\u00e9cnico, as bolsas s\u00e3o sempre integrais.<\/li>\n<li>No Curso Superior (Gradua\u00e7\u00e3o), podem ser concedidas bolsas parciais.<\/li>\n<li>Em cursos livres com mais de 160 horas, podem ser concedidas bolsas integrais.<\/li>\n<\/ol>\n<section id=\"requisitos\"><strong>Para se inscrever, \u00e9 preciso:<\/strong><\/p>\n<ul>\n<li>Ter 18 anos ou mais, na data de in\u00edcio do curso;<\/li>\n<li>N\u00e3o ser bolsista em outro curso no SENAI-SP;<\/li>\n<li>Atender aos requisitos para ingresso no curso escolhido.<\/li>\n<\/ul>\n<header>Ap\u00f3s a inscri\u00e7\u00e3o dos candidatos, caso o n\u00famero de inscritos supere o total de vagas, haver\u00e1 classifica\u00e7\u00e3o com base em:<\/p>\n<ul>\n<li>Situa\u00e7\u00e3o de emprego, em que ter\u00e1 prioridade o candidato desempregado;<\/li>\n<li>Grau de escolaridade, em que ter\u00e1 prioridade quem cursou, no m\u00e1ximo, o ensino m\u00e9dio. A prefer\u00eancia \u00e9 ter conclu\u00eddo o ensino m\u00e9dio, em seguida quem est\u00e1 cursando o ensino m\u00e9dio, at\u00e9 chegar \u00e0 escolaridade m\u00ednima prevista como requisito para realizar o curso;<\/li>\n<li>Renda, em que ter\u00e1 prioridade os de menor renda per capita. A renda per capita \u00e9 calculada a partir dos rendimentos e do n\u00famero de pessoas da fam\u00edlia, que moram com o candidato;<\/li>\n<\/ul>\n<\/header>\n<\/section>\n<h3>Portal Senai Osasco<\/h3>\n<p>No <em>Portal Senai<\/em> voc\u00ea fica por dentro do que acontece na escola e, tamb\u00e9m pode fazer um tour virtual para conhecer as depend\u00eancias do Senai.<\/p>\n<h3>Hor\u00e1rio de Funcionamento Senai em Osasco<\/h3>\n<ul>\n<li>Segunda a Sexta: das 08h \u00e0s 20h \/ S\u00e1bado: das 8h \u00e0s 12h.<\/li>\n<\/ul>\n<h3>Endere\u00e7o e Telefone Senai em Osasco<\/h3>\n<ul>\n<li>Rua Ari Barroso, 305 &#8211; Osasco &#8211; SP<\/li>\n<li>Telefone: (11) 3685-7999<\/li>\n<\/ul>\n<h4>Outras informa\u00e7\u00f5es e site<\/h4>\n<ul>\n<li>Mais informa\u00e7\u00f5es:\u00a0<a href=\"https:\/\/metalurgia.sp.senai.br\/\" target=\"_blank\" rel=\"noopener noreferrer\">www.metalurgia.sp.senai.br<\/a><\/li>\n<\/ul>\n<h4>Mapa de localiza\u00e7\u00e3o<\/h4>\n<a class=\"wp-colorbox-iframe\" href=\"https:\/\/www.google.com\/maps\/embed?pb=!1m18!1m12!1m3!1d3658.1856324251353!2d-46.7743376850229!3d-23.52582488470057!2m3!1f0!2f0!3f0!3m2!1i1024!2i768!4f13.1!3m3!1m2!1s0x94ceff197efd0ed70x73a8a70b927c1d48!2sEscola+Senai+Nadir+Dias+de+Figueiredo!5e0!3m2!1spt-BR!2sbr!4v1502828221003\"><img decoding=\"async\" src=\"http:\/\/www.encontraosasco.com.br\/imgs\/maps-post.png\"><\/a>\n\n<div style=\"font-size: 0px; height: 0px; line-height: 0px; margin: 0; padding: 0; clear: both;\"><\/div>","protected":false},"excerpt":{"rendered":"<p>Em janeiro de 1971 come\u00e7ou a funcionar nas mesmas instala\u00e7\u00f5es o Col\u00e9gio Industrial SENAI de Osasco e recebeu como patrono o industrial Nadir Dias de Figueiredo. Em 1994 o curso t\u00e9cnico de metalurgia foi modularizado promovendo especializa\u00e7\u00f5es nas \u00e1reas de controles laboratoriais metal\u00fargicos, tratamentos t\u00e9rmicos e de superf\u00edcie e fundi\u00e7\u00e3o\/soldagem e, em 2001 novos cursos foram implantados cursos na \u00e1rea de metalurgia. Senai Osasco\u00a0Cursos Forma\u00e7\u00e3o Inicial e Continuada:\u00a0Automotivo, Constru\u00e7\u00e3o Civil, Eletroeletr\u00f4nica, Eletroeletr\u00f4nica, Energia, Gest\u00e3o &#8211;\u00a0 Administra\u00e7\u00e3o Industrial, Gest\u00e3o &#8211; Gest\u00e3o de RH, Gest\u00e3o &#8211; Gest\u00e3o Financeira, Gest\u00e3o &#8211; Planejamento &#8211; Gest\u00e3o &#8211; Qualidade, Log\u00edstica, Metalmec\u00e2nica &#8211; Fundi\u00e7\u00e3o, Metalmec\u00e2nica &#8211; Mec\u00e2nica, <\/p>\n","protected":false},"author":1,"featured_media":0,"parent":0,"menu_order":0,"comment_status":"closed","ping_status":"closed","template":"","meta":{"footnotes":""},"class_list":["post-3586","page","type-page","status-publish","hentry"],"aioseo_notices":[],"_links":{"self":[{"href":"https:\/\/www.encontraosasco.com.br\/sobre\/wp-json\/wp\/v2\/pages\/3586"}],"collection":[{"href":"https:\/\/www.encontraosasco.com.br\/sobre\/wp-json\/wp\/v2\/pages"}],"about":[{"href":"https:\/\/www.encontraosasco.com.br\/sobre\/wp-json\/wp\/v2\/types\/page"}],"author":[{"embeddable":true,"href":"https:\/\/www.encontraosasco.com.br\/sobre\/wp-json\/wp\/v2\/users\/1"}],"replies":[{"embeddable":true,"href":"https:\/\/www.encontraosasco.com.br\/sobre\/wp-json\/wp\/v2\/comments?post=3586"}],"version-history":[{"count":0,"href":"https:\/\/www.encontraosasco.com.br\/sobre\/wp-json\/wp\/v2\/pages\/3586\/revisions"}],"wp:attachment":[{"href":"https:\/\/www.encontraosasco.com.br\/sobre\/wp-json\/wp\/v2\/media?parent=3586"}],"curies":[{"name":"wp","href":"https:\/\/api.w.org\/{rel}","templated":true}]}}