{"id":3610,"date":"2017-08-19T15:31:00","date_gmt":"2017-08-19T18:31:00","guid":{"rendered":"http:\/\/www.encontraosasco.com.br\/sobre\/?page_id=3610"},"modified":"2017-09-05T15:30:05","modified_gmt":"2017-09-05T18:30:05","slug":"rodoviaria-osasco","status":"publish","type":"page","link":"https:\/\/www.encontraosasco.com.br\/sobre\/rodoviaria-osasco\/","title":{"rendered":"Rodovi\u00e1ria Osasco"},"content":{"rendered":"<div class=\"90b156a7006dfc5832b0651c68b7182c\" data-index=\"1\" style=\"float: none; margin:0px;\">\n<script async src=\"https:\/\/pagead2.googlesyndication.com\/pagead\/js\/adsbygoogle.js?client=ca-pub-8585364105181520\"\r\n     crossorigin=\"anonymous\"><\/script>\r\n<!-- Anuncio display - global -->\r\n<ins class=\"adsbygoogle\"\r\n     style=\"display:block\"\r\n     data-ad-client=\"ca-pub-8585364105181520\"\r\n     data-ad-slot=\"8789329856\"\r\n     data-ad-format=\"auto\"\r\n     data-full-width-responsive=\"true\"><\/ins>\r\n<script>\r\n     (adsbygoogle = window.adsbygoogle || []).push({});\r\n<\/script>\n<\/div>\n<p>A\u00a0<strong>Rodovi\u00e1ria de Osasco<\/strong>\u00a0\u00e9 tamb\u00e9m conhecida como Terminal Rodovi\u00e1ria Alfredo Tomaz e est\u00e1 localizado na Zona Oeste de S\u00e3o Paulo<strong>. <\/strong>Com uma infraestrutura rec\u00e9m-reformada e pronta para atender com conforto seus passageiros, o local movimenta milhares de usu\u00e1rios todos os anos, j\u00e1 que opera com mais de 38 autovia\u00e7\u00f5es parceiras, fazendo rotas dentro de diversas regi\u00f5es no Brasil.<\/p>\n<p><img loading=\"lazy\" decoding=\"async\" class=\"alignnone wp-image-3612 size-full\" title=\"Rodovi\u00e1ria Osasco\" src=\"http:\/\/www.encontraosasco.com.br\/sobre\/wp-content\/uploads\/2017\/08\/rodoviaria-osasco.jpg\" alt=\"Rodovi\u00e1ria Osasco\" width=\"680\" height=\"189\" srcset=\"https:\/\/www.encontraosasco.com.br\/sobre\/wp-content\/uploads\/2017\/08\/rodoviaria-osasco.jpg 680w, https:\/\/www.encontraosasco.com.br\/sobre\/wp-content\/uploads\/2017\/08\/rodoviaria-osasco-300x83.jpg 300w\" sizes=\"(max-width: 680px) 100vw, 680px\" \/><\/p>\n<p>O terminal tem infraestrutura adequada para receber pessoas com necessidades especiais ou mobilidade reduzida, com rampas de acesso, sanit\u00e1rios adaptados e disponibilidade de cadeira de rodas. Al\u00e9m disso, h\u00e1 o servi\u00e7o de acompanhante at\u00e9 a \u00e1rea de embarque.<\/p>\n<h2>Passagens e Destinos Rodovi\u00e1ria Osasco<\/h2>\n<p>Abaixo voc\u00ea confere as <em>linhas dispon\u00edveis<\/em> na Rodovi\u00e1ria Osasco e que podem ser compradas por Telefone:<\/p>\n<ul>\n<li><strong>\u00c1guia Branca:<\/strong> Salvador, Porto Seguro, Teixeira de Freitas, Governador Valadares, Rio de Janeiro,\u00a0Vitoria da Conquista, Itabuna, Colatina, Feira de Santana, Itagimirim.<\/li>\n<li><strong>Kaissara:<\/strong> Rio de Janeiro, Bras\u00edlia, Porto Alegre, Recife, Balne\u00e1rio Cambori\u00fa, \u00a0S\u00e3o Jose dos Campos, Florian\u00f3polis, Vitoria, Maca\u00e9, Rio das Ostras, Curitiba, Belo Horizonte,\u00a0Governador Valadares.<\/li>\n<li><strong>Via\u00e7\u00e3o Garcia:<\/strong> Londrina, Paranava\u00ed, Ponta Grossa, Umuarama, Maring\u00e1, Cascavel,\u00a0Presidente Prudente, Ourinhos, Curitiba, Foz do Igua\u00e7u, Apucarana.<\/li>\n<li><strong>Autovia\u00e7\u00e3o 100:<\/strong> Rio de Janeiro.<\/li>\n<li><strong>Itapemirim:<\/strong> Rio de Janeiro, Brasilia, Aracaju, S\u00e3o Luis, Campos, Campina Grande, Bel\u00e9m,\u00a0Recife, Jo\u00e3o Pessoa, Macei\u00f3, Fortaleza, Teresina, Goi\u00e2nia, Caruaru, Juazeiro do Norte.<\/li>\n<li><strong>Cometa: <\/strong>Belo Horizonte, Curitiba, Praia Grande, Ribeir\u00e3o Pires, Taubat\u00e9, S\u00e3o Jos\u00e9 do Rio Preto,\u00a0Campinas, Rio de Janeiro, S\u00e3o Vicente, Ribeir\u00e3o Preto, Jundia\u00ed, Santos, Sorocaba,\u00a0Suzano, Mogi das Cruzes, Aparecida.<\/li>\n<\/ul>\n<h3>Rodovi\u00e1ria Osasco Cometa<\/h3>\n<p>A Via\u00e7\u00e3o <span style=\"text-decoration: underline;\">Cometa<\/span> S.A. \u00e9 uma das empresas de \u00f4nibus rodovi\u00e1rios mais tradicionais do Brasil. Por d\u00e9cadas, operou linhas na regi\u00e3o sudeste do Brasil, baseada num modelo norte-americano, inspirando-se na empresa Greyhound Lines. Suas linhas est\u00e3o baseadas de S\u00e3o Paulo para o interior do mesmo estado, al\u00e9m de linhas interestaduais para o Paran\u00e1, como j\u00e1 citado, Rio de Janeiro e Minas Gerais.<\/p>\n<p>A linha mais tradicional, S\u00e3o Paulo-Rio de Janeiro, operada desde 1951, foi transferida em 2002 para a Expresso do Sul, uma empresa semi-coligada do novo grupo controlador da Cometa: Grupo JCA.<\/p>\n<p>A Via\u00e7\u00e3o Cometa tamb\u00e9m oferece viagens que chegam e partem direto da Rodovi\u00e1ria de\u00a0Osasco.<\/p>\n<h3>Rodovi\u00e1ria de Osasco\u00a0Pre\u00e7os \u00d4nibus<\/h3>\n<p>Os valores das passagens podem ser consultados diretamente no site da companhia que voc\u00ea deseja viajar<\/p>\n<h3>Hor\u00e1rio de Funcionamento Rodovi\u00e1ria\u00a0em Osasco<\/h3>\n<ul>\n<li>Funcionamento 24 horas<\/li>\n<\/ul>\n<h3>Endere\u00e7o e Telefone Rodovi\u00e1ria\u00a0em Osasco<\/h3>\n<ul>\n<li>Rua\u00a0Erasmo Braga, 1500 &#8211; Presidente Altino &#8211; Osasco &#8211; SP<\/li>\n<li>Telefone: (11)\u00a03014-0333<\/li>\n<\/ul>\n<h4>Mapa de localiza\u00e7\u00e3o<\/h4>\n<a class=\"wp-colorbox-iframe\" href=\"https:\/\/www.google.com\/maps\/embed?pb=!1m14!1m8!1m3!1d14632.621813520087!2d-46.7763712!3d-23.5269106!3m2!1i1024!2i768!4f13.1!3m3!1m2!1s0x00x65deda71a6990d4d!2sRodovirio+de+Osasco!5e0!3m2!1spt-BR!2sbr!4v1503167317267\"><img decoding=\"async\" src=\"http:\/\/www.encontraosasco.com.br\/imgs\/maps-post.png\"><\/a>\n\n<div style=\"font-size: 0px; height: 0px; line-height: 0px; margin: 0; padding: 0; clear: both;\"><\/div>","protected":false},"excerpt":{"rendered":"<p>A\u00a0Rodovi\u00e1ria de Osasco\u00a0\u00e9 tamb\u00e9m conhecida como Terminal Rodovi\u00e1ria Alfredo Tomaz e est\u00e1 localizado na Zona Oeste de S\u00e3o Paulo. Com uma infraestrutura rec\u00e9m-reformada e pronta para atender com conforto seus passageiros, o local movimenta milhares de usu\u00e1rios todos os anos, j\u00e1 que opera com mais de 38 autovia\u00e7\u00f5es parceiras, fazendo rotas dentro de diversas regi\u00f5es no Brasil. O terminal tem infraestrutura adequada para receber pessoas com necessidades especiais ou mobilidade reduzida, com rampas de acesso, sanit\u00e1rios adaptados e disponibilidade de cadeira de rodas. Al\u00e9m disso, h\u00e1 o servi\u00e7o de acompanhante at\u00e9 a \u00e1rea de embarque. Passagens e Destinos Rodovi\u00e1ria Osasco <\/p>\n","protected":false},"author":1,"featured_media":0,"parent":0,"menu_order":0,"comment_status":"closed","ping_status":"closed","template":"","meta":{"footnotes":""},"class_list":["post-3610","page","type-page","status-publish","hentry"],"aioseo_notices":[],"_links":{"self":[{"href":"https:\/\/www.encontraosasco.com.br\/sobre\/wp-json\/wp\/v2\/pages\/3610"}],"collection":[{"href":"https:\/\/www.encontraosasco.com.br\/sobre\/wp-json\/wp\/v2\/pages"}],"about":[{"href":"https:\/\/www.encontraosasco.com.br\/sobre\/wp-json\/wp\/v2\/types\/page"}],"author":[{"embeddable":true,"href":"https:\/\/www.encontraosasco.com.br\/sobre\/wp-json\/wp\/v2\/users\/1"}],"replies":[{"embeddable":true,"href":"https:\/\/www.encontraosasco.com.br\/sobre\/wp-json\/wp\/v2\/comments?post=3610"}],"version-history":[{"count":0,"href":"https:\/\/www.encontraosasco.com.br\/sobre\/wp-json\/wp\/v2\/pages\/3610\/revisions"}],"wp:attachment":[{"href":"https:\/\/www.encontraosasco.com.br\/sobre\/wp-json\/wp\/v2\/media?parent=3610"}],"curies":[{"name":"wp","href":"https:\/\/api.w.org\/{rel}","templated":true}]}}