{"id":3618,"date":"2017-08-20T12:36:46","date_gmt":"2017-08-20T15:36:46","guid":{"rendered":"http:\/\/www.encontraosasco.com.br\/sobre\/?page_id=3618"},"modified":"2017-09-05T15:31:47","modified_gmt":"2017-09-05T18:31:47","slug":"portal-do-trabalhador-osasco","status":"publish","type":"page","link":"https:\/\/www.encontraosasco.com.br\/sobre\/portal-do-trabalhador-osasco\/","title":{"rendered":"Portal do Trabalhador Osasco"},"content":{"rendered":"<div class=\"90b156a7006dfc5832b0651c68b7182c\" data-index=\"1\" style=\"float: none; margin:0px;\">\n<script async src=\"https:\/\/pagead2.googlesyndication.com\/pagead\/js\/adsbygoogle.js?client=ca-pub-8585364105181520\"\r\n     crossorigin=\"anonymous\"><\/script>\r\n<!-- Anuncio display - global -->\r\n<ins class=\"adsbygoogle\"\r\n     style=\"display:block\"\r\n     data-ad-client=\"ca-pub-8585364105181520\"\r\n     data-ad-slot=\"8789329856\"\r\n     data-ad-format=\"auto\"\r\n     data-full-width-responsive=\"true\"><\/ins>\r\n<script>\r\n     (adsbygoogle = window.adsbygoogle || []).push({});\r\n<\/script>\n<\/div>\n<p>Por meio do <strong>Portal do Trabalhador Osasco<\/strong>, a Secretaria de Desenvolvimento, Trabalho e Inclus\u00e3o de Osasco (SDTI), faz o servi\u00e7o de intermedia\u00e7\u00e3o de m\u00e3o de obra e realiza v\u00e1rias a\u00e7\u00f5es para promover a gera\u00e7\u00e3o de emprego e renda.<\/p>\n<p>O Portal do Trabalhador oferece diversos servi\u00e7os \u00e0 popula\u00e7\u00e3o. Dentre eles, a oferta de vagas de emprego, inscri\u00e7\u00e3o no Seguro Desemprego, emiss\u00e3o de Carteira\u00a0de trabalho, programas sociais e cursos profissionalizantes.<\/p>\n<p><img loading=\"lazy\" decoding=\"async\" class=\"alignnone wp-image-3619 size-full\" title=\"Portal do Trabalhador Osasco\" src=\"http:\/\/www.encontraosasco.com.br\/sobre\/wp-content\/uploads\/2017\/08\/portal-do-trabalhador-osasco.jpg\" alt=\"Portal do Trabalhador Osasco\" width=\"680\" height=\"189\" srcset=\"https:\/\/www.encontraosasco.com.br\/sobre\/wp-content\/uploads\/2017\/08\/portal-do-trabalhador-osasco.jpg 680w, https:\/\/www.encontraosasco.com.br\/sobre\/wp-content\/uploads\/2017\/08\/portal-do-trabalhador-osasco-300x83.jpg 300w\" sizes=\"(max-width: 680px) 100vw, 680px\" \/><\/p>\n<h2>Portal do Trabalhador Osasco Vagas<\/h2>\n<p>O Portal do Trabalhador agiliza solicita\u00e7\u00f5es burocr\u00e1ticas do cidad\u00e3o e o auxilia na busca por uma <em>vaga de trabalho<\/em> na regi\u00e3o. Para buscar uma vaga basta ir at\u00e9 o Portal do Trabalhador e fazer seu cadastro utilizando RG, CPF, Carteira de trabalho e um comprovante de resid\u00eancia.<\/p>\n<h3>Portal do Trabalhador\u00a0Osasco Agendamento<\/h3>\n<p>Visando diminuir o tempo de espera no Portal do Trabalhador, agora a\u00a0pessoa \u00e9 atendida com <span style=\"text-decoration: underline;\">hor\u00e1rio marcado<\/span> feita pela Central 156. Por esse sistema, a pessoa \u00e9 atendida em at\u00e9 1 semana. Para moradores de outras cidades o agendamento deve ser feito pelo telefone (11) 3651-7080.<em><br \/>\n<\/em><\/p>\n<h3>Portal do Trabalhador\u00a0Osasco\u00a0Carteira de Trabalho<\/h3>\n<p>Para tirar sua <span style=\"text-decoration: underline;\">carteira de trabalho<\/span> basta comparecer ao Portal do Trabalhador munido de um documento de identifica\u00e7\u00e3o original, CPF e comprovante de resid\u00eancia.<em><br \/>\n<\/em><\/p>\n<h3>\u00a0Hor\u00e1rio de Funcionamento Portal do Trabalhador\u00a0em Osasco<\/h3>\n<ul>\n<li>Segunda a Sexta: das 08h \u00e0s\u00a017h<\/li>\n<\/ul>\n<h3>Endere\u00e7o e Telefone Portal do Trabalhador em Osasco<\/h3>\n<ul>\n<li><strong>Zona Sul:<\/strong>\u00a0Avenida Jo\u00e3o de Andrade, 1778 \u00a0&#8211; Telefone: (11) 3592-6048<\/li>\n<li><strong>Centro:<\/strong>\u00a0Rua Fiorino Beltramo, 300 &#8211; Telefone: \u00a0(11)\u00a03592-6048<\/li>\n<\/ul>\n<h4>Outras informa\u00e7\u00f5es e site<\/h4>\n<ul>\n<li>Mais informa\u00e7\u00f5es:\u00a0<a href=\"https:\/\/www.facebook.com\/portaltrabalhadorosasco\/\" target=\"_blank\" rel=\"noopener noreferrer\">www.facebook.com\/portaltrabalhadorosasco<\/a><\/li>\n<\/ul>\n<h4>Mapa de localiza\u00e7\u00e3o &#8211; Portal do Trabalhador Centro<\/h4>\n<a class=\"wp-colorbox-iframe\" href=\"https:\/\/www.google.com\/maps\/embed?pb=!1m14!1m8!1m3!1d14632.381769892892!2d-46.7801221!3d-23.5290694!3m2!1i1024!2i768!4f13.1!3m3!1m2!1s0x00xbfca33d54ab3143c!2sPortal+do+Trabalhador!5e0!3m2!1spt-BR!2sbr!4v1503242316617\"><img decoding=\"async\" src=\"http:\/\/www.encontraosasco.com.br\/imgs\/maps-post.png\"><\/a>\n\n<div style=\"font-size: 0px; height: 0px; line-height: 0px; margin: 0; padding: 0; clear: both;\"><\/div>","protected":false},"excerpt":{"rendered":"<p>Por meio do Portal do Trabalhador Osasco, a Secretaria de Desenvolvimento, Trabalho e Inclus\u00e3o de Osasco (SDTI), faz o servi\u00e7o de intermedia\u00e7\u00e3o de m\u00e3o de obra e realiza v\u00e1rias a\u00e7\u00f5es para promover a gera\u00e7\u00e3o de emprego e renda. O Portal do Trabalhador oferece diversos servi\u00e7os \u00e0 popula\u00e7\u00e3o. Dentre eles, a oferta de vagas de emprego, inscri\u00e7\u00e3o no Seguro Desemprego, emiss\u00e3o de Carteira\u00a0de trabalho, programas sociais e cursos profissionalizantes. Portal do Trabalhador Osasco Vagas O Portal do Trabalhador agiliza solicita\u00e7\u00f5es burocr\u00e1ticas do cidad\u00e3o e o auxilia na busca por uma vaga de trabalho na regi\u00e3o. Para buscar uma vaga basta ir <\/p>\n","protected":false},"author":1,"featured_media":0,"parent":0,"menu_order":0,"comment_status":"closed","ping_status":"closed","template":"","meta":{"footnotes":""},"class_list":["post-3618","page","type-page","status-publish","hentry"],"aioseo_notices":[],"_links":{"self":[{"href":"https:\/\/www.encontraosasco.com.br\/sobre\/wp-json\/wp\/v2\/pages\/3618"}],"collection":[{"href":"https:\/\/www.encontraosasco.com.br\/sobre\/wp-json\/wp\/v2\/pages"}],"about":[{"href":"https:\/\/www.encontraosasco.com.br\/sobre\/wp-json\/wp\/v2\/types\/page"}],"author":[{"embeddable":true,"href":"https:\/\/www.encontraosasco.com.br\/sobre\/wp-json\/wp\/v2\/users\/1"}],"replies":[{"embeddable":true,"href":"https:\/\/www.encontraosasco.com.br\/sobre\/wp-json\/wp\/v2\/comments?post=3618"}],"version-history":[{"count":0,"href":"https:\/\/www.encontraosasco.com.br\/sobre\/wp-json\/wp\/v2\/pages\/3618\/revisions"}],"wp:attachment":[{"href":"https:\/\/www.encontraosasco.com.br\/sobre\/wp-json\/wp\/v2\/media?parent=3618"}],"curies":[{"name":"wp","href":"https:\/\/api.w.org\/{rel}","templated":true}]}}