{"id":3626,"date":"2017-08-21T13:20:04","date_gmt":"2017-08-21T16:20:04","guid":{"rendered":"http:\/\/www.encontraosasco.com.br\/sobre\/?page_id=3626"},"modified":"2017-08-22T12:23:27","modified_gmt":"2017-08-22T15:23:27","slug":"cartorio-eleitoral-osasco","status":"publish","type":"page","link":"https:\/\/www.encontraosasco.com.br\/sobre\/cartorio-eleitoral-osasco\/","title":{"rendered":"Cart\u00f3rio Eleitoral Osasco"},"content":{"rendered":"<div class=\"90b156a7006dfc5832b0651c68b7182c\" data-index=\"1\" style=\"float: none; margin:0px;\">\n<script async src=\"https:\/\/pagead2.googlesyndication.com\/pagead\/js\/adsbygoogle.js?client=ca-pub-8585364105181520\"\r\n     crossorigin=\"anonymous\"><\/script>\r\n<!-- Anuncio display - global -->\r\n<ins class=\"adsbygoogle\"\r\n     style=\"display:block\"\r\n     data-ad-client=\"ca-pub-8585364105181520\"\r\n     data-ad-slot=\"8789329856\"\r\n     data-ad-format=\"auto\"\r\n     data-full-width-responsive=\"true\"><\/ins>\r\n<script>\r\n     (adsbygoogle = window.adsbygoogle || []).push({});\r\n<\/script>\n<\/div>\n<p>O\u00a0<strong>Cart\u00f3rio Eleitoral Osasco<\/strong>\u00a0\u00e9 o \u00f3rg\u00e3o respons\u00e1vel pela emiss\u00e3o do t\u00edtulo de eleitor, segunda via, regulariza\u00e7\u00f5es, pagamento de multas, transfer\u00eancias e pend\u00eancias junto ao TSE (Tribunal Superior Eleitoral).<\/p>\n<p>Em Osasco\u00a0o cart\u00f3rio eleitoral possui uma grande estrutura para atender os mun\u00edcipes. Caso voc\u00ea precise emitir documento, 2\u00aa via ou regularizar alguma pend\u00eancia dever\u00e1 dirigir-se at\u00e9 o mesmo.<\/p>\n<p><img loading=\"lazy\" decoding=\"async\" class=\"alignnone wp-image-3628 size-full\" title=\"Cart\u00f3rio Eleitoral Osasco\" src=\"http:\/\/www.encontraosasco.com.br\/sobre\/wp-content\/uploads\/2017\/08\/cartorio-eleitoral-osasco.jpg\" alt=\"Cart\u00f3rio Eleitoral Osasco\" width=\"680\" height=\"189\" srcset=\"https:\/\/www.encontraosasco.com.br\/sobre\/wp-content\/uploads\/2017\/08\/cartorio-eleitoral-osasco.jpg 680w, https:\/\/www.encontraosasco.com.br\/sobre\/wp-content\/uploads\/2017\/08\/cartorio-eleitoral-osasco-300x83.jpg 300w\" sizes=\"(max-width: 680px) 100vw, 680px\" \/><\/p>\n<h2>Zonas Eleitorais\u00a0Osasco<\/h2>\n<p>Trata-se de uma regi\u00e3o geograficamente delimitada dentro de um estado, gerenciada pelo cart\u00f3rio eleitoral, que centraliza e coordena os eleitores domiciliados na localidade.<\/p>\n<p>A zona eleitoral pode ser composta por mais de um munic\u00edpio, ou apenas por parte dele. Normalmente segue a divis\u00e3o de comarcas da Justi\u00e7a Estadual \u2013 limite territorial de compet\u00eancia de cada ju\u00edzo.\u00a0\u00a0Para viabilizar o acesso dos cidad\u00e3os \u00e0s informa\u00e7\u00f5es constantes do Cadastro Nacional de Eleitores, a Justi\u00e7a Eleitoral elaborou um sistema de consulta \u00e0s zonas eleitorais.<em><br \/>\n<\/em><\/p>\n<p>Para consultar as Zonas Eleitorais de Sorocaba acesse:\u00a0<a href=\"http:\/\/www.tse.jus.br\/eleitor\/zonas-eleitorais\/pesquisa-a-zonas-eleitorais\" target=\"_blank\" rel=\"noopener noreferrer\">www.tse.jus.br\/eleitor\/zonas-eleitorais\/<\/a><\/p>\n<h3>Biometria Cart\u00f3rio Eleitoral de\u00a0Osasco<\/h3>\n<p>Os eleitores de Osasco\u00a0dever\u00e3o comparecer aos cart\u00f3rios de suas respectivas zonas para que suas digitais sejam coletadas e seus dados cadastrais atualizados.<\/p>\n<h3>Hor\u00e1rio de Funcionamento Cart\u00f3rio Eleitoral\u00a0em Osasco<\/h3>\n<ul>\n<li>Segunda a Sexta:\u00a0do 12h \u00e0s 18h.<\/li>\n<\/ul>\n<h3>Endere\u00e7o e Telefone Cart\u00f3rio Eleitoral\u00a0em Osasco<\/h3>\n<ul>\n<li><strong>Centro:<\/strong> Zona Eleitoral 213-\u00a0Rua Padre Damaso, 26 &#8211; \u00a0Telefone: 3681-8009<\/li>\n<li><strong>Km 18:<\/strong> Zona Eleitoral 277 &#8211;\u00a0Avenida Hildebrando de Lima, 609 &#8211; Tel: 3654-1212<\/li>\n<li><strong>Santo Ant\u00f4nio:<\/strong> Zona Eleitoral 318 &#8211; \u00a0Avenida Internacional, 618 \u00a0&#8211; Telefone: 3694-2803<\/li>\n<\/ul>\n<h4>Outras informa\u00e7\u00f5es e site<\/h4>\n<ul>\n<li>Mais informa\u00e7\u00f5es:\u00a0<a href=\"http:\/\/www.tre-sp.jus.br\/\" target=\"_blank\" rel=\"noopener noreferrer\">www.tre-sp.jus.br<\/a><\/li>\n<\/ul>\n<h4>Mapa de localiza\u00e7\u00e3o Cart\u00f3rio Eleitoral Km 18<\/h4>\n<a class=\"wp-colorbox-iframe\" href=\"https:\/\/www.google.com\/maps\/embed?pb=!1m18!1m12!1m3!1d3658.0312537240607!2d-46.79909438502273!3d-23.53137828469775!2m3!1f0!2f0!3f0!3m2!1i1024!2i768!4f13.1!3m3!1m2!1s0x94ceffb26d66e55f0x987b23e27f1ed006!2sAv.+Hildebrando+de+Lima+609+-+Km+18+Osasco+-+SP+06190-160!5e0!3m2!1spt-BR!2sbr!4v1503331219127\"><img decoding=\"async\" src=\"http:\/\/www.encontraosasco.com.br\/imgs\/maps-post.png\"><\/a>\n\n<div style=\"font-size: 0px; height: 0px; line-height: 0px; margin: 0; padding: 0; clear: both;\"><\/div>","protected":false},"excerpt":{"rendered":"<p>O\u00a0Cart\u00f3rio Eleitoral Osasco\u00a0\u00e9 o \u00f3rg\u00e3o respons\u00e1vel pela emiss\u00e3o do t\u00edtulo de eleitor, segunda via, regulariza\u00e7\u00f5es, pagamento de multas, transfer\u00eancias e pend\u00eancias junto ao TSE (Tribunal Superior Eleitoral). Em Osasco\u00a0o cart\u00f3rio eleitoral possui uma grande estrutura para atender os mun\u00edcipes. Caso voc\u00ea precise emitir documento, 2\u00aa via ou regularizar alguma pend\u00eancia dever\u00e1 dirigir-se at\u00e9 o mesmo. Zonas Eleitorais\u00a0Osasco Trata-se de uma regi\u00e3o geograficamente delimitada dentro de um estado, gerenciada pelo cart\u00f3rio eleitoral, que centraliza e coordena os eleitores domiciliados na localidade. A zona eleitoral pode ser composta por mais de um munic\u00edpio, ou apenas por parte dele. Normalmente segue a divis\u00e3o <\/p>\n","protected":false},"author":1,"featured_media":0,"parent":0,"menu_order":0,"comment_status":"closed","ping_status":"closed","template":"","meta":{"footnotes":""},"class_list":["post-3626","page","type-page","status-publish","hentry"],"aioseo_notices":[],"_links":{"self":[{"href":"https:\/\/www.encontraosasco.com.br\/sobre\/wp-json\/wp\/v2\/pages\/3626"}],"collection":[{"href":"https:\/\/www.encontraosasco.com.br\/sobre\/wp-json\/wp\/v2\/pages"}],"about":[{"href":"https:\/\/www.encontraosasco.com.br\/sobre\/wp-json\/wp\/v2\/types\/page"}],"author":[{"embeddable":true,"href":"https:\/\/www.encontraosasco.com.br\/sobre\/wp-json\/wp\/v2\/users\/1"}],"replies":[{"embeddable":true,"href":"https:\/\/www.encontraosasco.com.br\/sobre\/wp-json\/wp\/v2\/comments?post=3626"}],"version-history":[{"count":0,"href":"https:\/\/www.encontraosasco.com.br\/sobre\/wp-json\/wp\/v2\/pages\/3626\/revisions"}],"wp:attachment":[{"href":"https:\/\/www.encontraosasco.com.br\/sobre\/wp-json\/wp\/v2\/media?parent=3626"}],"curies":[{"name":"wp","href":"https:\/\/api.w.org\/{rel}","templated":true}]}}