{"id":3657,"date":"2017-08-26T17:38:11","date_gmt":"2017-08-26T20:38:11","guid":{"rendered":"http:\/\/www.encontraosasco.com.br\/sobre\/?page_id=3657"},"modified":"2017-08-28T13:39:18","modified_gmt":"2017-08-28T16:39:18","slug":"hospital-regional-de-osasco","status":"publish","type":"page","link":"https:\/\/www.encontraosasco.com.br\/sobre\/hospital-regional-de-osasco\/","title":{"rendered":"Hospital Regional de Osasco"},"content":{"rendered":"<div class=\"90b156a7006dfc5832b0651c68b7182c\" data-index=\"1\" style=\"float: none; margin:0px;\">\n<script async src=\"https:\/\/pagead2.googlesyndication.com\/pagead\/js\/adsbygoogle.js?client=ca-pub-8585364105181520\"\r\n     crossorigin=\"anonymous\"><\/script>\r\n<!-- Anuncio display - global -->\r\n<ins class=\"adsbygoogle\"\r\n     style=\"display:block\"\r\n     data-ad-client=\"ca-pub-8585364105181520\"\r\n     data-ad-slot=\"8789329856\"\r\n     data-ad-format=\"auto\"\r\n     data-full-width-responsive=\"true\"><\/ins>\r\n<script>\r\n     (adsbygoogle = window.adsbygoogle || []).push({});\r\n<\/script>\n<\/div>\n<p>Em 1988 o Hospital Castelo Branco-CEMEL, sofreu interven\u00e7\u00e3o estadual, tornando-se assim um hospital p\u00fablico mantido e administrado pelo Governo do Estado de S\u00e3o Paulo, atrav\u00e9s da Secretaria de Estado da Sa\u00fade. Em 04\/05\/92, criou e organizou o\u00a0<strong>Hospital Regional de Osasco.<\/strong><\/p>\n<p>O hospital conta com mais de 1.600 funcion\u00e1rios, entre profissionais de sa\u00fade e administrativos, com capacidade para 212 leitos, atendendo 100% SUS, integrado no programa de hierarquiza\u00e7\u00e3o e regionaliza\u00e7\u00e3o do atendimento<\/p>\n<p><img loading=\"lazy\" decoding=\"async\" class=\"alignnone wp-image-3658 size-full\" title=\"Hospital Regional de Osasco\" src=\"http:\/\/www.encontraosasco.com.br\/sobre\/wp-content\/uploads\/2017\/08\/hospital-regional-osasco.jpg\" alt=\"Hospital Regional de Osasco\" width=\"680\" height=\"189\" srcset=\"https:\/\/www.encontraosasco.com.br\/sobre\/wp-content\/uploads\/2017\/08\/hospital-regional-osasco.jpg 680w, https:\/\/www.encontraosasco.com.br\/sobre\/wp-content\/uploads\/2017\/08\/hospital-regional-osasco-300x83.jpg 300w\" sizes=\"(max-width: 680px) 100vw, 680px\" \/><\/p>\n<h2>Hospital Regional de\u00a0Osasco Trabalhe Conosco<\/h2>\n<p>O Hospital Regional de Osasco <span style=\"text-decoration: underline;\">contrata seus colaboradores<\/span> por meio de concurso p\u00fablico, fique atento aos editais.<\/p>\n<h3>Hor\u00e1rio de Funcionamento Hospital Regional\u00a0em Osasco<\/h3>\n<ul>\n<li>Atendimento 24horas.<\/li>\n<\/ul>\n<h3>Endere\u00e7o e Telefone Hospital Regional\u00a0em Osasco<\/h3>\n<ul>\n<li><span class=\"_xdb\">\u00a0<\/span><span class=\"_Xbe\">R. Ari Barroso, 355 &#8211; Presidente Altino &#8211; Osasco &#8211; SP<\/span><\/li>\n<li>Telefone: (11)\u00a03683-3077<\/li>\n<\/ul>\n<h4>Outras informa\u00e7\u00f5es e site<\/h4>\n<ul>\n<li>Mais informa\u00e7\u00f5es:\u00a0<a href=\"https:\/\/www.facebook.com\/pages\/Hospital-Regional-Osasco-Dr-Vivaldo-Martins-Sim%C3%B5es\/216361788376116\" target=\"_blank\" rel=\"noopener noreferrer\">www.facebook.com\/pages\/Hospital-Regional-Osasco<\/a><\/li>\n<\/ul>\n<h4>Mapa de localiza\u00e7\u00e3o<\/h4>\n<a class=\"wp-colorbox-iframe\" href=\"https:\/\/www.google.com\/maps\/embed?pb=!1m14!1m8!1m3!1d14632.845237352192!2d-46.7717312!3d-23.5249011!3m2!1i1024!2i768!4f13.1!3m3!1m2!1s0x00x79e203153e4edcd3!2sHospital+Regional+de+Osasco!5e0!3m2!1spt-BR!2sbr!4v1503779620363\"><img decoding=\"async\" src=\"http:\/\/www.encontraosasco.com.br\/imgs\/maps-post.png\"><\/a>\n\n<div style=\"font-size: 0px; height: 0px; line-height: 0px; margin: 0; padding: 0; clear: both;\"><\/div>","protected":false},"excerpt":{"rendered":"<p>Em 1988 o Hospital Castelo Branco-CEMEL, sofreu interven\u00e7\u00e3o estadual, tornando-se assim um hospital p\u00fablico mantido e administrado pelo Governo do Estado de S\u00e3o Paulo, atrav\u00e9s da Secretaria de Estado da Sa\u00fade. Em 04\/05\/92, criou e organizou o\u00a0Hospital Regional de Osasco. O hospital conta com mais de 1.600 funcion\u00e1rios, entre profissionais de sa\u00fade e administrativos, com capacidade para 212 leitos, atendendo 100% SUS, integrado no programa de hierarquiza\u00e7\u00e3o e regionaliza\u00e7\u00e3o do atendimento Hospital Regional de\u00a0Osasco Trabalhe Conosco O Hospital Regional de Osasco contrata seus colaboradores por meio de concurso p\u00fablico, fique atento aos editais. Hor\u00e1rio de Funcionamento Hospital Regional\u00a0em Osasco Atendimento <\/p>\n","protected":false},"author":1,"featured_media":0,"parent":0,"menu_order":0,"comment_status":"closed","ping_status":"closed","template":"","meta":{"footnotes":""},"class_list":["post-3657","page","type-page","status-publish","hentry"],"aioseo_notices":[],"_links":{"self":[{"href":"https:\/\/www.encontraosasco.com.br\/sobre\/wp-json\/wp\/v2\/pages\/3657"}],"collection":[{"href":"https:\/\/www.encontraosasco.com.br\/sobre\/wp-json\/wp\/v2\/pages"}],"about":[{"href":"https:\/\/www.encontraosasco.com.br\/sobre\/wp-json\/wp\/v2\/types\/page"}],"author":[{"embeddable":true,"href":"https:\/\/www.encontraosasco.com.br\/sobre\/wp-json\/wp\/v2\/users\/1"}],"replies":[{"embeddable":true,"href":"https:\/\/www.encontraosasco.com.br\/sobre\/wp-json\/wp\/v2\/comments?post=3657"}],"version-history":[{"count":0,"href":"https:\/\/www.encontraosasco.com.br\/sobre\/wp-json\/wp\/v2\/pages\/3657\/revisions"}],"wp:attachment":[{"href":"https:\/\/www.encontraosasco.com.br\/sobre\/wp-json\/wp\/v2\/media?parent=3657"}],"curies":[{"name":"wp","href":"https:\/\/api.w.org\/{rel}","templated":true}]}}