{"id":3699,"date":"2017-09-01T21:30:45","date_gmt":"2017-09-02T00:30:45","guid":{"rendered":"http:\/\/www.encontraosasco.com.br\/sobre\/?page_id=3699"},"modified":"2017-09-06T12:53:23","modified_gmt":"2017-09-06T15:53:23","slug":"patio-osasco","status":"publish","type":"page","link":"https:\/\/www.encontraosasco.com.br\/sobre\/patio-osasco\/","title":{"rendered":"P\u00e1tio Osasco"},"content":{"rendered":"<div class=\"90b156a7006dfc5832b0651c68b7182c\" data-index=\"1\" style=\"float: none; margin:0px;\">\n<script async src=\"https:\/\/pagead2.googlesyndication.com\/pagead\/js\/adsbygoogle.js?client=ca-pub-8585364105181520\"\r\n     crossorigin=\"anonymous\"><\/script>\r\n<!-- Anuncio display - global -->\r\n<ins class=\"adsbygoogle\"\r\n     style=\"display:block\"\r\n     data-ad-client=\"ca-pub-8585364105181520\"\r\n     data-ad-slot=\"8789329856\"\r\n     data-ad-format=\"auto\"\r\n     data-full-width-responsive=\"true\"><\/ins>\r\n<script>\r\n     (adsbygoogle = window.adsbygoogle || []).push({});\r\n<\/script>\n<\/div>\n<p>O <strong>P\u00e1tio Osasco<\/strong> Open Mall est\u00e1 integrado ao Osasco Prime Center, um empreendimento \u00fanico na cidade e de alto padr\u00e3o, fortalecendo ainda mais o seu conceito de praticidade e conveni\u00eancia.<\/p>\n<p>Localizado na avenida central de Osasco, um importante polo regional de consumo. Em seu entorno, est\u00e3o hipermercados, Universidades, lojas de autom\u00f3veis, entre outros, garantindo a circula\u00e7\u00e3o de um grande p\u00fablico na regi\u00e3o.<\/p>\n<p><img loading=\"lazy\" decoding=\"async\" class=\"alignnone wp-image-3700 size-full\" title=\"Patio Osasco\" src=\"http:\/\/www.encontraosasco.com.br\/sobre\/wp-content\/uploads\/2017\/09\/Patio-Osasco.jpg\" alt=\"Patio Osasco\" width=\"680\" height=\"189\" srcset=\"https:\/\/www.encontraosasco.com.br\/sobre\/wp-content\/uploads\/2017\/09\/Patio-Osasco.jpg 680w, https:\/\/www.encontraosasco.com.br\/sobre\/wp-content\/uploads\/2017\/09\/Patio-Osasco-300x83.jpg 300w\" sizes=\"(max-width: 680px) 100vw, 680px\" \/><\/p>\n<h2>P\u00e1tio\u00a0Osasco Open Mall<\/h2>\n<p>Charmoso e moderno, o <em>P\u00e1tio Osasco Open Mall<\/em> oferece academia, home center, bancos, pra\u00e7a de alimenta\u00e7\u00e3o e mais de 40 lojas com um mix projetado para atender a 600 mil frequentadores\/m\u00eas.<\/p>\n<h3>P\u00e1tio Osasco Lojas<\/h3>\n<p>No P\u00e1tio Osasco Open Mall, est\u00e3o localizadas as seguintes <span style=\"text-decoration: underline;\">lojas<\/span>:<\/p>\n<ul>\n<li>1 Up Cases Eletr\u00f4nicos<\/li>\n<li>Auto Shopping Autonomistas<\/li>\n<li>Diana J\u00f3ias<\/li>\n<li>Lojas Americanas<\/li>\n<li>\u00d3ticas Cl\u00e1udia<\/li>\n<li>Pariz Ambientes<\/li>\n<li>Smam Fitness<\/li>\n<li>Sophistiqu\u00e9<\/li>\n<li>Telha Norte<\/li>\n<li>XFit Suplement<\/li>\n<\/ul>\n<h3>Hor\u00e1rio de Funcionamento P\u00e1tio\u00a0Osasco<\/h3>\n<ul>\n<li>Segunda a Sexta: das 10h \u00e0s 20h \/ S\u00e1bado e Domingo: das 10h \u00e0s 16h<\/li>\n<\/ul>\n<h3>Endere\u00e7o e Telefone\u00a0P\u00e1tio\u00a0Osasco<\/h3>\n<ul>\n<li>Avenida dos Autonomistas, 896 &#8211; Vila Yara &#8211; Osasco &#8211; SP<\/li>\n<li>Telefone: (11)\u00a03682-6797<\/li>\n<\/ul>\n<h4>Outras informa\u00e7\u00f5es e site<\/h4>\n<ul>\n<li>Mais informa\u00e7\u00f5es:\u00a0<a href=\"http:\/\/www.patioosasco.com.br\" target=\"_blank\" rel=\"noopener noreferrer\">www.patioosasco.com.br<\/a><\/li>\n<\/ul>\n<h4>Mapa de localiza\u00e7\u00e3o<\/h4>\n<a class=\"wp-colorbox-iframe\" href=\"https:\/\/www.google.com\/maps\/embed?pb=!1m14!1m8!1m3!1d14630.81358116604!2d-46.7634548!3d-23.5431681!3m2!1i1024!2i768!4f13.1!3m3!1m2!1s0x00xd99c29683fe4986e!2sPtio+Osasco+Open+Mall!5e0!3m2!1spt-BR!2sbr!4v1504312028880\"><img decoding=\"async\" src=\"http:\/\/www.encontraosasco.com.br\/imgs\/maps-post.png\"><\/a>\n\n<div style=\"font-size: 0px; height: 0px; line-height: 0px; margin: 0; padding: 0; clear: both;\"><\/div>","protected":false},"excerpt":{"rendered":"<p>O P\u00e1tio Osasco Open Mall est\u00e1 integrado ao Osasco Prime Center, um empreendimento \u00fanico na cidade e de alto padr\u00e3o, fortalecendo ainda mais o seu conceito de praticidade e conveni\u00eancia. Localizado na avenida central de Osasco, um importante polo regional de consumo. Em seu entorno, est\u00e3o hipermercados, Universidades, lojas de autom\u00f3veis, entre outros, garantindo a circula\u00e7\u00e3o de um grande p\u00fablico na regi\u00e3o. P\u00e1tio\u00a0Osasco Open Mall Charmoso e moderno, o P\u00e1tio Osasco Open Mall oferece academia, home center, bancos, pra\u00e7a de alimenta\u00e7\u00e3o e mais de 40 lojas com um mix projetado para atender a 600 mil frequentadores\/m\u00eas. P\u00e1tio Osasco Lojas No <\/p>\n","protected":false},"author":1,"featured_media":0,"parent":0,"menu_order":0,"comment_status":"closed","ping_status":"closed","template":"","meta":{"footnotes":""},"class_list":["post-3699","page","type-page","status-publish","hentry"],"aioseo_notices":[],"_links":{"self":[{"href":"https:\/\/www.encontraosasco.com.br\/sobre\/wp-json\/wp\/v2\/pages\/3699"}],"collection":[{"href":"https:\/\/www.encontraosasco.com.br\/sobre\/wp-json\/wp\/v2\/pages"}],"about":[{"href":"https:\/\/www.encontraosasco.com.br\/sobre\/wp-json\/wp\/v2\/types\/page"}],"author":[{"embeddable":true,"href":"https:\/\/www.encontraosasco.com.br\/sobre\/wp-json\/wp\/v2\/users\/1"}],"replies":[{"embeddable":true,"href":"https:\/\/www.encontraosasco.com.br\/sobre\/wp-json\/wp\/v2\/comments?post=3699"}],"version-history":[{"count":0,"href":"https:\/\/www.encontraosasco.com.br\/sobre\/wp-json\/wp\/v2\/pages\/3699\/revisions"}],"wp:attachment":[{"href":"https:\/\/www.encontraosasco.com.br\/sobre\/wp-json\/wp\/v2\/media?parent=3699"}],"curies":[{"name":"wp","href":"https:\/\/api.w.org\/{rel}","templated":true}]}}