{"id":3724,"date":"2017-09-05T15:34:41","date_gmt":"2017-09-05T18:34:41","guid":{"rendered":"http:\/\/www.encontraosasco.com.br\/sobre\/?page_id=3724"},"modified":"2017-09-05T15:34:41","modified_gmt":"2017-09-05T18:34:41","slug":"audax-osasco","status":"publish","type":"page","link":"https:\/\/www.encontraosasco.com.br\/sobre\/audax-osasco\/","title":{"rendered":"Audax Osasco"},"content":{"rendered":"<div class=\"90b156a7006dfc5832b0651c68b7182c\" data-index=\"1\" style=\"float: none; margin:0px;\">\n<script async src=\"https:\/\/pagead2.googlesyndication.com\/pagead\/js\/adsbygoogle.js?client=ca-pub-8585364105181520\"\r\n     crossorigin=\"anonymous\"><\/script>\r\n<!-- Anuncio display - global -->\r\n<ins class=\"adsbygoogle\"\r\n     style=\"display:block\"\r\n     data-ad-client=\"ca-pub-8585364105181520\"\r\n     data-ad-slot=\"8789329856\"\r\n     data-ad-format=\"auto\"\r\n     data-full-width-responsive=\"true\"><\/ins>\r\n<script>\r\n     (adsbygoogle = window.adsbygoogle || []).push({});\r\n<\/script>\n<\/div>\n<p>O Gr\u00eamio Osasco Audax, conhecido apenas por <strong>Audax Osasco<\/strong>, \u00c9 um clube brasileiro de futebol, fundado em 8 de dezembro de 1985. Disputa a S\u00e9rie A2 do Campeonato Paulista, a S\u00e9rie D do Campeonato Brasileiro e a Copa do Brasil.<\/p>\n<p>Est\u00e1 sediado em Osasco, mant\u00e9m seu centro de treinamento na Vila Yolanda e um est\u00e1dio na Cidade de Deus dentro do Bradesco, onde a base do Audax manda seus jogos.<\/p>\n<p><img loading=\"lazy\" decoding=\"async\" class=\"alignnone wp-image-3622 size-full\" title=\"Audax Osasco\" src=\"http:\/\/www.encontraosasco.com.br\/sobre\/wp-content\/uploads\/2017\/08\/audax-osasco.jpg\" alt=\"Audax Osasco\" width=\"680\" height=\"189\" srcset=\"https:\/\/www.encontraosasco.com.br\/sobre\/wp-content\/uploads\/2017\/08\/audax-osasco.jpg 680w, https:\/\/www.encontraosasco.com.br\/sobre\/wp-content\/uploads\/2017\/08\/audax-osasco-300x83.jpg 300w\" sizes=\"(max-width: 680px) 100vw, 680px\" \/><\/p>\n<h2>Audax\u00a0Osasco Feminino<\/h2>\n<p>A trajet\u00f3ria do <span style=\"text-decoration: underline;\">Audax Osasco Feminino<\/span> come\u00e7ou em 2015. Com a parceria com o Sport Club Corinthians Paulista para a disputa das principais competi\u00e7\u00f5es, viveu bons momentos. Sob comando do t\u00e9cnico Arthur Elias, do clube do Parque de S\u00e3o Jorge, conquistou um t\u00edtulo nacional. Agora, Audax segue pronto para novos desafios dividido em Corinthians\/Audax e Audax\/UNIP.<\/p>\n<h3>Audax Osasco Camisa<\/h3>\n<p>Voc\u00ea pode encontrar a <em>camisa do Audax Osasco<\/em> na loja do Est\u00e1dio do Rochdale em Osasco e tamb\u00e9m nas lojas de artigos esportivos.<em><br \/>\n<\/em><\/p>\n<h3>Audax\u00a0Osasco Peneira<\/h3>\n<p>No inicio do ano o Audax Osasco realiza uma <span style=\"text-decoration: underline;\">peneira<\/span> para a categoria de base de seu elenco. Os interessados devem ter 18 anos completos e comparecer ao Centro de Treinamento munido de Rg, atestado m\u00e9dico, cal\u00e7\u00e3o e t\u00eanis Society. Visite o site para maiores informa\u00e7\u00f5es.<em><br \/>\n<\/em><\/p>\n<h3>Hor\u00e1rio de Funcionamento Audax\u00a0em Osasco<\/h3>\n<ul>\n<li>Os hor\u00e1rios de treinamento do Audax Osasco devem ser consultados no Centro de Treinamento do time.<\/li>\n<\/ul>\n<h3>Endere\u00e7o e Telefone Audax\u00a0em Osasco<\/h3>\n<ul>\n<li>Rua\u00a0Iolanda Tredezini Massi, 100 &#8211; Vila Yolanda &#8211; Osasco &#8211; SP<\/li>\n<li>Telefone: (11) 3699-8310<\/li>\n<\/ul>\n<h4>Outras informa\u00e7\u00f5es e site<\/h4>\n<ul>\n<li>Mais informa\u00e7\u00f5es:\u00a0<a href=\"http:\/\/www.audaxsp.com.br\/\" target=\"_blank\" rel=\"noopener noreferrer\">www.audaxsp.com.br<\/a><\/li>\n<li>E-mail: imprensa@gremioosasco.com.br<\/li>\n<\/ul>\n<h4>Mapa de localiza\u00e7\u00e3o<\/h4>\n<a class=\"wp-colorbox-iframe\" href=\"https:\/\/www.google.com\/maps\/embed?pb=!1m18!1m12!1m3!1d3657.6924920799283!2d-46.79205848502255!3d-23.54356008469171!2m3!1f0!2f0!3f0!3m2!1i1024!2i768!4f13.1!3m3!1m2!1s0x94ceffa1c0ddcc250xec4478e1d591fb1c!2sR.+Iolanda+Tredezini+Mossi+100+-+Vila+Yolanda+Osasco+-+SP+06120-190!5e0!3m2!1spt-BR!2sbr!4v1503244954078\"><img decoding=\"async\" src=\"http:\/\/www.encontraosasco.com.br\/imgs\/maps-post.png\"><\/a>\n\n<div style=\"font-size: 0px; height: 0px; line-height: 0px; margin: 0; padding: 0; clear: both;\"><\/div>","protected":false},"excerpt":{"rendered":"<p>O Gr\u00eamio Osasco Audax, conhecido apenas por Audax Osasco, \u00c9 um clube brasileiro de futebol, fundado em 8 de dezembro de 1985. Disputa a S\u00e9rie A2 do Campeonato Paulista, a S\u00e9rie D do Campeonato Brasileiro e a Copa do Brasil. Est\u00e1 sediado em Osasco, mant\u00e9m seu centro de treinamento na Vila Yolanda e um est\u00e1dio na Cidade de Deus dentro do Bradesco, onde a base do Audax manda seus jogos. Audax\u00a0Osasco Feminino A trajet\u00f3ria do Audax Osasco Feminino come\u00e7ou em 2015. Com a parceria com o Sport Club Corinthians Paulista para a disputa das principais competi\u00e7\u00f5es, viveu bons momentos. Sob <\/p>\n","protected":false},"author":1,"featured_media":0,"parent":0,"menu_order":0,"comment_status":"closed","ping_status":"closed","template":"","meta":{"footnotes":""},"class_list":["post-3724","page","type-page","status-publish","hentry"],"aioseo_notices":[],"_links":{"self":[{"href":"https:\/\/www.encontraosasco.com.br\/sobre\/wp-json\/wp\/v2\/pages\/3724"}],"collection":[{"href":"https:\/\/www.encontraosasco.com.br\/sobre\/wp-json\/wp\/v2\/pages"}],"about":[{"href":"https:\/\/www.encontraosasco.com.br\/sobre\/wp-json\/wp\/v2\/types\/page"}],"author":[{"embeddable":true,"href":"https:\/\/www.encontraosasco.com.br\/sobre\/wp-json\/wp\/v2\/users\/1"}],"replies":[{"embeddable":true,"href":"https:\/\/www.encontraosasco.com.br\/sobre\/wp-json\/wp\/v2\/comments?post=3724"}],"version-history":[{"count":0,"href":"https:\/\/www.encontraosasco.com.br\/sobre\/wp-json\/wp\/v2\/pages\/3724\/revisions"}],"wp:attachment":[{"href":"https:\/\/www.encontraosasco.com.br\/sobre\/wp-json\/wp\/v2\/media?parent=3724"}],"curies":[{"name":"wp","href":"https:\/\/api.w.org\/{rel}","templated":true}]}}