{"id":3844,"date":"2017-09-26T10:16:50","date_gmt":"2017-09-26T13:16:50","guid":{"rendered":"http:\/\/www.encontraosasco.com.br\/sobre\/?page_id=3844"},"modified":"2017-11-14T12:55:38","modified_gmt":"2017-11-14T15:55:38","slug":"parque-chico-mendes","status":"publish","type":"page","link":"https:\/\/www.encontraosasco.com.br\/sobre\/parque-chico-mendes\/","title":{"rendered":"Parque Chico Mendes Osasco"},"content":{"rendered":"<div class=\"90b156a7006dfc5832b0651c68b7182c\" data-index=\"1\" style=\"float: none; margin:0px;\">\n<script async src=\"https:\/\/pagead2.googlesyndication.com\/pagead\/js\/adsbygoogle.js?client=ca-pub-8585364105181520\"\r\n     crossorigin=\"anonymous\"><\/script>\r\n<!-- Anuncio display - global -->\r\n<ins class=\"adsbygoogle\"\r\n     style=\"display:block\"\r\n     data-ad-client=\"ca-pub-8585364105181520\"\r\n     data-ad-slot=\"8789329856\"\r\n     data-ad-format=\"auto\"\r\n     data-full-width-responsive=\"true\"><\/ins>\r\n<script>\r\n     (adsbygoogle = window.adsbygoogle || []).push({});\r\n<\/script>\n<\/div>\n<p>O <strong>Parque Chico Mendes Osasco<\/strong> tem \u00e1rea de 114.000m2, que at\u00e9 a primeira metade do s\u00e9culo XX, era sede da fazenda da fam\u00edlia Lunardelli. Foi doada ao Munic\u00edpio em 1969. Tem entre seus muitos atrativos um casar\u00e3o que serviu de sede de moradia de alguns prefeitos. Em 1991, tornou-se \u00e1rea de preserva\u00e7\u00e3o ambiental, aberta \u00e0 visita\u00e7\u00e3o p\u00fablica. Seu nome foi escolhido em homenagem ao seringueiro e ambientalista Chico Mendes, assassinado em 1988.<\/p>\n<p><img loading=\"lazy\" decoding=\"async\" class=\"alignnone wp-image-3853 size-full\" title=\"Parque Chico Mendes Osasco\" src=\"http:\/\/www.encontraosasco.com.br\/sobre\/wp-content\/uploads\/2017\/09\/parque-chico-mendes-osasco.jpg\" alt=\"Parque Chico Mendes Osasco\" width=\"680\" height=\"189\" srcset=\"https:\/\/www.encontraosasco.com.br\/sobre\/wp-content\/uploads\/2017\/09\/parque-chico-mendes-osasco.jpg 680w, https:\/\/www.encontraosasco.com.br\/sobre\/wp-content\/uploads\/2017\/09\/parque-chico-mendes-osasco-300x83.jpg 300w\" sizes=\"(max-width: 680px) 100vw, 680px\" \/><\/p>\n<p>O local \u00e9 dotado de um N\u00facleo de Educa\u00e7\u00e3o Ambiental, cujas instala\u00e7\u00f5es datam do in\u00edcio do s\u00e9culo XX e possuem grande valor hist\u00f3rico e cultural. Tamb\u00e9m \u00e9 provido de duas quadras esportivas cobertas e um campo de futebol society; viveiros de plantas; um lago com patos, peixes e tartarugas; um minhoc\u00e1rio; hortas; um coreto; e um playground. \u00c9 um parque de grande valor ambiental, pois condensa um n\u00famero expressivo de \u00e1rvores, al\u00e9m de abrigar a nascente do c\u00f3rrego Bussocaba.<\/p>\n<h2>Parque Chico Mendes\u00a0Osasco\u00a0Atividades<\/h2>\n<p>Em 13 de novembro de 2006 o Parque Chico Mendes ganhou um jardim japon\u00eas, em comemora\u00e7\u00e3o aos 30 anos do conv\u00eanio entre as cidades-irm\u00e3s Osasco e Tsu.\u00a0No Parque funciona tamb\u00e9m o Projeto Equoterapia, sob a gest\u00e3o da Secretaria de Educa\u00e7\u00e3o. Atende cerca de 150 pessoas portadoras de defici\u00eancia f\u00edsica e mental.<\/p>\n<h3>Parque Chico Mendes\u00a0Osasco\u00a0Cursos<\/h3>\n<div>O Parque Chico Mendes possui <em>cursos<\/em> de Horticultura Natural e Produ\u00e7\u00e3o de Flores e Jardinagem. S\u00e3o duas turmas num total de 84 alunos, sendo 40 vagas no curso de Horticultura Natural \u00a0que acontece no per\u00edodo das manh\u00e3 (09h00 \u00e0s 12h00) e 44\u00a0vagas no curso de Produ\u00e7\u00e3o de Flores e Jardinagem (13h00 \u00e0s 17h00).<\/div>\n<div><\/div>\n<div>Maiores informa\u00e7\u00f5es sobre os cursos em andamento e para as pr\u00f3ximas turmas podem ser obtidas atrav\u00e9s do telefone 3591-1828 ou pelo e-mail sema@osasco.sp.gov.br.<\/div>\n<h3>Hor\u00e1rio de Funcionamento Parque Chico Mendes\u00a0em Osasco<\/h3>\n<ul>\n<li>Segunda a Sexta: das 07h \u00e0s 17h30<\/li>\n<\/ul>\n<h3>Endere\u00e7o e Telefone Parque Chico Mendes\u00a0em Osasco<\/h3>\n<ul>\n<li>Rua L\u00e1zaro Suave, 15 &#8211; Osasco &#8211; SP<\/li>\n<li>Telefone: (11) 3591-0405<\/li>\n<\/ul>\n<h3>Outras informa\u00e7\u00f5es e site<\/h3>\n<ul>\n<li>Mais informa\u00e7\u00f5es:\u00a0<a href=\"https:\/\/catracalivre.com.br\/sp\/lugares\/parque-chico-mendes-osasco\/\" target=\"_blank\" rel=\"noopener noreferrer\">www\/catracalivre.com.br\/sp\/lugares\/parque-chico-mendes-osasco\/<\/a><\/li>\n<\/ul>\n<h4>Mapa de localiza\u00e7\u00e3o<\/h4>\n<a class=\"wp-colorbox-iframe\" href=\"https:\/\/www.google.com\/maps\/embed?pb=!1m14!1m8!1m3!1d14627.67104859304!2d-46.7840337!3d-23.5713969!3m2!1i1024!2i768!4f13.1!3m3!1m2!1s0x00x75d6441b9fc0174d!2sParque+Chico+Mendes!5e0!3m2!1spt-BR!2sbr!4v1506431773291\"><img decoding=\"async\" src=\"http:\/\/www.encontraosasco.com.br\/imgs\/maps-post.png\"><\/a>\n\n<div style=\"font-size: 0px; height: 0px; line-height: 0px; margin: 0; padding: 0; clear: both;\"><\/div>","protected":false},"excerpt":{"rendered":"<p>O Parque Chico Mendes Osasco tem \u00e1rea de 114.000m2, que at\u00e9 a primeira metade do s\u00e9culo XX, era sede da fazenda da fam\u00edlia Lunardelli. Foi doada ao Munic\u00edpio em 1969. Tem entre seus muitos atrativos um casar\u00e3o que serviu de sede de moradia de alguns prefeitos. Em 1991, tornou-se \u00e1rea de preserva\u00e7\u00e3o ambiental, aberta \u00e0 visita\u00e7\u00e3o p\u00fablica. Seu nome foi escolhido em homenagem ao seringueiro e ambientalista Chico Mendes, assassinado em 1988. O local \u00e9 dotado de um N\u00facleo de Educa\u00e7\u00e3o Ambiental, cujas instala\u00e7\u00f5es datam do in\u00edcio do s\u00e9culo XX e possuem grande valor hist\u00f3rico e cultural. Tamb\u00e9m \u00e9 provido <\/p>\n","protected":false},"author":1,"featured_media":0,"parent":0,"menu_order":0,"comment_status":"closed","ping_status":"closed","template":"","meta":{"footnotes":""},"class_list":["post-3844","page","type-page","status-publish","hentry"],"aioseo_notices":[],"_links":{"self":[{"href":"https:\/\/www.encontraosasco.com.br\/sobre\/wp-json\/wp\/v2\/pages\/3844"}],"collection":[{"href":"https:\/\/www.encontraosasco.com.br\/sobre\/wp-json\/wp\/v2\/pages"}],"about":[{"href":"https:\/\/www.encontraosasco.com.br\/sobre\/wp-json\/wp\/v2\/types\/page"}],"author":[{"embeddable":true,"href":"https:\/\/www.encontraosasco.com.br\/sobre\/wp-json\/wp\/v2\/users\/1"}],"replies":[{"embeddable":true,"href":"https:\/\/www.encontraosasco.com.br\/sobre\/wp-json\/wp\/v2\/comments?post=3844"}],"version-history":[{"count":0,"href":"https:\/\/www.encontraosasco.com.br\/sobre\/wp-json\/wp\/v2\/pages\/3844\/revisions"}],"wp:attachment":[{"href":"https:\/\/www.encontraosasco.com.br\/sobre\/wp-json\/wp\/v2\/media?parent=3844"}],"curies":[{"name":"wp","href":"https:\/\/api.w.org\/{rel}","templated":true}]}}