{"id":3847,"date":"2017-09-28T10:41:04","date_gmt":"2017-09-28T13:41:04","guid":{"rendered":"http:\/\/www.encontraosasco.com.br\/sobre\/?page_id=3847"},"modified":"2017-11-14T20:16:59","modified_gmt":"2017-11-14T23:16:59","slug":"procon-osasco","status":"publish","type":"page","link":"https:\/\/www.encontraosasco.com.br\/sobre\/procon-osasco\/","title":{"rendered":"Procon Osasco"},"content":{"rendered":"<div class=\"90b156a7006dfc5832b0651c68b7182c\" data-index=\"1\" style=\"float: none; margin:0px;\">\n<script async src=\"https:\/\/pagead2.googlesyndication.com\/pagead\/js\/adsbygoogle.js?client=ca-pub-8585364105181520\"\r\n     crossorigin=\"anonymous\"><\/script>\r\n<!-- Anuncio display - global -->\r\n<ins class=\"adsbygoogle\"\r\n     style=\"display:block\"\r\n     data-ad-client=\"ca-pub-8585364105181520\"\r\n     data-ad-slot=\"8789329856\"\r\n     data-ad-format=\"auto\"\r\n     data-full-width-responsive=\"true\"><\/ins>\r\n<script>\r\n     (adsbygoogle = window.adsbygoogle || []).push({});\r\n<\/script>\n<\/div>\n<p>O\u00a0<em>Programa de Prote\u00e7\u00e3o e Defesa do Consumidor ( Procon )<\/em>\u00a0\u00e9 uma funda\u00e7\u00e3o presente em diversos estados e munic\u00edpios brasileiros com personalidade jur\u00eddica de direito p\u00fablico. \u00c9 uma entidade vinculada \u00e0\u00a0<em>Secretaria da Justi\u00e7a e da Defesa da Cidadania<\/em>, cujo objetivo \u00e9 elaborar e executar a pol\u00edtica estadual de prote\u00e7\u00e3o e defesa do consumidor.<\/p>\n<p>O\u00a0<strong>Procon Osasco<\/strong>\u00a0funciona dentro da Prefeitura do Munic\u00edpio, veja maiores informa\u00e7\u00f5es a seguir.<\/p>\n<p><img loading=\"lazy\" decoding=\"async\" class=\"alignnone wp-image-3855 size-full\" title=\"Procon Osasco\" src=\"http:\/\/www.encontraosasco.com.br\/sobre\/wp-content\/uploads\/2017\/09\/procon-osasco.jpg\" alt=\"Procon Osasco\" width=\"680\" height=\"189\" srcset=\"https:\/\/www.encontraosasco.com.br\/sobre\/wp-content\/uploads\/2017\/09\/procon-osasco.jpg 680w, https:\/\/www.encontraosasco.com.br\/sobre\/wp-content\/uploads\/2017\/09\/procon-osasco-300x83.jpg 300w\" sizes=\"(max-width: 680px) 100vw, 680px\" \/><\/p>\n<h2>Procon\u00a0Osasco Atendimento<\/h2>\n<p>O Procon em Osasco funciona nas depend\u00eancias da <a href=\"http:\/\/www.encontraosasco.com.br\/sobre\/prefeitura-de-osasco\/\">Prefeitura<\/a> e o <span style=\"text-decoration: underline;\">atendimento<\/span> \u00e9 feito por meio de senhas. Os Mun\u00edcipes devem chegar cedo para conseguir uma senha para atendimento.<\/p>\n<h3>Procon\u00a0em Osasco Shopping Uni\u00e3o<\/h3>\n<p>O Procon Osasco funciona dentro do <a href=\"http:\/\/www.encontraosasco.com.br\/sobre\/poupatempo-osasco\/\">Poupa Tempo <\/a>no Shopping Uni\u00e3o.<\/p>\n<h3>Procon\u00a0em\u00a0Carapicuiba<\/h3>\n<p>O Procon na cidade de<em> Carapicu\u00edba<\/em> fica locado no Poupa Tempo da cidade, situado na\u00a0Avenida Presidente Vargas, 280 &#8211; Vila Caldas\u00a0&#8211; Carapicu\u00edba &#8211; SP<\/p>\n<h3>Hor\u00e1rio de Funcionamento\u00a0Procon\u00a0em Osasco<\/h3>\n<ul>\n<li>Segunda a Sexta: das 08h \u00e0s 16h<\/li>\n<\/ul>\n<h3>Endere\u00e7o e Telefone\u00a0Procon\u00a0em Osasco<\/h3>\n<ul>\n<li>Av. Bussocaba, 300 &#8211; sala 33 &#8211; Osasco &#8211; SP<\/li>\n<li>Telefone: (11)\u00a03683-4000<\/li>\n<\/ul>\n<h3>Outras informa\u00e7\u00f5es e site<\/h3>\n<ul>\n<li>Mais informa\u00e7\u00f5es:\u00a0<a href=\"http:\/\/www.procon.sp.gov.br\/\" target=\"_blank\" rel=\"noopener noreferrer\">www.procon.sp.gov.br<\/a><\/li>\n<\/ul>\n<h4>Mapa de localiza\u00e7\u00e3o<\/h4>\n<a class=\"wp-colorbox-iframe\" href=\"https:\/\/www.google.com\/maps\/embed?pb=!1m18!1m12!1m3!1d3657.7395044491004!2d-46.77505918502261!3d-23.54186988469262!2m3!1f0!2f0!3f0!3m2!1i1024!2i768!4f13.1!3m3!1m2!1s0x94ceff6c6eddea4b0x27ae787e2bd56915!2sAv.+Bussocaba+300+-+33+-+Vila+Campesina+Osasco+-+SP+06023-020!5e0!3m2!1spt-BR!2sbr!4v1506605913331\"><img decoding=\"async\" src=\"http:\/\/www.encontraosasco.com.br\/imgs\/maps-post.png\"><\/a>\n\n<div style=\"font-size: 0px; height: 0px; line-height: 0px; margin: 0; padding: 0; clear: both;\"><\/div>","protected":false},"excerpt":{"rendered":"<p>O\u00a0Programa de Prote\u00e7\u00e3o e Defesa do Consumidor ( Procon )\u00a0\u00e9 uma funda\u00e7\u00e3o presente em diversos estados e munic\u00edpios brasileiros com personalidade jur\u00eddica de direito p\u00fablico. \u00c9 uma entidade vinculada \u00e0\u00a0Secretaria da Justi\u00e7a e da Defesa da Cidadania, cujo objetivo \u00e9 elaborar e executar a pol\u00edtica estadual de prote\u00e7\u00e3o e defesa do consumidor. O\u00a0Procon Osasco\u00a0funciona dentro da Prefeitura do Munic\u00edpio, veja maiores informa\u00e7\u00f5es a seguir. Procon\u00a0Osasco Atendimento O Procon em Osasco funciona nas depend\u00eancias da Prefeitura e o atendimento \u00e9 feito por meio de senhas. Os Mun\u00edcipes devem chegar cedo para conseguir uma senha para atendimento. Procon\u00a0em Osasco Shopping Uni\u00e3o O <\/p>\n","protected":false},"author":1,"featured_media":0,"parent":0,"menu_order":0,"comment_status":"closed","ping_status":"closed","template":"","meta":{"footnotes":""},"class_list":["post-3847","page","type-page","status-publish","hentry"],"aioseo_notices":[],"_links":{"self":[{"href":"https:\/\/www.encontraosasco.com.br\/sobre\/wp-json\/wp\/v2\/pages\/3847"}],"collection":[{"href":"https:\/\/www.encontraosasco.com.br\/sobre\/wp-json\/wp\/v2\/pages"}],"about":[{"href":"https:\/\/www.encontraosasco.com.br\/sobre\/wp-json\/wp\/v2\/types\/page"}],"author":[{"embeddable":true,"href":"https:\/\/www.encontraosasco.com.br\/sobre\/wp-json\/wp\/v2\/users\/1"}],"replies":[{"embeddable":true,"href":"https:\/\/www.encontraosasco.com.br\/sobre\/wp-json\/wp\/v2\/comments?post=3847"}],"version-history":[{"count":0,"href":"https:\/\/www.encontraosasco.com.br\/sobre\/wp-json\/wp\/v2\/pages\/3847\/revisions"}],"wp:attachment":[{"href":"https:\/\/www.encontraosasco.com.br\/sobre\/wp-json\/wp\/v2\/media?parent=3847"}],"curies":[{"name":"wp","href":"https:\/\/api.w.org\/{rel}","templated":true}]}}