{"id":3866,"date":"2017-09-29T13:52:04","date_gmt":"2017-09-29T16:52:04","guid":{"rendered":"http:\/\/www.encontraosasco.com.br\/sobre\/?page_id=3866"},"modified":"2017-09-29T13:53:24","modified_gmt":"2017-09-29T16:53:24","slug":"continental-shopping-osasco","status":"publish","type":"page","link":"https:\/\/www.encontraosasco.com.br\/sobre\/continental-shopping-osasco\/","title":{"rendered":"Continental Shopping Osasco"},"content":{"rendered":"<div class=\"90b156a7006dfc5832b0651c68b7182c\" data-index=\"1\" style=\"float: none; margin:0px;\">\n<script async src=\"https:\/\/pagead2.googlesyndication.com\/pagead\/js\/adsbygoogle.js?client=ca-pub-8585364105181520\"\r\n     crossorigin=\"anonymous\"><\/script>\r\n<!-- Anuncio display - global -->\r\n<ins class=\"adsbygoogle\"\r\n     style=\"display:block\"\r\n     data-ad-client=\"ca-pub-8585364105181520\"\r\n     data-ad-slot=\"8789329856\"\r\n     data-ad-format=\"auto\"\r\n     data-full-width-responsive=\"true\"><\/ins>\r\n<script>\r\n     (adsbygoogle = window.adsbygoogle || []).push({});\r\n<\/script>\n<\/div>\n<p>Inaugurado em outubro de 1975, o <strong>Continental Shopping Osasco<\/strong> est\u00e1 estruturado para atender o p\u00fablico da zona oeste da cidade de S\u00e3o Paulo, que mora, trabalha ou estuda nos bairros do Parque Continental, Butant\u00e3, Pinheiros, Lapa, Jaguar\u00e9, Parque dos Pr\u00edncipes, City Am\u00e9rica, City Lapa, Granja Viana, Tambor\u00e9, Alphaville, Aldeia da Serra e nos munic\u00edpios de Osasco, Cotia, Barueri, etc.<\/p>\n<p>Com um mix completo, o Continental possui 180 lojas distribu\u00eddas em quatro amplos pisos, agregando grandes redes varejistas como a Renner, Casas Bahia, Americanas Express, e muitas outras. Com ampla pra\u00e7a de alimenta\u00e7\u00e3o, o cliente tem \u00e0 disposi\u00e7\u00e3o dezenas de fast food e 05 restaurantes.<\/p>\n<p><img loading=\"lazy\" decoding=\"async\" class=\"alignnone wp-image-3867 size-full\" title=\"Continental Shopping Osasco\" src=\"http:\/\/www.encontraosasco.com.br\/sobre\/wp-content\/uploads\/2017\/09\/continental-shopping-osasco.jpg\" alt=\"Continental Shopping Osasco\" width=\"680\" height=\"189\" srcset=\"https:\/\/www.encontraosasco.com.br\/sobre\/wp-content\/uploads\/2017\/09\/continental-shopping-osasco.jpg 680w, https:\/\/www.encontraosasco.com.br\/sobre\/wp-content\/uploads\/2017\/09\/continental-shopping-osasco-300x83.jpg 300w\" sizes=\"(max-width: 680px) 100vw, 680px\" \/><\/p>\n<p>No piso Boulevard, est\u00e3o concentrados os prestadores de servi\u00e7os como terminais banc\u00e1rios, casa de c\u00e2mbio e muito outros, mas em especial, o frequentador do Continental conta com uma cl\u00ednica ortop\u00e9dica, uma unidade do Dr. Consulta, um est\u00fadio de pilates e duas academias, a Bio Ritmo com equipamentos modernos e a Boa Forma, que oferece a metodologia de ensino do campe\u00e3o ol\u00edmpico Gustavo Borges.<\/p>\n<h2>Shopping Continental\u00a0Osasco\u00a0Boliche<\/h2>\n<p>O boliche Pista 12 \u00e9 um centro de\u00a0<strong>divers\u00e3o familiar<\/strong>, onde pessoas com 8 ou 80 anos podem se divertir juntas. O Boliche oferece o que existe de melhor em<strong>\u00a0boliche<\/strong>, s\u00e3o v\u00e1rias pistas distribu\u00eddas no Continental Shopping. A divers\u00e3o no Pista 12 \u00e9 completa, al\u00e9m das\u00a0<strong>modernas pistas<\/strong>\u00a0de boliche as casas oferecem outras atra\u00e7\u00f5es: games eletr\u00f4nicos, espa\u00e7o reservado, lanchonete, bar e snooker.<\/p>\n<h3>Shopping Continental\u00a0Osasco Lojas<\/h3>\n<p><em>O Shopping Continental conta com 155 lojas.\u00a0\u00a0<\/em>As lojas variam desde Acess\u00f3rios Diversos, Acess\u00f3rios para Celular at\u00e9 Bolsas e Acess\u00f3rios e Perfumaria e Cosm\u00e9ticos. \u00c9 poss\u00edvel consultar no site do\u00a0Continental Shopping todas as lojas.<\/p>\n<h3>Hor\u00e1rio de Funcionamento\u00a0Continental Shopping em Osasco<\/h3>\n<ul>\n<li>Lojas \u2013 Segunda a S\u00e1bado das 10 \u00e0s 22hrs e Domingos e Feriados das 14 \u00e0s 20hrs<\/li>\n<li>Alimenta\u00e7\u00e3o e Lazer \u2013 Todos os dias das 11 \u00e0s 22hrs<\/li>\n<\/ul>\n<h3>Endere\u00e7o e Telefone Continental Shopping em Osasco<\/h3>\n<ul>\n<li>Avenida Le\u00e3o Machado, 100 &#8211; Osasco &#8211; SP<\/li>\n<li>Telefone: (11)\u00a02666-3830<\/li>\n<\/ul>\n<h4>Outras informa\u00e7\u00f5es e site<\/h4>\n<ul>\n<li>Mais informa\u00e7\u00f5es:\u00a0<a href=\"http:\/\/continentalshopping.com.br\/\" target=\"_blank\" rel=\"noopener noreferrer\">www.continentalshopping.com.br\/<\/a><\/li>\n<li>E-mail: sac@continentalshopping.com.br<\/li>\n<\/ul>\n<h4>Mapa de localiza\u00e7\u00e3o<\/h4>\n<a class=\"wp-colorbox-iframe\" href=\"https:\/\/www.google.com\/maps\/embed?pb=!1m18!1m12!1m3!1d3657.5789950773133!2d-46.75916618502245!3d-23.547640084689743!2m3!1f0!2f0!3f0!3m2!1i1024!2i768!4f13.1!3m3!1m2!1s0x94ceff50acd56ad10x6030783b65c9bb67!2sAv.+Leo+Machado+100+-+Jaguare+So+Paulo+-+SP+05328-020!5e0!3m2!1spt-BR!2sbr!4v1506703656358\"><img decoding=\"async\" src=\"http:\/\/www.encontraosasco.com.br\/imgs\/maps-post.png\"><\/a>\n\n<div style=\"font-size: 0px; height: 0px; line-height: 0px; margin: 0; padding: 0; clear: both;\"><\/div>","protected":false},"excerpt":{"rendered":"<p>Inaugurado em outubro de 1975, o Continental Shopping Osasco est\u00e1 estruturado para atender o p\u00fablico da zona oeste da cidade de S\u00e3o Paulo, que mora, trabalha ou estuda nos bairros do Parque Continental, Butant\u00e3, Pinheiros, Lapa, Jaguar\u00e9, Parque dos Pr\u00edncipes, City Am\u00e9rica, City Lapa, Granja Viana, Tambor\u00e9, Alphaville, Aldeia da Serra e nos munic\u00edpios de Osasco, Cotia, Barueri, etc. Com um mix completo, o Continental possui 180 lojas distribu\u00eddas em quatro amplos pisos, agregando grandes redes varejistas como a Renner, Casas Bahia, Americanas Express, e muitas outras. Com ampla pra\u00e7a de alimenta\u00e7\u00e3o, o cliente tem \u00e0 disposi\u00e7\u00e3o dezenas de fast <\/p>\n","protected":false},"author":1,"featured_media":0,"parent":0,"menu_order":0,"comment_status":"closed","ping_status":"closed","template":"","meta":{"footnotes":""},"class_list":["post-3866","page","type-page","status-publish","hentry"],"aioseo_notices":[],"_links":{"self":[{"href":"https:\/\/www.encontraosasco.com.br\/sobre\/wp-json\/wp\/v2\/pages\/3866"}],"collection":[{"href":"https:\/\/www.encontraosasco.com.br\/sobre\/wp-json\/wp\/v2\/pages"}],"about":[{"href":"https:\/\/www.encontraosasco.com.br\/sobre\/wp-json\/wp\/v2\/types\/page"}],"author":[{"embeddable":true,"href":"https:\/\/www.encontraosasco.com.br\/sobre\/wp-json\/wp\/v2\/users\/1"}],"replies":[{"embeddable":true,"href":"https:\/\/www.encontraosasco.com.br\/sobre\/wp-json\/wp\/v2\/comments?post=3866"}],"version-history":[{"count":0,"href":"https:\/\/www.encontraosasco.com.br\/sobre\/wp-json\/wp\/v2\/pages\/3866\/revisions"}],"wp:attachment":[{"href":"https:\/\/www.encontraosasco.com.br\/sobre\/wp-json\/wp\/v2\/media?parent=3866"}],"curies":[{"name":"wp","href":"https:\/\/api.w.org\/{rel}","templated":true}]}}