{"id":3894,"date":"2017-10-01T12:32:21","date_gmt":"2017-10-01T15:32:21","guid":{"rendered":"http:\/\/www.encontraosasco.com.br\/sobre\/?page_id=3894"},"modified":"2017-10-01T12:33:51","modified_gmt":"2017-10-01T15:33:51","slug":"receita-federal-osasco","status":"publish","type":"page","link":"https:\/\/www.encontraosasco.com.br\/sobre\/receita-federal-osasco\/","title":{"rendered":"Receita Federal Osasco"},"content":{"rendered":"<div class=\"90b156a7006dfc5832b0651c68b7182c\" data-index=\"1\" style=\"float: none; margin:0px;\">\n<script async src=\"https:\/\/pagead2.googlesyndication.com\/pagead\/js\/adsbygoogle.js?client=ca-pub-8585364105181520\"\r\n     crossorigin=\"anonymous\"><\/script>\r\n<!-- Anuncio display - global -->\r\n<ins class=\"adsbygoogle\"\r\n     style=\"display:block\"\r\n     data-ad-client=\"ca-pub-8585364105181520\"\r\n     data-ad-slot=\"8789329856\"\r\n     data-ad-format=\"auto\"\r\n     data-full-width-responsive=\"true\"><\/ins>\r\n<script>\r\n     (adsbygoogle = window.adsbygoogle || []).push({});\r\n<\/script>\n<\/div>\n<p>A Secretaria da Receita Federal do Brasil \u00e9 um \u00f3rg\u00e3o espec\u00edfico, singular, subordinado ao Minist\u00e9rio da Fazenda, exercendo fun\u00e7\u00f5es essenciais para que o Estado possa cumprir seus objetivos. \u00c9 respons\u00e1vel pela administra\u00e7\u00e3o dos tributos de compet\u00eancia da Uni\u00e3o, inclusive os previdenci\u00e1rios, e aqueles incidentes sobre o com\u00e9rcio exterior, abrangendo parte significativa das contribui\u00e7\u00f5es sociais do Pa\u00eds.<\/p>\n<p><img loading=\"lazy\" decoding=\"async\" class=\"alignnone wp-image-3895 size-full\" title=\"Receita Federal Osasco\" src=\"http:\/\/www.encontraosasco.com.br\/sobre\/wp-content\/uploads\/2017\/10\/receita-federal-osasco.jpg\" alt=\"Receita Federal Osasco\" width=\"680\" height=\"189\" srcset=\"https:\/\/www.encontraosasco.com.br\/sobre\/wp-content\/uploads\/2017\/10\/receita-federal-osasco.jpg 680w, https:\/\/www.encontraosasco.com.br\/sobre\/wp-content\/uploads\/2017\/10\/receita-federal-osasco-300x83.jpg 300w\" sizes=\"(max-width: 680px) 100vw, 680px\" \/><\/p>\n<p>Tamb\u00e9m subsidia o Poder Executivo Federal na formula\u00e7\u00e3o da pol\u00edtica tribut\u00e1ria brasileira, previne e combate a sonega\u00e7\u00e3o fiscal, o contrabando, o descaminho, a pirataria, a fraude comercial, o tr\u00e1fico de drogas e de animais em extin\u00e7\u00e3o e outros atos il\u00edcitos relacionados ao com\u00e9rcio internacional.<\/p>\n<p>Veja maiores informa\u00e7\u00f5es sobre a <strong>Receita Federal Osasco<\/strong>.<\/p>\n<h2>Sobre\u00a0Receita Federal Osasco Agendamento<\/h2>\n<p>Alguns dos servi\u00e7os prestados pela Receita Federal s\u00e3o atendidos mediante agendamento pr\u00e9vio, consulte o site para verificar.<\/p>\n<h3>Hor\u00e1rio de Funcionamento Receita Federal em Osasco<\/h3>\n<ul>\n<li>Segunda a Sexta: das 07h \u00e0s 19h<\/li>\n<\/ul>\n<h3>Endere\u00e7o e Telefone Receita Federal em Osasco<\/h3>\n<ul>\n<li>R. Avelino Lopes, 156 &#8211; Centro\u00a0&#8211; Osasco &#8211; SP<\/li>\n<li>Telefone: (11)\u00a02856-8201<\/li>\n<\/ul>\n<h4>Outras informa\u00e7\u00f5es e site<\/h4>\n<ul>\n<li>Mais informa\u00e7\u00f5es:\u00a0<a href=\"http:\/\/idg.receita.fazenda.gov.br\/\" target=\"_blank\" rel=\"noopener noreferrer\">www.idg.receita.fazenda.gov.br<\/a><\/li>\n<\/ul>\n<h4>Mapa de localiza\u00e7\u00e3o<\/h4>\n<a class=\"wp-colorbox-iframe\" href=\"https:\/\/www.google.com\/maps\/embed?pb=!1m14!1m8!1m3!1d14631.770214160473!2d-46.7813301!3d-23.5345685!3m2!1i1024!2i768!4f13.1!3m3!1m2!1s0x00xa05efdc7b08d2aab!2sReceita+Federal!5e0!3m2!1spt-BR!2sbr!4v1506871666019\"><img decoding=\"async\" src=\"http:\/\/www.encontraosasco.com.br\/imgs\/maps-post.png\"><\/a>\n\n<div style=\"font-size: 0px; height: 0px; line-height: 0px; margin: 0; padding: 0; clear: both;\"><\/div>","protected":false},"excerpt":{"rendered":"<p>A Secretaria da Receita Federal do Brasil \u00e9 um \u00f3rg\u00e3o espec\u00edfico, singular, subordinado ao Minist\u00e9rio da Fazenda, exercendo fun\u00e7\u00f5es essenciais para que o Estado possa cumprir seus objetivos. \u00c9 respons\u00e1vel pela administra\u00e7\u00e3o dos tributos de compet\u00eancia da Uni\u00e3o, inclusive os previdenci\u00e1rios, e aqueles incidentes sobre o com\u00e9rcio exterior, abrangendo parte significativa das contribui\u00e7\u00f5es sociais do Pa\u00eds. Tamb\u00e9m subsidia o Poder Executivo Federal na formula\u00e7\u00e3o da pol\u00edtica tribut\u00e1ria brasileira, previne e combate a sonega\u00e7\u00e3o fiscal, o contrabando, o descaminho, a pirataria, a fraude comercial, o tr\u00e1fico de drogas e de animais em extin\u00e7\u00e3o e outros atos il\u00edcitos relacionados ao com\u00e9rcio internacional. <\/p>\n","protected":false},"author":1,"featured_media":0,"parent":0,"menu_order":0,"comment_status":"closed","ping_status":"closed","template":"","meta":{"footnotes":""},"class_list":["post-3894","page","type-page","status-publish","hentry"],"aioseo_notices":[],"_links":{"self":[{"href":"https:\/\/www.encontraosasco.com.br\/sobre\/wp-json\/wp\/v2\/pages\/3894"}],"collection":[{"href":"https:\/\/www.encontraosasco.com.br\/sobre\/wp-json\/wp\/v2\/pages"}],"about":[{"href":"https:\/\/www.encontraosasco.com.br\/sobre\/wp-json\/wp\/v2\/types\/page"}],"author":[{"embeddable":true,"href":"https:\/\/www.encontraosasco.com.br\/sobre\/wp-json\/wp\/v2\/users\/1"}],"replies":[{"embeddable":true,"href":"https:\/\/www.encontraosasco.com.br\/sobre\/wp-json\/wp\/v2\/comments?post=3894"}],"version-history":[{"count":0,"href":"https:\/\/www.encontraosasco.com.br\/sobre\/wp-json\/wp\/v2\/pages\/3894\/revisions"}],"wp:attachment":[{"href":"https:\/\/www.encontraosasco.com.br\/sobre\/wp-json\/wp\/v2\/media?parent=3894"}],"curies":[{"name":"wp","href":"https:\/\/api.w.org\/{rel}","templated":true}]}}