{"id":3978,"date":"2017-10-06T12:39:47","date_gmt":"2017-10-06T15:39:47","guid":{"rendered":"http:\/\/www.encontraosasco.com.br\/sobre\/?page_id=3978"},"modified":"2017-10-06T12:42:46","modified_gmt":"2017-10-06T15:42:46","slug":"escola-ceneart-osasco","status":"publish","type":"page","link":"https:\/\/www.encontraosasco.com.br\/sobre\/escola-ceneart-osasco\/","title":{"rendered":"Escola Ceneart Osasco"},"content":{"rendered":"<div class=\"90b156a7006dfc5832b0651c68b7182c\" data-index=\"1\" style=\"float: none; margin:0px;\">\n<script async src=\"https:\/\/pagead2.googlesyndication.com\/pagead\/js\/adsbygoogle.js?client=ca-pub-8585364105181520\"\r\n     crossorigin=\"anonymous\"><\/script>\r\n<!-- Anuncio display - global -->\r\n<ins class=\"adsbygoogle\"\r\n     style=\"display:block\"\r\n     data-ad-client=\"ca-pub-8585364105181520\"\r\n     data-ad-slot=\"8789329856\"\r\n     data-ad-format=\"auto\"\r\n     data-full-width-responsive=\"true\"><\/ins>\r\n<script>\r\n     (adsbygoogle = window.adsbygoogle || []).push({});\r\n<\/script>\n<\/div>\n<p>A Escola Estadual Ant\u00f4nio Raposo Tavares (Ceneart) tem apresentado bons resultados nas avalia\u00e7\u00f5es externas, efetuando um trabalho de excel\u00eancia junto \u00e0 comunidade da sua regi\u00e3o, formando a cada ano, jovens com alicerces para o exerc\u00edcio da cidadania e bem preparados para o mercado de trabalho. A \u00a0implementa\u00e7\u00e3o do projeto EMI\/JF, ir\u00e1 contribuir para: a melhoria n\u00edveis de profici\u00eancia e frequ\u00eancia dos alunos,\u00a0as condi\u00e7\u00f5es de trabalho para os professores atrav\u00e9s de uma forma\u00e7\u00e3o continuada e assessoria pedag\u00f3gica, \u00a0e \u00a0propiciar adequa\u00e7\u00f5es do espa\u00e7o escolar, visando elevar ainda mais as condi\u00e7\u00f5es gerais da unidade, na busca pela qualidade de ensino.<\/p>\n<p>Conhe\u00e7a a <strong>Escola Cenert Osasco.<\/strong><\/p>\n<p><img loading=\"lazy\" decoding=\"async\" class=\"alignnone wp-image-3979 size-full\" title=\"Escola Ceneart Osasco\" src=\"http:\/\/www.encontraosasco.com.br\/sobre\/wp-content\/uploads\/2017\/10\/ceneart-osasco.jpg\" alt=\"Escola Ceneart Osasco\" width=\"680\" height=\"189\" srcset=\"https:\/\/www.encontraosasco.com.br\/sobre\/wp-content\/uploads\/2017\/10\/ceneart-osasco.jpg 680w, https:\/\/www.encontraosasco.com.br\/sobre\/wp-content\/uploads\/2017\/10\/ceneart-osasco-300x83.jpg 300w\" sizes=\"(max-width: 680px) 100vw, 680px\" \/><\/p>\n<h2>Col\u00e9gio Ceneart Osasco Curso de L\u00ednguas<\/h2>\n<p>Alunos da rede estadual de ensino da regi\u00e3o de Osasco podem efetuar\u00a0se beneficiar de\u00a0um dos quatro cursos oferecidos pelo <em>Centro de Estudos de L\u00ednguas<\/em> da cidade. As vagas s\u00e3o para turmas de ingl\u00eas, espanhol, franc\u00eas e italiano.\u00a0Destinado a estudantes do 7\u00ba ano do Ensino Fundamental \u00e0 3\u00aa s\u00e9rie do Ensino M\u00e9dio da rede estadual de ensino, EJA e de escolas t\u00e9cnicas, as aulas ser\u00e3o na E.E Ant\u00f4nio Raposo Tavares . A ades\u00e3o deve ser feita pessoalmente pelo interessado ou pelo respons\u00e1vel, caso seja menor de idade, na escola, com a apresenta\u00e7\u00e3o da Declara\u00e7\u00e3o Escolar, xerox do RG e do comprovante de resid\u00eancia e uma foto 3X4 recente.<\/p>\n<h3>Ceneart\u00a0Osasco Boletim<\/h3>\n<p>Os alunos da rede p\u00fablica de Osasco podem acessar suas <em>notas e desemprenho escolar<\/em> no portal do aluno. Usando seu login e senha, fornecidos pela secretaria da escola. Acesse o site clicando nesse<a href=\"http:\/\/www.portaldoaluno.osasco.sp.gov.br\/PortalAluno\/\"> link.<\/a><\/p>\n<h3>\u00a0Hor\u00e1rio de Funcionamento Escola Ceneart em Osasco<\/h3>\n<ul>\n<li>Segunda a Sexta: das 07h \u00e0s 17h<\/li>\n<\/ul>\n<h3>Endere\u00e7o e Telefone\u00a0Escola Ceneart em Osasco<\/h3>\n<ul>\n<li><span class=\"_xdb\">\u00a0<\/span><span class=\"_Xbe\">Pra\u00e7a Vinte e Um de Dezembro, 22 &#8211; Centro\u00a0&#8211; Osasco &#8211; SP<\/span><\/li>\n<li>Telefone: (11)\u00a03681-8622<\/li>\n<\/ul>\n<h3>Outras informa\u00e7\u00f5es e site<\/h3>\n<ul>\n<li>Mais informa\u00e7\u00f5es:\u00a0<a href=\"https:\/\/www.facebook.com\/pg\/EeAntonioRaposoTavaresCeneart\" target=\"_blank\" rel=\"noopener noreferrer\">www.facebook.com\/pg\/EeAntonioRaposoTavaresCeneart<\/a><\/li>\n<li>E-mail:\u00a0eeceneart@ig.com.br<\/li>\n<\/ul>\n<h4>Mapa de localiza\u00e7\u00e3o<\/h4>\n<a class=\"wp-colorbox-iframe\" href=\"https:\/\/www.google.com\/maps\/embed?pb=!1m14!1m8!1m3!1d14632.553598676637!2d-46.7782749!3d-23.5275241!3m2!1i1024!2i768!4f13.1!3m3!1m2!1s0x00xedb7da98ddb25f7a!2sCENEART+-+E.+E.+Antnio+Raposo+Tavares!5e0!3m2!1spt-BR!2sbr!4v1507304189000\"><img decoding=\"async\" src=\"http:\/\/www.encontraosasco.com.br\/imgs\/maps-post.png\"><\/a>\n\n<div style=\"font-size: 0px; height: 0px; line-height: 0px; margin: 0; padding: 0; clear: both;\"><\/div>","protected":false},"excerpt":{"rendered":"<p>A Escola Estadual Ant\u00f4nio Raposo Tavares (Ceneart) tem apresentado bons resultados nas avalia\u00e7\u00f5es externas, efetuando um trabalho de excel\u00eancia junto \u00e0 comunidade da sua regi\u00e3o, formando a cada ano, jovens com alicerces para o exerc\u00edcio da cidadania e bem preparados para o mercado de trabalho. A \u00a0implementa\u00e7\u00e3o do projeto EMI\/JF, ir\u00e1 contribuir para: a melhoria n\u00edveis de profici\u00eancia e frequ\u00eancia dos alunos,\u00a0as condi\u00e7\u00f5es de trabalho para os professores atrav\u00e9s de uma forma\u00e7\u00e3o continuada e assessoria pedag\u00f3gica, \u00a0e \u00a0propiciar adequa\u00e7\u00f5es do espa\u00e7o escolar, visando elevar ainda mais as condi\u00e7\u00f5es gerais da unidade, na busca pela qualidade de ensino. Conhe\u00e7a a Escola <\/p>\n","protected":false},"author":1,"featured_media":0,"parent":0,"menu_order":0,"comment_status":"closed","ping_status":"closed","template":"","meta":{"footnotes":""},"class_list":["post-3978","page","type-page","status-publish","hentry"],"aioseo_notices":[],"_links":{"self":[{"href":"https:\/\/www.encontraosasco.com.br\/sobre\/wp-json\/wp\/v2\/pages\/3978"}],"collection":[{"href":"https:\/\/www.encontraosasco.com.br\/sobre\/wp-json\/wp\/v2\/pages"}],"about":[{"href":"https:\/\/www.encontraosasco.com.br\/sobre\/wp-json\/wp\/v2\/types\/page"}],"author":[{"embeddable":true,"href":"https:\/\/www.encontraosasco.com.br\/sobre\/wp-json\/wp\/v2\/users\/1"}],"replies":[{"embeddable":true,"href":"https:\/\/www.encontraosasco.com.br\/sobre\/wp-json\/wp\/v2\/comments?post=3978"}],"version-history":[{"count":0,"href":"https:\/\/www.encontraosasco.com.br\/sobre\/wp-json\/wp\/v2\/pages\/3978\/revisions"}],"wp:attachment":[{"href":"https:\/\/www.encontraosasco.com.br\/sobre\/wp-json\/wp\/v2\/media?parent=3978"}],"curies":[{"name":"wp","href":"https:\/\/api.w.org\/{rel}","templated":true}]}}