{"id":4015,"date":"2017-10-08T15:30:17","date_gmt":"2017-10-08T18:30:17","guid":{"rendered":"http:\/\/www.encontraosasco.com.br\/sobre\/?page_id=4015"},"modified":"2017-10-08T15:34:15","modified_gmt":"2017-10-08T18:34:15","slug":"obreiros-do-bem-osasco","status":"publish","type":"page","link":"https:\/\/www.encontraosasco.com.br\/sobre\/obreiros-do-bem-osasco\/","title":{"rendered":"Obreiros do Bem Osasco"},"content":{"rendered":"<div class=\"90b156a7006dfc5832b0651c68b7182c\" data-index=\"1\" style=\"float: none; margin:0px;\">\n<script async src=\"https:\/\/pagead2.googlesyndication.com\/pagead\/js\/adsbygoogle.js?client=ca-pub-8585364105181520\"\r\n     crossorigin=\"anonymous\"><\/script>\r\n<!-- Anuncio display - global -->\r\n<ins class=\"adsbygoogle\"\r\n     style=\"display:block\"\r\n     data-ad-client=\"ca-pub-8585364105181520\"\r\n     data-ad-slot=\"8789329856\"\r\n     data-ad-format=\"auto\"\r\n     data-full-width-responsive=\"true\"><\/ins>\r\n<script>\r\n     (adsbygoogle = window.adsbygoogle || []).push({});\r\n<\/script>\n<\/div>\n<p>No dia 25 de Agosto de 1940, era fundada pelos senhores Alfredo Amalfi, Pedro Alves de Oliveira e Tem\u00edstocles Borges Pav\u00e3o, uma casa esp\u00edrita denominada \u201cUni\u00e3o Esp\u00edrita Socorro aos Necessitados\u201d.\u00a0\u00a0No per\u00edodo de julho de 1945 a 1970, a \u201cUni\u00e3o Esp\u00edrita Socorro aos Necessitados\u201d, passou a chamar-se \u201cCentro Esp\u00edrita Obreiros do Bem\u201d.<br \/>\nOs anos passaram\u00a0e os objetivos por\u00e9m que impulsionaram os fundadores da nossa casa persistem \u2013 o ensino, a pr\u00e1tica, a divulga\u00e7\u00e3o da Doutrina Esp\u00edrita e o socorro aos necessitados do corpo e da alma, sob as b\u00ean\u00e7\u00e3os e prote\u00e7\u00e3o de Jesus \u2013 relembrando sempre o lema: \u201cFora da Caridade n\u00e3o h\u00e1 Salva\u00e7\u00e3o\u201d.<\/p>\n<p>Conhe\u00e7a mais sobre os <strong>Obreiros do Bem Osasco.<\/strong><\/p>\n<p><em><img loading=\"lazy\" decoding=\"async\" class=\"alignnone wp-image-4017 size-full\" title=\"Obreiros do Bem Osasco\" src=\"http:\/\/www.encontraosasco.com.br\/sobre\/wp-content\/uploads\/2017\/10\/obreiros-do-bem-osasco.jpg\" alt=\"Obreiros do Bem Osasco\" width=\"680\" height=\"189\" srcset=\"https:\/\/www.encontraosasco.com.br\/sobre\/wp-content\/uploads\/2017\/10\/obreiros-do-bem-osasco.jpg 680w, https:\/\/www.encontraosasco.com.br\/sobre\/wp-content\/uploads\/2017\/10\/obreiros-do-bem-osasco-300x83.jpg 300w\" sizes=\"(max-width: 680px) 100vw, 680px\" \/><\/em><\/p>\n<h2>Obreiros do Bem\u00a0Osasco Cursos<\/h2>\n<p>Os Obreiros do Bem tem uma agenda de <em>cursos e palestras<\/em> que pode ser acessada pelo site da Institui\u00e7\u00e3o.<\/p>\n<h3>Obreiros do Bem\u00a0Osasco Atendimento Fraterno<\/h3>\n<p>O <em>Atendimento Fraterno<\/em>, presta-se a receber todos que\u00a0buscam\u00a0na Doutrina Esp\u00edrita o abrigo para as suas afli\u00e7\u00f5es.\u00a0Voc\u00ea ser\u00e1 recebido por um atendente, capacitado para ouvi-lo e orient\u00e1-lo quanto aos recursos que a Doutrina Esp\u00edrita e a Casa Esp\u00edrita colocam ao seu alcance.<\/p>\n<p>Apresenta as caracter\u00edsticas de\u00a0trabalho solid\u00e1rio e fraterno, dirigido principalmente para esclarecer,\u00a0orientar, ajudar ou consolar, com base\u00a0na Doutrina Esp\u00edrita e no Evangelho de Jesus, os que\u00a0est\u00e3o \u00e0 procura de\u00a0respostas\u00a0\u00e0s suas necessidades\u00a0e quest\u00f5es existenciais.\u00a0Em s\u00edntese, trata-se de uma conversa privada e individualizada. N\u00e3o pretende resolver os problemas, nem fazer desaparecer os sofrimentos oriundos dos males f\u00edsicos e da alma, mas contribuir para o despertar das potencialidades do indiv\u00edduo, que podem ser utilizadas\u00a0na supera\u00e7\u00e3o de si mesmo e dos\u00a0obst\u00e1culos\u00a0externos. \u00c9 o que chamamos de tratamento espiritual.<\/p>\n<h3>Obreiros do Bem Osasco\u00a0Servi\u00e7o Assistencial<\/h3>\n<p>A Institui\u00e7\u00e3o tem os seguintes <em>Servi\u00e7os Assistencial:<br \/>\n<\/em><\/p>\n<ul>\n<li>Cesta B\u00e1sica: ap\u00f3s uma triagem a pessoa recebe uma cesta b\u00e1sica completa para a familia<\/li>\n<li>Projeto Gestante:\u00a0\u00a0ciclo de palestras orientativas sobre a gesta\u00e7\u00e3o e cuidados com o beb\u00ea, realizadas por profissionais de diversas \u00e1reas.<\/li>\n<li>Enxoval para o beb\u00ea: As gestantes que procuram ajuda j\u00e1 no final da gesta\u00e7\u00e3o, recebem orienta\u00e7\u00f5es gerais e um Kit maternidade<\/li>\n<\/ul>\n<h3>Hor\u00e1rio de Funcionamento\u00a0Obreiros do Bem em Osasco<\/h3>\n<ul>\n<li>Segunda a Sexta: das 08h \u00e0s 16h30<\/li>\n<\/ul>\n<h3>Endere\u00e7o e Telefone\u00a0Obreiros do Bem em Osasco<\/h3>\n<ul>\n<li>R. Ecl\u00edsio Viviani, 25 &#8211; Centro\u00a0&#8211; Osasco &#8211; SP<\/li>\n<li>Telefone: (11)\u00a03681-6982<\/li>\n<\/ul>\n<h4>Outras informa\u00e7\u00f5es e site<\/h4>\n<ul>\n<li>Mais informa\u00e7\u00f5es:\u00a0<a href=\"http:\/\/www.obreirosdobem.org.br\" target=\"_blank\" rel=\"noopener noreferrer\">www.obreirosdobem.org.br<\/a><\/li>\n<\/ul>\n<h4>Mapa de localiza\u00e7\u00e3o<\/h4>\n<a class=\"wp-colorbox-iframe\" href=\"https:\/\/www.google.com\/maps\/embed?pb=!1m14!1m8!1m3!1d14630.96729474043!2d-46.7753819!3d-23.5417865!3m2!1i1024!2i768!4f13.1!3m3!1m2!1s0x00xd9fd8e8fd3cb3dd9!2sCentro+Esprita+Obreiros+do+Bem!5e0!3m2!1spt-BR!2sbr!4v1507487341555\"><img decoding=\"async\" src=\"http:\/\/www.encontraosasco.com.br\/imgs\/maps-post.png\"><\/a>\n\n<div style=\"font-size: 0px; height: 0px; line-height: 0px; margin: 0; padding: 0; clear: both;\"><\/div>","protected":false},"excerpt":{"rendered":"<p>No dia 25 de Agosto de 1940, era fundada pelos senhores Alfredo Amalfi, Pedro Alves de Oliveira e Tem\u00edstocles Borges Pav\u00e3o, uma casa esp\u00edrita denominada \u201cUni\u00e3o Esp\u00edrita Socorro aos Necessitados\u201d.\u00a0\u00a0No per\u00edodo de julho de 1945 a 1970, a \u201cUni\u00e3o Esp\u00edrita Socorro aos Necessitados\u201d, passou a chamar-se \u201cCentro Esp\u00edrita Obreiros do Bem\u201d. Os anos passaram\u00a0e os objetivos por\u00e9m que impulsionaram os fundadores da nossa casa persistem \u2013 o ensino, a pr\u00e1tica, a divulga\u00e7\u00e3o da Doutrina Esp\u00edrita e o socorro aos necessitados do corpo e da alma, sob as b\u00ean\u00e7\u00e3os e prote\u00e7\u00e3o de Jesus \u2013 relembrando sempre o lema: \u201cFora da Caridade <\/p>\n","protected":false},"author":1,"featured_media":0,"parent":0,"menu_order":0,"comment_status":"closed","ping_status":"closed","template":"","meta":{"footnotes":""},"class_list":["post-4015","page","type-page","status-publish","hentry"],"aioseo_notices":[],"_links":{"self":[{"href":"https:\/\/www.encontraosasco.com.br\/sobre\/wp-json\/wp\/v2\/pages\/4015"}],"collection":[{"href":"https:\/\/www.encontraosasco.com.br\/sobre\/wp-json\/wp\/v2\/pages"}],"about":[{"href":"https:\/\/www.encontraosasco.com.br\/sobre\/wp-json\/wp\/v2\/types\/page"}],"author":[{"embeddable":true,"href":"https:\/\/www.encontraosasco.com.br\/sobre\/wp-json\/wp\/v2\/users\/1"}],"replies":[{"embeddable":true,"href":"https:\/\/www.encontraosasco.com.br\/sobre\/wp-json\/wp\/v2\/comments?post=4015"}],"version-history":[{"count":0,"href":"https:\/\/www.encontraosasco.com.br\/sobre\/wp-json\/wp\/v2\/pages\/4015\/revisions"}],"wp:attachment":[{"href":"https:\/\/www.encontraosasco.com.br\/sobre\/wp-json\/wp\/v2\/media?parent=4015"}],"curies":[{"name":"wp","href":"https:\/\/api.w.org\/{rel}","templated":true}]}}