{"id":4115,"date":"2017-10-19T20:01:29","date_gmt":"2017-10-19T23:01:29","guid":{"rendered":"http:\/\/www.encontraosasco.com.br\/sobre\/?page_id=4115"},"modified":"2017-10-19T20:01:58","modified_gmt":"2017-10-19T23:01:58","slug":"defensoria-publica-osasco","status":"publish","type":"page","link":"https:\/\/www.encontraosasco.com.br\/sobre\/defensoria-publica-osasco\/","title":{"rendered":"Defensoria P\u00fablica Osasco"},"content":{"rendered":"<div class=\"90b156a7006dfc5832b0651c68b7182c\" data-index=\"1\" style=\"float: none; margin:0px;\">\n<script async src=\"https:\/\/pagead2.googlesyndication.com\/pagead\/js\/adsbygoogle.js?client=ca-pub-8585364105181520\"\r\n     crossorigin=\"anonymous\"><\/script>\r\n<!-- Anuncio display - global -->\r\n<ins class=\"adsbygoogle\"\r\n     style=\"display:block\"\r\n     data-ad-client=\"ca-pub-8585364105181520\"\r\n     data-ad-slot=\"8789329856\"\r\n     data-ad-format=\"auto\"\r\n     data-full-width-responsive=\"true\"><\/ins>\r\n<script>\r\n     (adsbygoogle = window.adsbygoogle || []).push({});\r\n<\/script>\n<\/div>\n<p>A\u00a0<em>Defensoria P\u00fablica<\/em>\u00a0\u00e9 institui\u00e7\u00e3o constitucionalmente aut\u00f4noma e independente, essencial \u00e0 fun\u00e7\u00e3o jurisdicional do\u00a0<em>Estado<\/em>, express\u00e3o e instrumento do regime democr\u00e1tico incumbida, fundamentalmente, da orienta\u00e7\u00e3o jur\u00eddica, promo\u00e7\u00e3o dos direitos humanos e a defesa, em todos os graus, judicial e extrajudicial, dos direitos individuais e coletivos, de forma integral e gratuita, dos necessitados.<\/p>\n<p>Veja mais sobre a\u00a0<strong>Defensoria P\u00fablica Osasco<\/strong>\u00a0abaixo.<\/p>\n<p><img loading=\"lazy\" decoding=\"async\" class=\"alignnone wp-image-4116 size-full\" title=\"Defensoria P\u00fablica Osasco\" src=\"http:\/\/www.encontraosasco.com.br\/sobre\/wp-content\/uploads\/2017\/10\/defensoria-publica-osasco.jpg\" alt=\"Defensoria P\u00fablica Osasco\" width=\"680\" height=\"189\" srcset=\"https:\/\/www.encontraosasco.com.br\/sobre\/wp-content\/uploads\/2017\/10\/defensoria-publica-osasco.jpg 680w, https:\/\/www.encontraosasco.com.br\/sobre\/wp-content\/uploads\/2017\/10\/defensoria-publica-osasco-300x83.jpg 300w\" sizes=\"(max-width: 680px) 100vw, 680px\" \/><\/p>\n<h2>\u00a0A Defensoria P\u00fablica:<\/h2>\n<p>A\u00a0<em>Defensoria P\u00fablica<\/em>\u00a0presta consultoria jur\u00eddica, ou seja, fornece informa\u00e7\u00f5es sobre os direitos e deveres das pessoas que recebem sua assist\u00eancia. \u00c9 com base na resposta \u00e0 consulta que o assistido pela\u00a0<em>Defensoria P\u00fablica<\/em>\u00a0pode decidir melhor como agir em rela\u00e7\u00e3o ao problema apresentado ao defensor p\u00fablico.<\/p>\n<p>O\u00a0<em>Defensor<\/em>\u00a0\u00e9 um agente pol\u00edtico de transforma\u00e7\u00e3o social. N\u00e3o integra a advocacia, p\u00fablica ou privada, e tem independ\u00eancia funcional no exerc\u00edcio de sua fun\u00e7\u00e3o.<\/p>\n<h3>Hor\u00e1rio de Funcionamento\u00a0Defensoria P\u00fablica em Osasco<\/h3>\n<ul>\n<li>Segunda a Sexta: das 08h \u00e0s 17h<\/li>\n<\/ul>\n<h3>Endere\u00e7o e Telefone\u00a0Defensoria P\u00fablica em Osasco<\/h3>\n<ul>\n<li>Av. dos Autonomistas, 3094 &#8211; Jardim Granada\u00a0&#8211; Osasco &#8211; SP<\/li>\n<li>Telefone: (11)\u00a03698-5544<\/li>\n<\/ul>\n<h4>Mapa de localiza\u00e7\u00e3o<\/h4>\n<a class=\"wp-colorbox-iframe\" href=\"https:\/\/www.google.com\/maps\/embed?pb=!1m14!1m8!1m3!1d14631.70257899219!2d-46.7818305!3d-23.5351766!3m2!1i1024!2i768!4f13.1!3m3!1m2!1s0x00xc85d0e8febb839fb!2sDefensoria+Pblica+do+Estado+de+So+Paulo!5e0!3m2!1spt-BR!2sbr!4v1508453741633\"><img decoding=\"async\" src=\"http:\/\/www.encontraosasco.com.br\/imgs\/maps-post.png\"><\/a>\n\n<div style=\"font-size: 0px; height: 0px; line-height: 0px; margin: 0; padding: 0; clear: both;\"><\/div>","protected":false},"excerpt":{"rendered":"<p>A\u00a0Defensoria P\u00fablica\u00a0\u00e9 institui\u00e7\u00e3o constitucionalmente aut\u00f4noma e independente, essencial \u00e0 fun\u00e7\u00e3o jurisdicional do\u00a0Estado, express\u00e3o e instrumento do regime democr\u00e1tico incumbida, fundamentalmente, da orienta\u00e7\u00e3o jur\u00eddica, promo\u00e7\u00e3o dos direitos humanos e a defesa, em todos os graus, judicial e extrajudicial, dos direitos individuais e coletivos, de forma integral e gratuita, dos necessitados. Veja mais sobre a\u00a0Defensoria P\u00fablica Osasco\u00a0abaixo. \u00a0A Defensoria P\u00fablica: A\u00a0Defensoria P\u00fablica\u00a0presta consultoria jur\u00eddica, ou seja, fornece informa\u00e7\u00f5es sobre os direitos e deveres das pessoas que recebem sua assist\u00eancia. \u00c9 com base na resposta \u00e0 consulta que o assistido pela\u00a0Defensoria P\u00fablica\u00a0pode decidir melhor como agir em rela\u00e7\u00e3o ao problema apresentado ao defensor <\/p>\n","protected":false},"author":1,"featured_media":0,"parent":0,"menu_order":0,"comment_status":"closed","ping_status":"closed","template":"","meta":{"footnotes":""},"class_list":["post-4115","page","type-page","status-publish","hentry"],"aioseo_notices":[],"_links":{"self":[{"href":"https:\/\/www.encontraosasco.com.br\/sobre\/wp-json\/wp\/v2\/pages\/4115"}],"collection":[{"href":"https:\/\/www.encontraosasco.com.br\/sobre\/wp-json\/wp\/v2\/pages"}],"about":[{"href":"https:\/\/www.encontraosasco.com.br\/sobre\/wp-json\/wp\/v2\/types\/page"}],"author":[{"embeddable":true,"href":"https:\/\/www.encontraosasco.com.br\/sobre\/wp-json\/wp\/v2\/users\/1"}],"replies":[{"embeddable":true,"href":"https:\/\/www.encontraosasco.com.br\/sobre\/wp-json\/wp\/v2\/comments?post=4115"}],"version-history":[{"count":0,"href":"https:\/\/www.encontraosasco.com.br\/sobre\/wp-json\/wp\/v2\/pages\/4115\/revisions"}],"wp:attachment":[{"href":"https:\/\/www.encontraosasco.com.br\/sobre\/wp-json\/wp\/v2\/media?parent=4115"}],"curies":[{"name":"wp","href":"https:\/\/api.w.org\/{rel}","templated":true}]}}