{"id":4237,"date":"2017-10-30T10:13:09","date_gmt":"2017-10-30T13:13:09","guid":{"rendered":"http:\/\/www.encontraosasco.com.br\/sobre\/?page_id=4237"},"modified":"2017-10-30T10:15:18","modified_gmt":"2017-10-30T13:15:18","slug":"junta-militar-osasco","status":"publish","type":"page","link":"https:\/\/www.encontraosasco.com.br\/sobre\/junta-militar-osasco\/","title":{"rendered":"Junta Militar Osasco"},"content":{"rendered":"<div class=\"90b156a7006dfc5832b0651c68b7182c\" data-index=\"1\" style=\"float: none; margin:0px;\">\n<script async src=\"https:\/\/pagead2.googlesyndication.com\/pagead\/js\/adsbygoogle.js?client=ca-pub-8585364105181520\"\r\n     crossorigin=\"anonymous\"><\/script>\r\n<!-- Anuncio display - global -->\r\n<ins class=\"adsbygoogle\"\r\n     style=\"display:block\"\r\n     data-ad-client=\"ca-pub-8585364105181520\"\r\n     data-ad-slot=\"8789329856\"\r\n     data-ad-format=\"auto\"\r\n     data-full-width-responsive=\"true\"><\/ins>\r\n<script>\r\n     (adsbygoogle = window.adsbygoogle || []).push({});\r\n<\/script>\n<\/div>\n<p>O\u00a0<em>Servi\u00e7o Militar Obrigat\u00f3rio<\/em>\u00a0surgiu no\u00a0<em>Brasil<\/em>\u00a0quando o sistema administrativo adotado era o das\u00a0<em>Capitanias Heredit\u00e1rias<\/em>. Desde ent\u00e3o, todos os brasileiros s\u00e3o obrigados a \u201cpegar em armas para sustentar a independ\u00eancia, a integridade do Imp\u00e9rio e defend\u00ea-lo de seus inimigos\u201d, segundo o artigo 147 da Constitui\u00e7\u00e3o de 1824.<\/p>\n<p>Veja mais sobre a\u00a0<strong>Junta Militar Osasco<\/strong>\u00a0abaixo.<\/p>\n<p><img loading=\"lazy\" decoding=\"async\" class=\"alignnone wp-image-4238 size-full\" title=\"Junta Militar Osasco\" src=\"http:\/\/www.encontraosasco.com.br\/sobre\/wp-content\/uploads\/2017\/10\/junta-militar-osasco.jpg\" alt=\"Junta Militar Osasco\" width=\"680\" height=\"189\" srcset=\"https:\/\/www.encontraosasco.com.br\/sobre\/wp-content\/uploads\/2017\/10\/junta-militar-osasco.jpg 680w, https:\/\/www.encontraosasco.com.br\/sobre\/wp-content\/uploads\/2017\/10\/junta-militar-osasco-300x83.jpg 300w\" sizes=\"(max-width: 680px) 100vw, 680px\" \/><\/p>\n<p>Depois da edi\u00e7\u00e3o de leis e decretos em 1918, 1920, 1939 e 1946, a<em>\u00a0Lei do Servi\u00e7o Militar<\/em>\u00a0foi promulgada em agosto de 1964, entrando em vigor no dia 20 de janeiro de 1966, com a publica\u00e7\u00e3o de seu Regulamento.<\/p>\n<p>Assim, todos os jovens do sexo masculino, devem alistar-se no ano em que completam 18 anos de idade na\u00a0<em>Junta de Servi\u00e7o Militar<\/em>\u00a0mais pr\u00f3xima de sua resid\u00eancia. O per\u00edodo de alistamento inicia no primeiro dia \u00fatil do m\u00eas de janeiro e vai at\u00e9 o \u00faltimo dia \u00fatil do m\u00eas de abril. A documenta\u00e7\u00e3o exigida para apresentar-se \u00e0 Junta \u00e9 a certid\u00e3o de nascimento ou RG original, CPF, comprovante de resid\u00eancia e uma foto 3\u00d74 recente.<br \/>\nA partir de julho at\u00e9 novembro ocorre o per\u00edodo de sele\u00e7\u00e3o daqueles que se alistaram entre janeiro e abril, e os alistados em anos anteriores que estejam em d\u00e9bito com o\u00a0<em>Servi\u00e7o Militar<\/em>. Esta sele\u00e7\u00e3o \u00e9 realizada dentro dos aspectos f\u00edsicos, culturais, psicol\u00f3gicos e morais.<\/p>\n<h3>Hor\u00e1rio de Funcionamento Junta Militar Osasco<\/h3>\n<ul>\n<li>De Segunda \u00e0 Sexta: das 08 h \u00e0s 16h<\/li>\n<\/ul>\n<h3>Endere\u00e7o e Telefone Junta Militar\u00a0Osasco<\/h3>\n<ul>\n<li>R. Melvin Jones, 161 &#8211; Centro &#8211; Osasco &#8211; SP<\/li>\n<li>Telefone: (11)\u00a0354-3508<\/li>\n<\/ul>\n<h4>Outras Informa\u00e7\u00f5es e Site:<\/h4>\n<ul>\n<li>Mais informa\u00e7\u00f5es:\u00a0<a href=\"https:\/\/www.misterwhat.com.br\/company\/862858-junta-de-servico-militar-osasco\" target=\"_blank\" rel=\"noopener noreferrer\">www.misterwhat.com.br\/company\/862858-junta-de-servico-militar-osasco<\/a><\/li>\n<\/ul>\n<h4>Mapa de localiza\u00e7\u00e3o<\/h4>\n<a class=\"wp-colorbox-iframe\" href=\"https:\/\/www.google.com\/maps\/embed?pb=!1m14!1m8!1m3!1d14632.150702166404!2d-46.7746962!3d-23.5311473!3m2!1i1024!2i768!4f13.1!3m3!1m2!1s0x00xc473522564e115e9!2sJunta+de+Servios+Militares!5e0!3m2!1spt-BR!2sbr!4v1509368857870\"><img decoding=\"async\" src=\"http:\/\/www.encontraosasco.com.br\/imgs\/maps-post.png\"><\/a>\n\n<div style=\"font-size: 0px; height: 0px; line-height: 0px; margin: 0; padding: 0; clear: both;\"><\/div>","protected":false},"excerpt":{"rendered":"<p>O\u00a0Servi\u00e7o Militar Obrigat\u00f3rio\u00a0surgiu no\u00a0Brasil\u00a0quando o sistema administrativo adotado era o das\u00a0Capitanias Heredit\u00e1rias. Desde ent\u00e3o, todos os brasileiros s\u00e3o obrigados a \u201cpegar em armas para sustentar a independ\u00eancia, a integridade do Imp\u00e9rio e defend\u00ea-lo de seus inimigos\u201d, segundo o artigo 147 da Constitui\u00e7\u00e3o de 1824. Veja mais sobre a\u00a0Junta Militar Osasco\u00a0abaixo. Depois da edi\u00e7\u00e3o de leis e decretos em 1918, 1920, 1939 e 1946, a\u00a0Lei do Servi\u00e7o Militar\u00a0foi promulgada em agosto de 1964, entrando em vigor no dia 20 de janeiro de 1966, com a publica\u00e7\u00e3o de seu Regulamento. Assim, todos os jovens do sexo masculino, devem alistar-se no ano em <\/p>\n","protected":false},"author":1,"featured_media":0,"parent":0,"menu_order":0,"comment_status":"closed","ping_status":"closed","template":"","meta":{"footnotes":""},"class_list":["post-4237","page","type-page","status-publish","hentry"],"aioseo_notices":[],"_links":{"self":[{"href":"https:\/\/www.encontraosasco.com.br\/sobre\/wp-json\/wp\/v2\/pages\/4237"}],"collection":[{"href":"https:\/\/www.encontraosasco.com.br\/sobre\/wp-json\/wp\/v2\/pages"}],"about":[{"href":"https:\/\/www.encontraosasco.com.br\/sobre\/wp-json\/wp\/v2\/types\/page"}],"author":[{"embeddable":true,"href":"https:\/\/www.encontraosasco.com.br\/sobre\/wp-json\/wp\/v2\/users\/1"}],"replies":[{"embeddable":true,"href":"https:\/\/www.encontraosasco.com.br\/sobre\/wp-json\/wp\/v2\/comments?post=4237"}],"version-history":[{"count":0,"href":"https:\/\/www.encontraosasco.com.br\/sobre\/wp-json\/wp\/v2\/pages\/4237\/revisions"}],"wp:attachment":[{"href":"https:\/\/www.encontraosasco.com.br\/sobre\/wp-json\/wp\/v2\/media?parent=4237"}],"curies":[{"name":"wp","href":"https:\/\/api.w.org\/{rel}","templated":true}]}}