{"id":4274,"date":"2017-11-05T07:26:59","date_gmt":"2017-11-05T10:26:59","guid":{"rendered":"http:\/\/www.encontraosasco.com.br\/sobre\/?page_id=4274"},"modified":"2017-11-05T07:26:59","modified_gmt":"2017-11-05T10:26:59","slug":"casa-do-empreendedor-osasco","status":"publish","type":"page","link":"https:\/\/www.encontraosasco.com.br\/sobre\/casa-do-empreendedor-osasco\/","title":{"rendered":"Casa do Empreendedor Osasco"},"content":{"rendered":"<div class=\"90b156a7006dfc5832b0651c68b7182c\" data-index=\"1\" style=\"float: none; margin:0px;\">\n<script async src=\"https:\/\/pagead2.googlesyndication.com\/pagead\/js\/adsbygoogle.js?client=ca-pub-8585364105181520\"\r\n     crossorigin=\"anonymous\"><\/script>\r\n<!-- Anuncio display - global -->\r\n<ins class=\"adsbygoogle\"\r\n     style=\"display:block\"\r\n     data-ad-client=\"ca-pub-8585364105181520\"\r\n     data-ad-slot=\"8789329856\"\r\n     data-ad-format=\"auto\"\r\n     data-full-width-responsive=\"true\"><\/ins>\r\n<script>\r\n     (adsbygoogle = window.adsbygoogle || []).push({});\r\n<\/script>\n<\/div>\n<p>A <strong>Casa do Empreendedor Osasco<\/strong> \u00e9 a implementa\u00e7\u00e3o de uma pol\u00edtica de desenvolvimento, inova\u00e7\u00e3o e empreendedorismo da Prefeitura Municipal que, para continuar fortalecendo sua economia, centraliza em um s\u00f3 lugar servi\u00e7os dispon\u00edveis ao empreendedor, na \u00e1rea da formaliza\u00e7\u00e3o de empresas, na capacita\u00e7\u00e3o e gest\u00e3o empresarial, na orienta\u00e7\u00e3o sobre financiamentos e\/ou microcr\u00e9dito orientado, entre outros.<\/p>\n<p>Em parceria com diversas institui\u00e7\u00f5es estrat\u00e9gicas da cidade, a Casa do Empreendedor tem como miss\u00e3o, al\u00e9m de ajudar o empreendedor na abertura de sua empresa, prover mecanismos de sustentabilidade e longevidade, ajudando-o a prosperar.<\/p>\n<p><img loading=\"lazy\" decoding=\"async\" class=\"alignnone wp-image-4275 size-full\" title=\"Casa do Empreendedor Osasco\" src=\"http:\/\/www.encontraosasco.com.br\/sobre\/wp-content\/uploads\/2017\/11\/casa-do-empreendedor-osasco.jpg\" alt=\"Casa do Empreendedor Osasco\" width=\"680\" height=\"189\" srcset=\"https:\/\/www.encontraosasco.com.br\/sobre\/wp-content\/uploads\/2017\/11\/casa-do-empreendedor-osasco.jpg 680w, https:\/\/www.encontraosasco.com.br\/sobre\/wp-content\/uploads\/2017\/11\/casa-do-empreendedor-osasco-300x83.jpg 300w\" sizes=\"(max-width: 680px) 100vw, 680px\" \/><\/p>\n<p>A parceria entre a Prefeitura\/Osasco Legal e a APEC\/Junta Comercial do Estado de S\u00e3o Paulo, h\u00e1 nove anos, traz agora, para a Casa do Empreendedor, todos os servi\u00e7os de abertura e encerramento de empresas, assim como o sistema de gest\u00e3o ERP para dotar o empres\u00e1rio das ferramentas de gest\u00e3o de sua empresa\/neg\u00f3cio, com facilidade e rapidez.<\/p>\n<h2>Casa do Empreendedor\u00a0Osasco NFe<\/h2>\n<p>Documento digital emitido e armazenado eletronicamente, com o intuito de documentar, para fins fiscais, a presta\u00e7\u00e3o de servi\u00e7os. A nota \u00e9 emitida a partir do Sistema de <em>Notas Fiscais Eletr\u00f4nicas<\/em> do Munic\u00edpio de Osasco que garante a validade jur\u00eddica das notas emitidas atrav\u00e9s do sistema.\u00a0O Sistema ISS permite aos prestadores de servi\u00e7o do Munic\u00edpio de Osasco escriturar seus documentos fiscais, emitir notas fiscais eletr\u00f4nicas, gerar guias de pagamento e livros fiscais. O sistema integra fun\u00e7\u00f5es de gerenciamento de ISS e tamb\u00e9m de Notas Fiscais Eletr\u00f4nicas de acordo com a legisla\u00e7\u00e3o vigente no Munic\u00edpio de Osasco.<\/p>\n<h3>Casa do Empreendedor Osasco\u00a0Inscri\u00e7\u00e3o Estadual<\/h3>\n<p>Na Casa do Empreendedor voc\u00ea consegue dar entrada em todos os documentos necess\u00e1rios para abrir a sua empresa, inclusive a<em> Inscri\u00e7\u00e3o Estadual.<\/em><\/p>\n<h3>Hor\u00e1rio de Funcionamento\u00a0Casa do Empreendedor em Osasco<\/h3>\n<ul>\n<li>Segunda a Sexta: das 09h \u00e0s 17h<\/li>\n<\/ul>\n<h3>Endere\u00e7o e Telefone\u00a0Casa do Empreendedor em Osasco<\/h3>\n<ul>\n<li>R. Dr. Mariano Jatati Marcondes Ferraz, 260 &#8211; Centro\u00a0&#8211; Osasco &#8211; SP<\/li>\n<li>Telefone: (11)\u00a03685-0713<\/li>\n<\/ul>\n<h3>Outras informa\u00e7\u00f5es e site<\/h3>\n<ul>\n<li>Mais informa\u00e7\u00f5es:\u00a0<a href=\"http:\/\/www.casaempreendedor.osasco.sp.gov.br\/\" target=\"_blank\" rel=\"noopener noreferrer\">www.casaempreendedor.osasco.sp.gov.br<\/a><\/li>\n<li>E-mail:\u00a0casadoempreendedor@osasco.sp.gov.br<\/li>\n<\/ul>\n<h4>Mapa de localiza\u00e7\u00e3o<\/h4>\n<a class=\"wp-colorbox-iframe\" href=\"https:\/\/www.google.com\/maps\/embed?pb=!1m14!1m8!1m3!1d14632.51503736766!2d-46.780476!3d-23.5278709!3m2!1i1024!2i768!4f13.1!3m3!1m2!1s0x00xf10a0e9906db4f0a!2sCasa+do+Empreendedor!5e0!3m2!1spt-BR!2sbr!4v1509877187204\"><img decoding=\"async\" src=\"http:\/\/www.encontraosasco.com.br\/imgs\/maps-post.png\"><\/a>\n\n<div style=\"font-size: 0px; height: 0px; line-height: 0px; margin: 0; padding: 0; clear: both;\"><\/div>","protected":false},"excerpt":{"rendered":"<p>A Casa do Empreendedor Osasco \u00e9 a implementa\u00e7\u00e3o de uma pol\u00edtica de desenvolvimento, inova\u00e7\u00e3o e empreendedorismo da Prefeitura Municipal que, para continuar fortalecendo sua economia, centraliza em um s\u00f3 lugar servi\u00e7os dispon\u00edveis ao empreendedor, na \u00e1rea da formaliza\u00e7\u00e3o de empresas, na capacita\u00e7\u00e3o e gest\u00e3o empresarial, na orienta\u00e7\u00e3o sobre financiamentos e\/ou microcr\u00e9dito orientado, entre outros. Em parceria com diversas institui\u00e7\u00f5es estrat\u00e9gicas da cidade, a Casa do Empreendedor tem como miss\u00e3o, al\u00e9m de ajudar o empreendedor na abertura de sua empresa, prover mecanismos de sustentabilidade e longevidade, ajudando-o a prosperar. A parceria entre a Prefeitura\/Osasco Legal e a APEC\/Junta Comercial do Estado <\/p>\n","protected":false},"author":1,"featured_media":0,"parent":0,"menu_order":0,"comment_status":"closed","ping_status":"closed","template":"","meta":{"footnotes":""},"class_list":["post-4274","page","type-page","status-publish","hentry"],"aioseo_notices":[],"_links":{"self":[{"href":"https:\/\/www.encontraosasco.com.br\/sobre\/wp-json\/wp\/v2\/pages\/4274"}],"collection":[{"href":"https:\/\/www.encontraosasco.com.br\/sobre\/wp-json\/wp\/v2\/pages"}],"about":[{"href":"https:\/\/www.encontraosasco.com.br\/sobre\/wp-json\/wp\/v2\/types\/page"}],"author":[{"embeddable":true,"href":"https:\/\/www.encontraosasco.com.br\/sobre\/wp-json\/wp\/v2\/users\/1"}],"replies":[{"embeddable":true,"href":"https:\/\/www.encontraosasco.com.br\/sobre\/wp-json\/wp\/v2\/comments?post=4274"}],"version-history":[{"count":0,"href":"https:\/\/www.encontraosasco.com.br\/sobre\/wp-json\/wp\/v2\/pages\/4274\/revisions"}],"wp:attachment":[{"href":"https:\/\/www.encontraosasco.com.br\/sobre\/wp-json\/wp\/v2\/media?parent=4274"}],"curies":[{"name":"wp","href":"https:\/\/api.w.org\/{rel}","templated":true}]}}