{"id":4292,"date":"2017-11-05T19:33:06","date_gmt":"2017-11-05T22:33:06","guid":{"rendered":"http:\/\/www.encontraosasco.com.br\/sobre\/?page_id=4292"},"modified":"2017-11-05T19:33:43","modified_gmt":"2017-11-05T22:33:43","slug":"cetesb-osasco","status":"publish","type":"page","link":"https:\/\/www.encontraosasco.com.br\/sobre\/cetesb-osasco\/","title":{"rendered":"Cetesb Osasco"},"content":{"rendered":"<div class=\"90b156a7006dfc5832b0651c68b7182c\" data-index=\"1\" style=\"float: none; margin:0px;\">\n<script async src=\"https:\/\/pagead2.googlesyndication.com\/pagead\/js\/adsbygoogle.js?client=ca-pub-8585364105181520\"\r\n     crossorigin=\"anonymous\"><\/script>\r\n<!-- Anuncio display - global -->\r\n<ins class=\"adsbygoogle\"\r\n     style=\"display:block\"\r\n     data-ad-client=\"ca-pub-8585364105181520\"\r\n     data-ad-slot=\"8789329856\"\r\n     data-ad-format=\"auto\"\r\n     data-full-width-responsive=\"true\"><\/ins>\r\n<script>\r\n     (adsbygoogle = window.adsbygoogle || []).push({});\r\n<\/script>\n<\/div>\n<p>A<strong>\u00a0Companhia Ambiental do Estado de S\u00e3o Paulo \u2013 CETESB<\/strong>\u00a0\u00e9 a ag\u00eancia do\u00a0<em>Governo do Estado<\/em>respons\u00e1vel pelo controle, fiscaliza\u00e7\u00e3o, monitoramento e licenciamento de atividades geradoras de polui\u00e7\u00e3o, com a preocupa\u00e7\u00e3o fundamental de preservar e recuperar a qualidade das \u00e1guas, do ar e do solo.<\/p>\n<p>Saiba mais sobre a\u00a0<strong>CETESB em\u00a0Osasco<\/strong>\u00a0e um pouco da hist\u00f3ria da\u00a0<em>CETESB<\/em>\u00a0abaixo.<\/p>\n<p><img loading=\"lazy\" decoding=\"async\" class=\"alignnone wp-image-4291 size-full\" title=\"Cetesb Osasco\" src=\"http:\/\/www.encontraosasco.com.br\/sobre\/wp-content\/uploads\/2017\/11\/cetesb-osasco.jpg\" alt=\"Cetesb Osasco\" width=\"680\" height=\"189\" srcset=\"https:\/\/www.encontraosasco.com.br\/sobre\/wp-content\/uploads\/2017\/11\/cetesb-osasco.jpg 680w, https:\/\/www.encontraosasco.com.br\/sobre\/wp-content\/uploads\/2017\/11\/cetesb-osasco-300x83.jpg 300w\" sizes=\"(max-width: 680px) 100vw, 680px\" \/><\/p>\n<p>Criada em 24 de julho de 1968, pelo Decreto n\u00ba 50.079, a<em>\u00a0CETESB<\/em>, com a denomina\u00e7\u00e3o inicial de\u00a0<em>Centro Tecnol\u00f3gico de Saneamento B\u00e1sico<\/em>, incorporou a<em>\u00a0Superintend\u00eancia de Saneamento Ambiental \u2013 SUSAM<\/em>, vinculada \u00e0\u00a0<em>Secretaria da Sa\u00fade<\/em>, que, por sua vez, absorvera a\u00a0<em>Comiss\u00e3o Intermunicipal de Controle da Polui\u00e7\u00e3o das \u00c1guas e do Ar \u2013 CICPAA<\/em>\u00a0que, desde agosto de 1960, atuava nos munic\u00edpios de<em>\u00a0Santo Andr\u00e9, S\u00e3o Bernardo do Campo, S\u00e3o Caetano do Sul e Mau\u00e1<\/em>, na regi\u00e3o do\u00a0<em>ABC<\/em>\u00a0da\u00a0<em>Grande S\u00e3o Paulo<\/em>.<\/p>\n<p>Em 07\/08\/2009, entrou em vigor a Lei 13.542, que criou a Nova CETESB.<\/p>\n<h2>Um centro de Refer\u00eancia<\/h2>\n<p>Edificada nessas bases, a<em>\u00a0CETESB<\/em>\u00a0tornou-se um dos 16 centros de refer\u00eancia da\u00a0<em>Organiza\u00e7\u00e3o das Na\u00e7\u00f5es Unidas \u2013 ONU<\/em>\u00a0para quest\u00f5es ambientais, atuando em estreita colabora\u00e7\u00e3o com os 184 pa\u00edses que integram esse organismo internacional. Tornou-se, tamb\u00e9m, uma das cinco institui\u00e7\u00f5es mundiais da\u00a0<em>Organiza\u00e7\u00e3o Mundial de Sa\u00fade \u2013 OMS<\/em>\u00a0para quest\u00f5es de abastecimento de \u00e1gua e saneamento, al\u00e9m de \u00f3rg\u00e3o de refer\u00eancia e consultoria do\u00a0<em>Programa das Na\u00e7\u00f5es Unidas para o Desenvolvimento \u2013 PNUD<\/em>, para quest\u00f5es ligadas a res\u00edduos perigosos na<em>\u00a0Am\u00e9rica Latina<\/em>.<\/p>\n<h3>Uma Nova CETESB<\/h3>\n<p>Em 07.08.2009, entrou em vigor a Lei 13.542, sancionada pelo Governo do Estado, em 08 de maio, que criou a \u201cNova CETESB\u201d. A ag\u00eancia ambiental paulista ganha uma nova denomina\u00e7\u00e3o e novas atribui\u00e7\u00f5es, principalmente no processo de licenciamento ambiental no Estado. A sigla<em>\u00a0CETESB\u00a0<\/em>permanece e a empresa passa a denominar-se oficialmente\u00a0<em>Companhia Ambiental do Estado de S\u00e3o Paulo<\/em>.<\/p>\n<p>Com a mudan\u00e7a, ganha f\u00f4lego institucional de uma verdadeira\u00a0<em>Ag\u00eancia Ambiental<\/em>, eliminando o antigo modelo, j\u00e1 superado, de comando e controle, e adotando a agenda da gest\u00e3o ambiental dentro da \u00f3tica da sustentabilidade.<\/p>\n<p>As mudan\u00e7as s\u00e3o substanciais. Para o cidad\u00e3o ou o empreendedor haver\u00e1 apenas uma \u00fanica porta de entrada para os pedidos de licenciamento ambiental, que eram expedidas por quatro departamentos do sistema estadual de meio ambiente: o<em>\u00a0Departamento Estadual de Prote\u00e7\u00e3o dos Recursos Naturais \u2013 DEPRN<\/em>, o<em>\u00a0Departamento de Uso do Solo Metropolitano \u2013 DUSM<\/em>, o\u00a0<em>Departamento de Avalia\u00e7\u00e3o de Impacto Ambiental \u2013 DAIA<\/em>\u00a0e a pr\u00f3pria\u00a0<em>CETESB<\/em>.<\/p>\n<p>A unifica\u00e7\u00e3o e a centraliza\u00e7\u00e3o do licenciamento na estrutura da\u00a0<em>CETESB<\/em>\u00a0torna mais \u00e1gil a expedi\u00e7\u00e3o do documento, reduzindo tempo e barateando os custos. A nova\u00a0<em>CETESB<\/em>\u00a0atende uma antiga reivindica\u00e7\u00e3o do setor produtivo e do pr\u00f3prio sistema ambiental.<\/p>\n<p>Al\u00e9m de manter a fun\u00e7\u00e3o de \u00f3rg\u00e3o fiscalizador e licenciador de atividades consideradas potencialmente poluidoras, a nova\u00a0<em>CETESB<\/em>\u00a0passa a licenciar atividades que impliquem no corte de vegeta\u00e7\u00e3o e interven\u00e7\u00f5es em \u00e1reas consideradas de preserva\u00e7\u00e3o permanente e ambientalmente protegida.<\/p>\n<h3>Hor\u00e1rio de Funcionamento CETESB\u00a0Osasco<\/h3>\n<ul>\n<li>Segunda a sexta das 8h \u00e0s 17h<\/li>\n<\/ul>\n<h3>Endere\u00e7o e Telefone CETESB\u00a0Osasco<\/h3>\n<ul>\n<li>R. Itabuna, 176 &#8211; Centro\u00a0&#8211;\u00a0Osasco &#8211; SP<\/li>\n<li>Telefone: (11)\u00a03683-2709<\/li>\n<\/ul>\n<h3>Licenciamento, Agendamento, Cursos e E-mail:<\/h3>\n<ul>\n<li>Mais informa\u00e7\u00f5es:\u00a0<a href=\"http:\/\/www.cetesb.sp.gov.br\/\" target=\"_blank\" rel=\"noopener noreferrer\">www.cetesb.sp.gov.br<\/a><\/li>\n<\/ul>\n<h4>Mapa de localiza\u00e7\u00e3o:<\/h4>\n<a class=\"wp-colorbox-iframe\" href=\"https:\/\/www.google.com\/maps\/embed?pb=!1m18!1m12!1m3!1d3657.863495357727!2d-46.776509685022766!3d-23.53741158469476!2m3!1f0!2f0!3f0!3m2!1i1024!2i768!4f13.1!3m3!1m2!1s0x94ceff13026bc7810x73d5e8d78ef75715!2sR.+Itabuna+176+-+Centro+Osasco+-+SP+06010-120!5e0!3m2!1spt-BR!2sbr!4v1509920770920\"><img decoding=\"async\" src=\"http:\/\/www.encontraosasco.com.br\/imgs\/maps-post.png\"><\/a>\n\n<div style=\"font-size: 0px; height: 0px; line-height: 0px; margin: 0; padding: 0; clear: both;\"><\/div>","protected":false},"excerpt":{"rendered":"<p>A\u00a0Companhia Ambiental do Estado de S\u00e3o Paulo \u2013 CETESB\u00a0\u00e9 a ag\u00eancia do\u00a0Governo do Estadorespons\u00e1vel pelo controle, fiscaliza\u00e7\u00e3o, monitoramento e licenciamento de atividades geradoras de polui\u00e7\u00e3o, com a preocupa\u00e7\u00e3o fundamental de preservar e recuperar a qualidade das \u00e1guas, do ar e do solo. Saiba mais sobre a\u00a0CETESB em\u00a0Osasco\u00a0e um pouco da hist\u00f3ria da\u00a0CETESB\u00a0abaixo. Criada em 24 de julho de 1968, pelo Decreto n\u00ba 50.079, a\u00a0CETESB, com a denomina\u00e7\u00e3o inicial de\u00a0Centro Tecnol\u00f3gico de Saneamento B\u00e1sico, incorporou a\u00a0Superintend\u00eancia de Saneamento Ambiental \u2013 SUSAM, vinculada \u00e0\u00a0Secretaria da Sa\u00fade, que, por sua vez, absorvera a\u00a0Comiss\u00e3o Intermunicipal de Controle da Polui\u00e7\u00e3o das \u00c1guas e do Ar <\/p>\n","protected":false},"author":1,"featured_media":0,"parent":0,"menu_order":0,"comment_status":"closed","ping_status":"closed","template":"","meta":{"footnotes":""},"class_list":["post-4292","page","type-page","status-publish","hentry"],"aioseo_notices":[],"_links":{"self":[{"href":"https:\/\/www.encontraosasco.com.br\/sobre\/wp-json\/wp\/v2\/pages\/4292"}],"collection":[{"href":"https:\/\/www.encontraosasco.com.br\/sobre\/wp-json\/wp\/v2\/pages"}],"about":[{"href":"https:\/\/www.encontraosasco.com.br\/sobre\/wp-json\/wp\/v2\/types\/page"}],"author":[{"embeddable":true,"href":"https:\/\/www.encontraosasco.com.br\/sobre\/wp-json\/wp\/v2\/users\/1"}],"replies":[{"embeddable":true,"href":"https:\/\/www.encontraosasco.com.br\/sobre\/wp-json\/wp\/v2\/comments?post=4292"}],"version-history":[{"count":0,"href":"https:\/\/www.encontraosasco.com.br\/sobre\/wp-json\/wp\/v2\/pages\/4292\/revisions"}],"wp:attachment":[{"href":"https:\/\/www.encontraosasco.com.br\/sobre\/wp-json\/wp\/v2\/media?parent=4292"}],"curies":[{"name":"wp","href":"https:\/\/api.w.org\/{rel}","templated":true}]}}