{"id":4316,"date":"2017-11-07T10:55:49","date_gmt":"2017-11-07T13:55:49","guid":{"rendered":"http:\/\/www.encontraosasco.com.br\/sobre\/?page_id=4316"},"modified":"2017-11-07T10:56:00","modified_gmt":"2017-11-07T13:56:00","slug":"cemiterio-santo-antonio-osasco","status":"publish","type":"page","link":"https:\/\/www.encontraosasco.com.br\/sobre\/cemiterio-santo-antonio-osasco\/","title":{"rendered":"Cemit\u00e9rio Santo Ant\u00f4nio Osasco"},"content":{"rendered":"<div class=\"90b156a7006dfc5832b0651c68b7182c\" data-index=\"1\" style=\"float: none; margin:0px;\">\n<script async src=\"https:\/\/pagead2.googlesyndication.com\/pagead\/js\/adsbygoogle.js?client=ca-pub-8585364105181520\"\r\n     crossorigin=\"anonymous\"><\/script>\r\n<!-- Anuncio display - global -->\r\n<ins class=\"adsbygoogle\"\r\n     style=\"display:block\"\r\n     data-ad-client=\"ca-pub-8585364105181520\"\r\n     data-ad-slot=\"8789329856\"\r\n     data-ad-format=\"auto\"\r\n     data-full-width-responsive=\"true\"><\/ins>\r\n<script>\r\n     (adsbygoogle = window.adsbygoogle || []).push({});\r\n<\/script>\n<\/div>\n<p>O <strong>Cemit\u00e9rio Santo Antonio Osasco<\/strong> foi constru\u00eddo para suprir a necessidade de espa\u00e7o para novos sepultamentos.\u00a0 Sabendo-se que o Cemit\u00e9rio Bela Vista, o primeiro da cidade, j\u00e1 n\u00e3o mais suportava realizar novos sepultamentos, pois tinha os jazigos ali todos vendidos, que serviam as fam\u00edlias mais antigas da regi\u00e3o.<\/p>\n<p>Com o enorme desenvolvimento da Cidade de Osasco, e o crescimento desenfreado da popula\u00e7\u00e3o a Prefeitura de Osasco inaugurou esta necr\u00f3pole em 1976. Aliviando assim o problema de falta de local para estes sepultamentos.<\/p>\n<p><img loading=\"lazy\" decoding=\"async\" class=\"alignnone wp-image-4317 size-full\" title=\"Cemit\u00e9rio Santo Ant\u00f4nio Osasco\" src=\"http:\/\/www.encontraosasco.com.br\/sobre\/wp-content\/uploads\/2017\/11\/cemiterio-santo-antonio-osasco.jpg\" alt=\"Cemit\u00e9rio Santo Ant\u00f4nio Osasco\" width=\"680\" height=\"189\" srcset=\"https:\/\/www.encontraosasco.com.br\/sobre\/wp-content\/uploads\/2017\/11\/cemiterio-santo-antonio-osasco.jpg 680w, https:\/\/www.encontraosasco.com.br\/sobre\/wp-content\/uploads\/2017\/11\/cemiterio-santo-antonio-osasco-300x83.jpg 300w\" sizes=\"(max-width: 680px) 100vw, 680px\" \/><\/p>\n<p>Considerado um Campo Santo humilde, serve a camada mais pobre da popula\u00e7\u00e3o, que ali conseguem sepultar seus familiares em t\u00famulos provis\u00f3rios. Com a necessidade de exuma\u00e7\u00e3o ap\u00f3s tr\u00eas anos e transfer\u00eancia para oss\u00e1rios.\u00a0 \u00c9 uma necr\u00f3pole que n\u00e3o possui vultuosos mausol\u00e9us e nem arte tumular, seus jazigos geralmente bem simples s\u00e3o constru\u00eddos abaixo da terra, sem constru\u00e7\u00e3o aparente.<\/p>\n<h2>Cemit\u00e9rio Santo Ant\u00f4nio Osasco Vel\u00f3rio<\/h2>\n<p>O Cemit\u00e9rio Santo Ant\u00f4nio tem espa\u00e7o para Vel\u00f3rio do seu ente querido. Entre em contato com a administra\u00e7\u00e3o para maiores informa\u00e7\u00f5es.<\/p>\n<h3>Cemit\u00e9rio Santo Ant\u00f4nio\u00a0Osasco \u00d4nibus<\/h3>\n<p>Para voc\u00ea chegar ao Cemit\u00e9rio Santo Ant\u00f4nio utilizando transporte p\u00fablico, basta utilizar as linhas 008 e 033 da CMTO e o 061 da EMTU.<\/p>\n<h3>Hor\u00e1rio de Funcionamento\u00a0Santo Ant\u00f4nio em Osasco<\/h3>\n<ul>\n<li>Atendimento 24 horas<\/li>\n<\/ul>\n<h3>Endere\u00e7o e Telefone\u00a0Santo Ant\u00f4nio em Osasco<\/h3>\n<ul>\n<li>R. Ant\u00f4nio Russo, 175 &#8211; Jardim Roberto &#8211; Osasco &#8211; SP<\/li>\n<li>Telefone: (11)\u00a03591-0468<\/li>\n<\/ul>\n<h3>Outras informa\u00e7\u00f5es e site<\/h3>\n<ul>\n<li>Mais informa\u00e7\u00f5es:\u00a0<a href=\"http:\/\/www.cemiterio.net\/cemiterio-santo-antonio-osasco\/\" target=\"_blank\" rel=\"noopener noreferrer\">www.cemiterio.net\/cemiterio-santo-antonio-osasco<\/a><\/li>\n<\/ul>\n<h4>Mapa de localiza\u00e7\u00e3o<\/h4>\n<a class=\"wp-colorbox-iframe\" href=\"https:\/\/www.google.com\/maps\/embed?pb=!1m14!1m8!1m3!1d14629.968716727988!2d-46.8016254!3d-23.5507605!3m2!1i1024!2i768!4f13.1!3m3!1m2!1s0x00x15775b410b6538bf!2sVelrio+Cemitrio+Santo+Antnio!5e0!3m2!1spt-BR!2sbr!4v1510062689005\"><img decoding=\"async\" src=\"http:\/\/www.encontraosasco.com.br\/imgs\/maps-post.png\"><\/a>\n\n<div style=\"font-size: 0px; height: 0px; line-height: 0px; margin: 0; padding: 0; clear: both;\"><\/div>","protected":false},"excerpt":{"rendered":"<p>O Cemit\u00e9rio Santo Antonio Osasco foi constru\u00eddo para suprir a necessidade de espa\u00e7o para novos sepultamentos.\u00a0 Sabendo-se que o Cemit\u00e9rio Bela Vista, o primeiro da cidade, j\u00e1 n\u00e3o mais suportava realizar novos sepultamentos, pois tinha os jazigos ali todos vendidos, que serviam as fam\u00edlias mais antigas da regi\u00e3o. Com o enorme desenvolvimento da Cidade de Osasco, e o crescimento desenfreado da popula\u00e7\u00e3o a Prefeitura de Osasco inaugurou esta necr\u00f3pole em 1976. Aliviando assim o problema de falta de local para estes sepultamentos. Considerado um Campo Santo humilde, serve a camada mais pobre da popula\u00e7\u00e3o, que ali conseguem sepultar seus familiares <\/p>\n","protected":false},"author":1,"featured_media":0,"parent":0,"menu_order":0,"comment_status":"closed","ping_status":"closed","template":"","meta":{"footnotes":""},"class_list":["post-4316","page","type-page","status-publish","hentry"],"aioseo_notices":[],"_links":{"self":[{"href":"https:\/\/www.encontraosasco.com.br\/sobre\/wp-json\/wp\/v2\/pages\/4316"}],"collection":[{"href":"https:\/\/www.encontraosasco.com.br\/sobre\/wp-json\/wp\/v2\/pages"}],"about":[{"href":"https:\/\/www.encontraosasco.com.br\/sobre\/wp-json\/wp\/v2\/types\/page"}],"author":[{"embeddable":true,"href":"https:\/\/www.encontraosasco.com.br\/sobre\/wp-json\/wp\/v2\/users\/1"}],"replies":[{"embeddable":true,"href":"https:\/\/www.encontraosasco.com.br\/sobre\/wp-json\/wp\/v2\/comments?post=4316"}],"version-history":[{"count":0,"href":"https:\/\/www.encontraosasco.com.br\/sobre\/wp-json\/wp\/v2\/pages\/4316\/revisions"}],"wp:attachment":[{"href":"https:\/\/www.encontraosasco.com.br\/sobre\/wp-json\/wp\/v2\/media?parent=4316"}],"curies":[{"name":"wp","href":"https:\/\/api.w.org\/{rel}","templated":true}]}}