{"id":4320,"date":"2017-11-07T11:31:11","date_gmt":"2017-11-07T14:31:11","guid":{"rendered":"http:\/\/www.encontraosasco.com.br\/sobre\/?page_id=4320"},"modified":"2017-11-07T11:31:11","modified_gmt":"2017-11-07T14:31:11","slug":"miss-osasco","status":"publish","type":"page","link":"https:\/\/www.encontraosasco.com.br\/sobre\/miss-osasco\/","title":{"rendered":"Miss Osasco"},"content":{"rendered":"<div class=\"90b156a7006dfc5832b0651c68b7182c\" data-index=\"1\" style=\"float: none; margin:0px;\">\n<script async src=\"https:\/\/pagead2.googlesyndication.com\/pagead\/js\/adsbygoogle.js?client=ca-pub-8585364105181520\"\r\n     crossorigin=\"anonymous\"><\/script>\r\n<!-- Anuncio display - global -->\r\n<ins class=\"adsbygoogle\"\r\n     style=\"display:block\"\r\n     data-ad-client=\"ca-pub-8585364105181520\"\r\n     data-ad-slot=\"8789329856\"\r\n     data-ad-format=\"auto\"\r\n     data-full-width-responsive=\"true\"><\/ins>\r\n<script>\r\n     (adsbygoogle = window.adsbygoogle || []).push({});\r\n<\/script>\n<\/div>\n<p>Considerado o mais importante e tradicional evento de beleza de toda a regi\u00e3o, o Concurso <strong>Miss Osasco<\/strong> Oficial.\u00a0Realizado h\u00e1 mais de 30 anos pela tradicional\u00edssima Academia Panteras, dirigida pela sempre guerreira Leninha Consoli, o Concurso Miss Osasco tem dado oportunidade a centenas de belas osasquenses de realizar seus sonhos e muitas vezes, de entrar em grande estilo para o mundo da passarela e beleza. A famosa e eterna jurada do \u201cPrograma Silvio Santos\u201d, hoje atriz de novelas da Record Tv, Sonia Lima e a modelo e dan\u00e7arina do \u201cDoming\u00e3o do Faust\u00e3o\u201d da Rede Globo, Nayara Perassoli, s\u00e3o dois bons exemplos de talentos descobertos atrav\u00e9s do concurso.<\/p>\n<p><img loading=\"lazy\" decoding=\"async\" class=\"alignnone wp-image-4321 size-full\" title=\"Miss Osasco\" src=\"http:\/\/www.encontraosasco.com.br\/sobre\/wp-content\/uploads\/2017\/11\/miss-osasco-osasco.jpg\" alt=\"Miss Osasco\" width=\"680\" height=\"189\" srcset=\"https:\/\/www.encontraosasco.com.br\/sobre\/wp-content\/uploads\/2017\/11\/miss-osasco-osasco.jpg 680w, https:\/\/www.encontraosasco.com.br\/sobre\/wp-content\/uploads\/2017\/11\/miss-osasco-osasco-300x83.jpg 300w\" sizes=\"(max-width: 680px) 100vw, 680px\" \/><\/p>\n<p>O\u00a0evento tem a chancela oficial da Tv Bandeirantes e busca seguir crit\u00e9rios \u00fanicos para todos os eventos oficiais realizados no pa\u00eds, que culminam com a elei\u00e7\u00e3o da Miss Brasil Oficial, que leva a vencedora para o Miss Universo.\u00a0 As coreografias e ensaios est\u00e3o sob os ausp\u00edcios de Bel Consoli, renomada core\u00f3grafa de novelas da Globo, Record e SBT.\u00a0 Os ingressos s\u00e3o limitad\u00edssimos, j\u00e1 que boa parte \u00e9 reservada para autoridades, patrocinadores e os pr\u00f3prios familiares das candidatas.<\/p>\n<h3>Endere\u00e7o e Telefone\u00a0Miss Osasco\u00a0em Osasco<\/h3>\n<ul>\n<li>Av. dos Autonomistas, 1533 &#8211; Vila Campesina\u00a0&#8211; Osasco &#8211; SP<\/li>\n<li>Telefone: (11) 3685-9034<\/li>\n<\/ul>\n<h3>Outras informa\u00e7\u00f5es e site<\/h3>\n<ul>\n<li>Mais informa\u00e7\u00f5es:\u00a0<a href=\"https:\/\/www.facebook.com\/permalink.php?story_fbid=1890837181153451&amp;id=1888424818061354&amp;substory_index=0\" target=\"_blank\" rel=\"noopener noreferrer\">www.facebook.com\/permalink.php?story_fbid=1890837181153451&amp;id=1888424818061354&amp;substory_index=0<\/a><\/li>\n<\/ul>\n<h4>Mapa de localiza\u00e7\u00e3o<\/h4>\n<a class=\"wp-colorbox-iframe\" href=\"https:\/\/www.google.com\/maps\/embed?pb=!1m14!1m8!1m3!1d14631.0567086029!2d-46.7689489!3d-23.5409828!3m2!1i1024!2i768!4f13.1!3m3!1m2!1s0x00x14f9162c3baab831!2sTeatro+Municipal+de+Osasco!5e0!3m2!1spt-BR!2sbr!4v1510065004225\"><img decoding=\"async\" src=\"http:\/\/www.encontraosasco.com.br\/imgs\/maps-post.png\"><\/a>\n\n<div style=\"font-size: 0px; height: 0px; line-height: 0px; margin: 0; padding: 0; clear: both;\"><\/div>","protected":false},"excerpt":{"rendered":"<p>Considerado o mais importante e tradicional evento de beleza de toda a regi\u00e3o, o Concurso Miss Osasco Oficial.\u00a0Realizado h\u00e1 mais de 30 anos pela tradicional\u00edssima Academia Panteras, dirigida pela sempre guerreira Leninha Consoli, o Concurso Miss Osasco tem dado oportunidade a centenas de belas osasquenses de realizar seus sonhos e muitas vezes, de entrar em grande estilo para o mundo da passarela e beleza. A famosa e eterna jurada do \u201cPrograma Silvio Santos\u201d, hoje atriz de novelas da Record Tv, Sonia Lima e a modelo e dan\u00e7arina do \u201cDoming\u00e3o do Faust\u00e3o\u201d da Rede Globo, Nayara Perassoli, s\u00e3o dois bons exemplos <\/p>\n","protected":false},"author":1,"featured_media":0,"parent":0,"menu_order":0,"comment_status":"closed","ping_status":"closed","template":"","meta":{"footnotes":""},"class_list":["post-4320","page","type-page","status-publish","hentry"],"aioseo_notices":[],"_links":{"self":[{"href":"https:\/\/www.encontraosasco.com.br\/sobre\/wp-json\/wp\/v2\/pages\/4320"}],"collection":[{"href":"https:\/\/www.encontraosasco.com.br\/sobre\/wp-json\/wp\/v2\/pages"}],"about":[{"href":"https:\/\/www.encontraosasco.com.br\/sobre\/wp-json\/wp\/v2\/types\/page"}],"author":[{"embeddable":true,"href":"https:\/\/www.encontraosasco.com.br\/sobre\/wp-json\/wp\/v2\/users\/1"}],"replies":[{"embeddable":true,"href":"https:\/\/www.encontraosasco.com.br\/sobre\/wp-json\/wp\/v2\/comments?post=4320"}],"version-history":[{"count":0,"href":"https:\/\/www.encontraosasco.com.br\/sobre\/wp-json\/wp\/v2\/pages\/4320\/revisions"}],"wp:attachment":[{"href":"https:\/\/www.encontraosasco.com.br\/sobre\/wp-json\/wp\/v2\/media?parent=4320"}],"curies":[{"name":"wp","href":"https:\/\/api.w.org\/{rel}","templated":true}]}}