{"id":4327,"date":"2017-11-08T20:26:17","date_gmt":"2017-11-08T23:26:17","guid":{"rendered":"http:\/\/www.encontraosasco.com.br\/sobre\/?page_id=4327"},"modified":"2017-11-08T20:26:28","modified_gmt":"2017-11-08T23:26:28","slug":"trt-osasco","status":"publish","type":"page","link":"https:\/\/www.encontraosasco.com.br\/sobre\/trt-osasco\/","title":{"rendered":"TRT Osasco"},"content":{"rendered":"<div class=\"90b156a7006dfc5832b0651c68b7182c\" data-index=\"1\" style=\"float: none; margin:0px;\">\n<script async src=\"https:\/\/pagead2.googlesyndication.com\/pagead\/js\/adsbygoogle.js?client=ca-pub-8585364105181520\"\r\n     crossorigin=\"anonymous\"><\/script>\r\n<!-- Anuncio display - global -->\r\n<ins class=\"adsbygoogle\"\r\n     style=\"display:block\"\r\n     data-ad-client=\"ca-pub-8585364105181520\"\r\n     data-ad-slot=\"8789329856\"\r\n     data-ad-format=\"auto\"\r\n     data-full-width-responsive=\"true\"><\/ins>\r\n<script>\r\n     (adsbygoogle = window.adsbygoogle || []).push({});\r\n<\/script>\n<\/div>\n<p>Os\u00a0Tribunais Regionais do Trabalho\u00a0(TRT) fazem parte da\u00a0Justi\u00e7a do Trabalho\u00a0no\u00a0Brasil, em conjunto com as\u00a0Varas do Trabalho\u00a0e com o\u00a0Tribunal Superior do Trabalho. Usualmente, correspondem \u00e0 segunda inst\u00e2ncia na tramita\u00e7\u00e3o de um processo trabalhista, apreciando\u00a0recursos ordin\u00e1rios\u00a0e\u00a0agravos de peti\u00e7\u00e3o, mas det\u00eam\u00a0compet\u00eancias origin\u00e1rias\u00a0de\u00a0julgamento, em casos de\u00a0diss\u00eddios coletivos,\u00a0a\u00e7\u00f5es rescis\u00f3rias,\u00a0mandados de seguran\u00e7a, entre outros.<\/p>\n<p><img loading=\"lazy\" decoding=\"async\" class=\"alignnone wp-image-4328 size-full\" title=\"TRT Osasco\" src=\"http:\/\/www.encontraosasco.com.br\/sobre\/wp-content\/uploads\/2017\/11\/trt-osasco.jpg\" alt=\"TRT Osasco\" width=\"680\" height=\"189\" srcset=\"https:\/\/www.encontraosasco.com.br\/sobre\/wp-content\/uploads\/2017\/11\/trt-osasco.jpg 680w, https:\/\/www.encontraosasco.com.br\/sobre\/wp-content\/uploads\/2017\/11\/trt-osasco-300x83.jpg 300w\" sizes=\"(max-width: 680px) 100vw, 680px\" \/><\/p>\n<p style=\"background: white; margin: 6.0pt 0cm 6.0pt 0cm;\"><span style=\"font-size: 10.5pt; font-family: 'Arial','sans-serif'; color: #222222;\">Os TRTs, atualmente em n\u00famero de vinte e quatro, est\u00e3o distribu\u00eddos pelo territ\u00f3rio nacional e sua \u00e1rea de jurisdi\u00e7\u00e3o normalmente corresponde aos limites territoriais de cada estado-membro. Veja maiores informa\u00e7\u00f5es sobre o <strong>TRT Osasco.<\/strong><\/span><\/p>\n<h2>TRT\u00a0Osasco Consulta de Processos<\/h2>\n<p style=\"background: white; margin: 6.0pt 0cm 6.0pt 0cm;\"><span style=\"font-size: 10.5pt; font-family: 'Arial','sans-serif'; color: #222222;\">Para <em>consultar processos<\/em> basta acessar o site, clicar em consultas e escolher a Vara Trabalhista a qual pertence seu processo.<\/span><\/p>\n<h3>Hor\u00e1rio de Funcionamento\u00a0TRT em Osasco<\/h3>\n<ul>\n<li>Segunda a Sexta: das 08h \u00e0s 17h<\/li>\n<\/ul>\n<h3>Endere\u00e7o e Telefone\u00a0TRT em Osasco<\/h3>\n<ul>\n<li>\n<p style=\"background: white; margin: 6.0pt 0cm 6.0pt 0cm;\"><span style=\"font-size: 10.5pt; font-family: 'Arial','sans-serif'; color: #222222;\">Avenida Santo Antonio, 1013 \u2013 Osasco &#8211; SP<\/span><\/p>\n<\/li>\n<li>Telefone: (11) 3654-1753<\/li>\n<\/ul>\n<h3>Outras informa\u00e7\u00f5es e site<\/h3>\n<ul>\n<li>Mais informa\u00e7\u00f5es:\u00a0<a href=\"http:\/\/www.trtsp.jus.br\" target=\"_blank\" rel=\"noopener noreferrer\">www.trtsp.jus.br<\/a><\/li>\n<\/ul>\n<h4>Mapa de localiza\u00e7\u00e3o<\/h4>\n<a class=\"wp-colorbox-iframe\" href=\"https:\/\/www.google.com\/maps\/embed?pb=!1m18!1m12!1m3!1d3657.85321716058!2d-46.784865085022595!3d-23.53778118469449!2m3!1f0!2f0!3f0!3m2!1i1024!2i768!4f13.1!3m3!1m2!1s0x94ceff0be66156070x5ea13c1c822d193c!2sAv.+Santo+Antnio+1013+-+Vila+Osasco+Osasco+-+SP+06083-210!5e0!3m2!1spt-BR!2sbr!4v1510143880705\"><img decoding=\"async\" src=\"http:\/\/www.encontraosasco.com.br\/imgs\/maps-post.png\"><\/a>\n\n<div style=\"font-size: 0px; height: 0px; line-height: 0px; margin: 0; padding: 0; clear: both;\"><\/div>","protected":false},"excerpt":{"rendered":"<p>Os\u00a0Tribunais Regionais do Trabalho\u00a0(TRT) fazem parte da\u00a0Justi\u00e7a do Trabalho\u00a0no\u00a0Brasil, em conjunto com as\u00a0Varas do Trabalho\u00a0e com o\u00a0Tribunal Superior do Trabalho. Usualmente, correspondem \u00e0 segunda inst\u00e2ncia na tramita\u00e7\u00e3o de um processo trabalhista, apreciando\u00a0recursos ordin\u00e1rios\u00a0e\u00a0agravos de peti\u00e7\u00e3o, mas det\u00eam\u00a0compet\u00eancias origin\u00e1rias\u00a0de\u00a0julgamento, em casos de\u00a0diss\u00eddios coletivos,\u00a0a\u00e7\u00f5es rescis\u00f3rias,\u00a0mandados de seguran\u00e7a, entre outros. Os TRTs, atualmente em n\u00famero de vinte e quatro, est\u00e3o distribu\u00eddos pelo territ\u00f3rio nacional e sua \u00e1rea de jurisdi\u00e7\u00e3o normalmente corresponde aos limites territoriais de cada estado-membro. Veja maiores informa\u00e7\u00f5es sobre o TRT Osasco. TRT\u00a0Osasco Consulta de Processos Para consultar processos basta acessar o site, clicar em consultas e escolher a Vara Trabalhista <\/p>\n","protected":false},"author":1,"featured_media":0,"parent":0,"menu_order":0,"comment_status":"closed","ping_status":"closed","template":"","meta":{"footnotes":""},"class_list":["post-4327","page","type-page","status-publish","hentry"],"aioseo_notices":[],"_links":{"self":[{"href":"https:\/\/www.encontraosasco.com.br\/sobre\/wp-json\/wp\/v2\/pages\/4327"}],"collection":[{"href":"https:\/\/www.encontraosasco.com.br\/sobre\/wp-json\/wp\/v2\/pages"}],"about":[{"href":"https:\/\/www.encontraosasco.com.br\/sobre\/wp-json\/wp\/v2\/types\/page"}],"author":[{"embeddable":true,"href":"https:\/\/www.encontraosasco.com.br\/sobre\/wp-json\/wp\/v2\/users\/1"}],"replies":[{"embeddable":true,"href":"https:\/\/www.encontraosasco.com.br\/sobre\/wp-json\/wp\/v2\/comments?post=4327"}],"version-history":[{"count":0,"href":"https:\/\/www.encontraosasco.com.br\/sobre\/wp-json\/wp\/v2\/pages\/4327\/revisions"}],"wp:attachment":[{"href":"https:\/\/www.encontraosasco.com.br\/sobre\/wp-json\/wp\/v2\/media?parent=4327"}],"curies":[{"name":"wp","href":"https:\/\/api.w.org\/{rel}","templated":true}]}}