{"id":4351,"date":"2017-11-11T11:33:04","date_gmt":"2017-11-11T14:33:04","guid":{"rendered":"http:\/\/www.encontraosasco.com.br\/sobre\/?page_id=4351"},"modified":"2019-12-10T04:19:32","modified_gmt":"2019-12-10T07:19:32","slug":"teatro-gloria-giglio-osasco","status":"publish","type":"page","link":"https:\/\/www.encontraosasco.com.br\/sobre\/teatro-gloria-giglio-osasco\/","title":{"rendered":"Teatro Gl\u00f3ria Giglio Osasco"},"content":{"rendered":"<div class=\"90b156a7006dfc5832b0651c68b7182c\" data-index=\"1\" style=\"float: none; margin:0px;\">\n<script async src=\"https:\/\/pagead2.googlesyndication.com\/pagead\/js\/adsbygoogle.js?client=ca-pub-8585364105181520\"\r\n     crossorigin=\"anonymous\"><\/script>\r\n<!-- Anuncio display - global -->\r\n<ins class=\"adsbygoogle\"\r\n     style=\"display:block\"\r\n     data-ad-client=\"ca-pub-8585364105181520\"\r\n     data-ad-slot=\"8789329856\"\r\n     data-ad-format=\"auto\"\r\n     data-full-width-responsive=\"true\"><\/ins>\r\n<script>\r\n     (adsbygoogle = window.adsbygoogle || []).push({});\r\n<\/script>\n<\/div>\n<p><b>Teatro Gl\u00f3ria Giglio<\/b>\u00a0tamb\u00e9m chamado de\u00a0<b>Teatro<\/b><b>\u00a0Municipal de Osasco<\/b>, foi\u00a0inaugurado no dia 7 de setembro de 1996 durante o governo do prefeito Celso Giglio.<\/p>\n<h3><img loading=\"lazy\" decoding=\"async\" class=\"alignnone wp-image-4352 size-full\" title=\"Teatro Osasco\" src=\"http:\/\/www.encontraosasco.com.br\/sobre\/wp-content\/uploads\/2017\/11\/teatro-osasco.jpg\" alt=\"Teatro Osasco\" width=\"680\" height=\"189\" srcset=\"https:\/\/www.encontraosasco.com.br\/sobre\/wp-content\/uploads\/2017\/11\/teatro-osasco.jpg 680w, https:\/\/www.encontraosasco.com.br\/sobre\/wp-content\/uploads\/2017\/11\/teatro-osasco-300x83.jpg 300w\" sizes=\"(max-width: 680px) 100vw, 680px\" \/><\/h3>\n<h3><span id=\"Inaugura.C3.A7.C3.A3o.E2.80.94presente\" class=\"mw-headline\">Teatro Gl\u00f3ria Giglio Osasco Inaugura\u00e7\u00e3o\u2014presente<\/span><\/h3>\n<p>A primeira pe\u00e7a apresentada no local foi\u00a0<i>Dom Quixote<\/i>, no dia da inaugura\u00e7\u00e3o.\u00a0A constru\u00e7\u00e3o tem uma \u00e1rea de 1.575,74 m\u00b2 e est\u00e1 em um terreno com 8.973,23 m\u00b2. Em abril de 2014, \u00e9poca do mandato do prefeito\u00a0Jorge Lapas, o nome da constru\u00e7\u00e3o foi alterado em homenagem a ex-primeira dama de Osasco, Gl\u00f3ria Giglio, que tinha falecido no ano anteriror em um acidente de carro.<\/p>\n<h3><span id=\"Espa\u00e7o\"><\/span><span id=\"Espa.C3.A7o\" class=\"mw-headline\">Teatro Gl\u00f3ria Giglio Osasco Espa\u00e7o<\/span><\/h3>\n<p>O ambiente apresenta espet\u00e1culos variados, atendendo ao p\u00fablico adulto, jovem e infantil, al\u00e9m de outros direcionados ao aprendizado de alunos dos n\u00edveis fundamental e m\u00e9dio de institui\u00e7\u00f5es do munic\u00edpio e regi\u00e3o, no programa conhecido como Projeto Escola.<\/p>\n<p>Al\u00e9m de pe\u00e7as teatrais, tem espa\u00e7o para academias de dan\u00e7a, escolas de m\u00fasica, festivais e mostras. Anualmente, a Escola de Artes C\u00e9sar Salvi utiliza o espa\u00e7o para apresenta\u00e7\u00e3o de espet\u00e1culos de conclus\u00e3o do Curso Artes C\u00eanicas. Al\u00e9m das apresenta\u00e7\u00f5es, o teatro conta, em seu\u00a0<i>hall<\/i>\u00a0de entrada, com exposi\u00e7\u00f5es de artes pl\u00e1sticas.<\/p>\n<h3><span id=\"Reforma\" class=\"mw-headline\">Teatro Gl\u00f3ria Giglio Osasco Reforma<\/span><\/h3>\n<p>Em fevereiro de 2016 foi terminada a reforma no local feita pela Secretaria de Servi\u00e7os e Obras.<span style=\"font-size: 13.3333px;\">\u00a0\u00a0<\/span>O teatro ficou fechado por quase um ano.<span style=\"font-size: 13.3333px;\">\u00a0<\/span>\u00a0O custo de mais de 6 milh\u00f5es de\u00a0reais\u00a0foi pago com um conv\u00eanio feito com a\u00a0Caixa Econ\u00f4mica Federal, fechado em outubro de 2015.\u00a0Foram instaladas 460 novas poltronas, incluindo as destinadas as pessoas obesas, que \u00e9 determinada pela\u00a0ABNT\u00a0(Associa\u00e7\u00e3o Brasileira de Normas T\u00e9cnicas) e novos sistemas de ilumina\u00e7\u00e3o c\u00eanica e sonoriza\u00e7\u00e3o.\u00a0Tamb\u00e9m foram criadas rampas de acesso para cadeirantes e o sistema de ar condicionado foi expandido para todo o local.<\/p>\n<h3>Vagas\u00a0Teatro Gl\u00f3ria Giglio Osasco &#8211; Trabalhe Conosco<\/h3>\n<p>O Teatro Gl\u00f3ria Giglio Osasco disponibiliza <em>vagas de trabalho<\/em> durante todo ano. Para se informar sobre os processos seletivos e se candidatar as vagas acompanhe o site da empresa, onde \u00e9 poss\u00edvel se informar sobre vagas abertas, sal\u00e1rios e compet\u00eancias necess\u00e1rias para se candidatar ao processo.<\/p>\n<h3>Hor\u00e1rio de Funcionamento Teatro Gl\u00f3ria Giglio em Osasco<\/h3>\n<ul>\n<li>Segunda a Sexta: das 08h \u00e0s 17h<\/li>\n<\/ul>\n<h3>Endere\u00e7o e Telefone\u00a0Teatro Gl\u00f3ria Giglio em Osasco<\/h3>\n<ul>\n<li>Av. dos Autonomistas, 1533 &#8211; Vila Yara\u00a0&#8211; Osasco &#8211; SP<\/li>\n<li>Telefone: (11) 3685-9596<\/li>\n<\/ul>\n<h3>Mapa de localiza\u00e7\u00e3o<\/h3>\n<a class=\"wp-colorbox-iframe\" href=\"https:\/\/www.google.com\/maps\/embed?pb=!1m14!1m8!1m3!1d14631.05194705632!2d-46.7689702!3d-23.5410256!3m2!1i1024!2i768!4f13.1!3m3!1m2!1s0x00xb1f62d73f6937c1c!2sTeatro+Municipal+Glria+Giglio+(Teatro+Municipal+de+Osasco)!5e0!3m2!1spt-BR!2sbr!4v1510410485417\"><img decoding=\"async\" src=\"http:\/\/www.encontraosasco.com.br\/imgs\/maps-post.png\"><\/a>\n\n<div style=\"font-size: 0px; height: 0px; line-height: 0px; margin: 0; padding: 0; clear: both;\"><\/div>","protected":false},"excerpt":{"rendered":"<p>Teatro Gl\u00f3ria Giglio\u00a0tamb\u00e9m chamado de\u00a0Teatro\u00a0Municipal de Osasco, foi\u00a0inaugurado no dia 7 de setembro de 1996 durante o governo do prefeito Celso Giglio. Teatro Gl\u00f3ria Giglio Osasco Inaugura\u00e7\u00e3o\u2014presente A primeira pe\u00e7a apresentada no local foi\u00a0Dom Quixote, no dia da inaugura\u00e7\u00e3o.\u00a0A constru\u00e7\u00e3o tem uma \u00e1rea de 1.575,74 m\u00b2 e est\u00e1 em um terreno com 8.973,23 m\u00b2. Em abril de 2014, \u00e9poca do mandato do prefeito\u00a0Jorge Lapas, o nome da constru\u00e7\u00e3o foi alterado em homenagem a ex-primeira dama de Osasco, Gl\u00f3ria Giglio, que tinha falecido no ano anteriror em um acidente de carro. Teatro Gl\u00f3ria Giglio Osasco Espa\u00e7o O ambiente apresenta espet\u00e1culos variados, <\/p>\n","protected":false},"author":1,"featured_media":0,"parent":0,"menu_order":0,"comment_status":"closed","ping_status":"closed","template":"","meta":{"footnotes":""},"class_list":["post-4351","page","type-page","status-publish","hentry"],"aioseo_notices":[],"_links":{"self":[{"href":"https:\/\/www.encontraosasco.com.br\/sobre\/wp-json\/wp\/v2\/pages\/4351"}],"collection":[{"href":"https:\/\/www.encontraosasco.com.br\/sobre\/wp-json\/wp\/v2\/pages"}],"about":[{"href":"https:\/\/www.encontraosasco.com.br\/sobre\/wp-json\/wp\/v2\/types\/page"}],"author":[{"embeddable":true,"href":"https:\/\/www.encontraosasco.com.br\/sobre\/wp-json\/wp\/v2\/users\/1"}],"replies":[{"embeddable":true,"href":"https:\/\/www.encontraosasco.com.br\/sobre\/wp-json\/wp\/v2\/comments?post=4351"}],"version-history":[{"count":0,"href":"https:\/\/www.encontraosasco.com.br\/sobre\/wp-json\/wp\/v2\/pages\/4351\/revisions"}],"wp:attachment":[{"href":"https:\/\/www.encontraosasco.com.br\/sobre\/wp-json\/wp\/v2\/media?parent=4351"}],"curies":[{"name":"wp","href":"https:\/\/api.w.org\/{rel}","templated":true}]}}