{"id":4362,"date":"2017-11-12T10:26:06","date_gmt":"2017-11-12T13:26:06","guid":{"rendered":"http:\/\/www.encontraosasco.com.br\/sobre\/?page_id=4362"},"modified":"2017-11-12T10:26:16","modified_gmt":"2017-11-12T13:26:16","slug":"juco-osasco","status":"publish","type":"page","link":"https:\/\/www.encontraosasco.com.br\/sobre\/juco-osasco\/","title":{"rendered":"Juco Osasco"},"content":{"rendered":"<div class=\"90b156a7006dfc5832b0651c68b7182c\" data-index=\"1\" style=\"float: none; margin:0px;\">\n<script async src=\"https:\/\/pagead2.googlesyndication.com\/pagead\/js\/adsbygoogle.js?client=ca-pub-8585364105181520\"\r\n     crossorigin=\"anonymous\"><\/script>\r\n<!-- Anuncio display - global -->\r\n<ins class=\"adsbygoogle\"\r\n     style=\"display:block\"\r\n     data-ad-client=\"ca-pub-8585364105181520\"\r\n     data-ad-slot=\"8789329856\"\r\n     data-ad-format=\"auto\"\r\n     data-full-width-responsive=\"true\"><\/ins>\r\n<script>\r\n     (adsbygoogle = window.adsbygoogle || []).push({});\r\n<\/script>\n<\/div>\n<p>A <strong>Juco Osasco<\/strong> \u00e9 um curso de qualifica\u00e7\u00e3o profissional chamado Juventude C\u00edvica de Osasco (JUCO). Agente de Integra\u00e7\u00e3o Empresa-Escola, fundado em 26 de abril de 1962 por Hirant Sanazar.\u00a0Quanto ao curso em si tem aulas de portugu\u00eas, inform\u00e1tica, padaria, debate sobre temas variados em aulas de biblioteca, assiste a v\u00eddeos sobre administra\u00e7\u00e3o, al\u00e9m de palestras semanais sobre diversos temas importantes. O curso tem dura\u00e7\u00e3o de quatro meses, e ap\u00f3s isso voc\u00ea se forma e \u00e9 encaminhado para o mercado de trabalho, onde como estagi\u00e1rio da Juco, voc\u00ea tem a oportunidade de aprender muitas coisas importantes para o seu curr\u00edculo.<\/p>\n<p><em><img loading=\"lazy\" decoding=\"async\" class=\"alignnone wp-image-4363 size-full\" title=\"Juco Osasco\" src=\"http:\/\/www.encontraosasco.com.br\/sobre\/wp-content\/uploads\/2017\/11\/juco-osasco.jpg\" alt=\"Juco Osasco\" width=\"680\" height=\"189\" srcset=\"https:\/\/www.encontraosasco.com.br\/sobre\/wp-content\/uploads\/2017\/11\/juco-osasco.jpg 680w, https:\/\/www.encontraosasco.com.br\/sobre\/wp-content\/uploads\/2017\/11\/juco-osasco-300x83.jpg 300w\" sizes=\"(max-width: 680px) 100vw, 680px\" \/><\/em><\/p>\n<h2>Juco\u00a0Osasco Inscri\u00e7\u00f5es<\/h2>\n<p>As <em>inscri\u00e7\u00f5es<\/em> para ingressar na JUCO ocorrem tr\u00eas vezes ao ano, nos meses de abril, agosto e dezembro quando se inscrevem, aproximadamente, 700 candidatos por vez, que devem estar matriculados no Ensino M\u00e9dio. Ap\u00f3s a prova seletiva, s\u00e3o classificados em m\u00e9dia 200 alunos, que s\u00e3o matriculados no Curso de Inicia\u00e7\u00e3o ao Aprendizado Profissional. Nos 4 meses de curso s\u00e3o ministradas palestras de diversas \u00e1reas profissionais e conhecimentos gerais por profissionais qualificados e tamb\u00e9m oficinas de inform\u00e1tica, escrit\u00f3rio modelo, debates,padaria-escola \u00a0visando a prepara\u00e7\u00e3o para o est\u00e1gio.<\/p>\n<h3><b>Juco Osasco Requisitos para Ingresso ( aluno aspirante)<\/b><\/h3>\n<ul>\n<li>1- Morar e estudar em Osasco<\/li>\n<li>Ter 15 anos e 06 meses\u00a0\u00e0 16 anos 06 meses na inscri\u00e7\u00e3o<\/li>\n<li>Cursar o Ensino M\u00e9dio<\/li>\n<li>Realizar a Prova de Sele\u00e7\u00e3o<\/li>\n<\/ul>\n<h3>Hor\u00e1rio de Funcionamento\u00a0Juco em Osasco<\/h3>\n<ul>\n<li>Segunda a Sexta: das 08h \u00e0s 18h<\/li>\n<\/ul>\n<h3>Endere\u00e7o e Telefone\u00a0Juco em Osasco<\/h3>\n<ul>\n<li>Rua Rubens do Amaral, 180 &#8211; Bela Vista &#8211; Osasco &#8211; SP<\/li>\n<li>Telefone: (11)\u00a03682-3040<\/li>\n<\/ul>\n<h3>Outras informa\u00e7\u00f5es e site<\/h3>\n<ul>\n<li>Mais informa\u00e7\u00f5es:\u00a0<a href=\"http:\/\/www.juco.org.br\/\" target=\"_blank\" rel=\"noopener noreferrer\">www.juco.org.br<\/a><\/li>\n<\/ul>\n<h4>Mapa de localiza\u00e7\u00e3o<\/h4>\n<a class=\"wp-colorbox-iframe\" href=\"https:\/\/www.google.com\/maps\/embed?pb=!1m14!1m8!1m3!1d14630.514106761715!2d-46.7798417!3d-23.5458596!3m2!1i1024!2i768!4f13.1!3m3!1m2!1s0x00x27ba6eee94aec8a4!2sJuco!5e0!3m2!1spt-BR!2sbr!4v1510492905395\"><img decoding=\"async\" src=\"http:\/\/www.encontraosasco.com.br\/imgs\/maps-post.png\"><\/a>\n\n<div style=\"font-size: 0px; height: 0px; line-height: 0px; margin: 0; padding: 0; clear: both;\"><\/div>","protected":false},"excerpt":{"rendered":"<p>A Juco Osasco \u00e9 um curso de qualifica\u00e7\u00e3o profissional chamado Juventude C\u00edvica de Osasco (JUCO). Agente de Integra\u00e7\u00e3o Empresa-Escola, fundado em 26 de abril de 1962 por Hirant Sanazar.\u00a0Quanto ao curso em si tem aulas de portugu\u00eas, inform\u00e1tica, padaria, debate sobre temas variados em aulas de biblioteca, assiste a v\u00eddeos sobre administra\u00e7\u00e3o, al\u00e9m de palestras semanais sobre diversos temas importantes. O curso tem dura\u00e7\u00e3o de quatro meses, e ap\u00f3s isso voc\u00ea se forma e \u00e9 encaminhado para o mercado de trabalho, onde como estagi\u00e1rio da Juco, voc\u00ea tem a oportunidade de aprender muitas coisas importantes para o seu curr\u00edculo. Juco\u00a0Osasco <\/p>\n","protected":false},"author":1,"featured_media":0,"parent":0,"menu_order":0,"comment_status":"closed","ping_status":"closed","template":"","meta":{"footnotes":""},"class_list":["post-4362","page","type-page","status-publish","hentry"],"aioseo_notices":[],"_links":{"self":[{"href":"https:\/\/www.encontraosasco.com.br\/sobre\/wp-json\/wp\/v2\/pages\/4362"}],"collection":[{"href":"https:\/\/www.encontraosasco.com.br\/sobre\/wp-json\/wp\/v2\/pages"}],"about":[{"href":"https:\/\/www.encontraosasco.com.br\/sobre\/wp-json\/wp\/v2\/types\/page"}],"author":[{"embeddable":true,"href":"https:\/\/www.encontraosasco.com.br\/sobre\/wp-json\/wp\/v2\/users\/1"}],"replies":[{"embeddable":true,"href":"https:\/\/www.encontraosasco.com.br\/sobre\/wp-json\/wp\/v2\/comments?post=4362"}],"version-history":[{"count":0,"href":"https:\/\/www.encontraosasco.com.br\/sobre\/wp-json\/wp\/v2\/pages\/4362\/revisions"}],"wp:attachment":[{"href":"https:\/\/www.encontraosasco.com.br\/sobre\/wp-json\/wp\/v2\/media?parent=4362"}],"curies":[{"name":"wp","href":"https:\/\/api.w.org\/{rel}","templated":true}]}}