{"id":4444,"date":"2017-11-23T19:26:03","date_gmt":"2017-11-23T22:26:03","guid":{"rendered":"http:\/\/www.encontraosasco.com.br\/sobre\/?page_id=4444"},"modified":"2017-11-23T19:26:03","modified_gmt":"2017-11-23T22:26:03","slug":"conselho-tutelar-osasco","status":"publish","type":"page","link":"https:\/\/www.encontraosasco.com.br\/sobre\/conselho-tutelar-osasco\/","title":{"rendered":"Conselho Tutelar Osasco"},"content":{"rendered":"<div class=\"90b156a7006dfc5832b0651c68b7182c\" data-index=\"1\" style=\"float: none; margin:0px;\">\n<script async src=\"https:\/\/pagead2.googlesyndication.com\/pagead\/js\/adsbygoogle.js?client=ca-pub-8585364105181520\"\r\n     crossorigin=\"anonymous\"><\/script>\r\n<!-- Anuncio display - global -->\r\n<ins class=\"adsbygoogle\"\r\n     style=\"display:block\"\r\n     data-ad-client=\"ca-pub-8585364105181520\"\r\n     data-ad-slot=\"8789329856\"\r\n     data-ad-format=\"auto\"\r\n     data-full-width-responsive=\"true\"><\/ins>\r\n<script>\r\n     (adsbygoogle = window.adsbygoogle || []).push({});\r\n<\/script>\n<\/div>\n<p>O\u00a0<strong>Conselho Tutelar Osasco<\/strong> \u00e9 \u00f3rg\u00e3o colegiado (5 membros) da administra\u00e7\u00e3o p\u00fablica municipal, que passam por processo de escolha unificado em todo pa\u00eds, para um mandato de 4 anos, podendo haver recondu\u00e7\u00e3o \u00fanica. O conceito de conselho tutelar esta insculpido no art. 131 do Estatuto da Crian\u00e7a e do Adolescente,\u00a0e\u00a0atua para ZELAR PELO CUMPRIMENTO DE DIREITOS de crian\u00e7as e adolescentes, tendo em vista eventual amea\u00e7a ou real viola\u00e7\u00e3o, conforme art. 98 da lei referida, caso haja falta dos pais ou abuso destes, omiss\u00e3o da sociedade\/estado ou em raz\u00e3o da conduta daqueles que est\u00e3o sendo protegidos.<\/p>\n<p><img loading=\"lazy\" decoding=\"async\" class=\"alignnone wp-image-4445 size-full\" title=\"Conselho Tutelar Osasco\" src=\"http:\/\/www.encontraosasco.com.br\/sobre\/wp-content\/uploads\/2017\/11\/conselho-tutelar-osasco.jpg\" alt=\"Conselho Tutelar Osasco\" width=\"680\" height=\"189\" srcset=\"https:\/\/www.encontraosasco.com.br\/sobre\/wp-content\/uploads\/2017\/11\/conselho-tutelar-osasco.jpg 680w, https:\/\/www.encontraosasco.com.br\/sobre\/wp-content\/uploads\/2017\/11\/conselho-tutelar-osasco-300x83.jpg 300w\" sizes=\"(max-width: 680px) 100vw, 680px\" \/><\/p>\n<p>Devido ao seu trabalho de fiscaliza\u00e7\u00e3o a todos os entes de prote\u00e7\u00e3o, o Conselho goza de\u00a0autonomia\u00a0funcional, n\u00e3o tendo nenhuma rela\u00e7\u00e3o de\u00a0subordina\u00e7\u00e3o\u00a0com qualquer outro \u00f3rg\u00e3o do Estado. O primeiro conselho tutelar foi criado pelo ex-prefeito de Maring\u00e1 no Paran\u00e1 Ricardo Barros em sua gest\u00e3o. Importante esclarecer que a autonomia do Conselheiro funcional n\u00e3o \u00e9 absoluta. No tocante \u00e0s decis\u00f5es, estas devem ser tomadas de forma colegiada por no m\u00ednimo tr\u00eas Conselheiros.<\/p>\n<p>No tocante a quest\u00f5es funcionais: fiscaliza\u00e7\u00e3o do cumprimento de hor\u00e1rio de trabalho e demais quest\u00f5es administrativas o Conselheiro tem o dever da publicidade ao \u00f3rg\u00e3o administrativo ao qual vincula o Conselho Tutelar, assim como \u00e9 dever e a fun\u00e7\u00e3o da CMDCA &#8211; Conselho Municipal dos Direitos da Crian\u00e7a e do Adolescente &#8211; fiscalizar a perman\u00eancia dos pr\u00e9-requisitos exigidos pelo\u00a0Estatuto da Crian\u00e7a e do Adolescente\u00a0&#8211; ECA &#8211; aos Conselheiros Tutelares.<\/p>\n<div class=\"thumb tright\">\n<div class=\"thumbinner\">\n<div class=\"thumbcaption\">Conhecer os direitos da crian\u00e7a e do adolescente n\u00e3o \u00e9 pr\u00e9-requisito para candidatar-se ao cargo de Conselheiro Tutelar. Desconhec\u00ea-los por\u00e9m pode ser motivo para n\u00e3o concorrer a elei\u00e7\u00e3o, visto que em muitos munic\u00edpios Brasileiros, \u00e9 feito um teste antes da efetiva candidatura para a elei\u00e7\u00e3o popular.<\/div>\n<\/div>\n<\/div>\n<p>Para ser\u00a0Conselheiro Tutelar, segundo o ECA ( Estatuto da Crian\u00e7a e do Adolescente) a pessoa deve ter mais de 21 anos, residir no\u00a0munic\u00edpio\u00a0e possuir reconhecida idoneidade moral, mas cada munic\u00edpio pode criar outras exig\u00eancias para a candidatura a Conselheiro, como carteira nacional de habilita\u00e7\u00e3o ou n\u00edvel superior. H\u00e1 controv\u00e9rsia sobre isso, havendo entendimento majorit\u00e1rio de que o Munic\u00edpio n\u00e3o pode acrescentar crit\u00e9rios aos j\u00e1 estabelecidos pelo legislador federal.<\/p>\n<h2><strong>Conselho Tutelar Osasco Candidatura <\/strong><\/h2>\n<p>Para ser membro do Conselho Tutelar, ser\u00e3o exigidos os seguintes requisitos:<\/p>\n<ol>\n<li>reconhecida idoneidade moral;<\/li>\n<li>idade superior a vinte e um anos;<\/li>\n<li>residir no munic\u00edpio.<\/li>\n<\/ol>\n<p>N\u00e3o h\u00e1 que se exigir forma\u00e7\u00e3o superior, porque Conselheiro Tutelar n\u00e3o \u00e9 t\u00e9cnico e n\u00e3o tem que fazer atendimento t\u00e9cnico, para isto deve requisitar o atendimento necess\u00e1rio. O que o Conselheiro Tutelar precisa \u00e9 ter bom senso para se fazer presente onde h\u00e1 viola\u00e7\u00e3o de direitos ou ind\u00edcios e possibilidades de viola\u00e7\u00e3o, e agir para cess\u00e1-la ou eliminar o risco de que ocorra. Para isto n\u00e3o deve fazer, mas requisitar os meios necess\u00e1rios a que se fa\u00e7a. Conselheiro Tutelar n\u00e3o \u00e9 policial, n\u00e3o \u00e9 t\u00e9cnico, n\u00e3o \u00e9 Juiz, \u00e9 apenas o zelador dos direitos da crian\u00e7a e do adolescente e deve requisitar a\u00e7\u00f5es que os garanta ou representar contra sua inobserv\u00e2ncia ao Minist\u00e9rio P\u00fablico e Poder Judici\u00e1rio para que estes fa\u00e7am os mesmos valer, quando administrativamente n\u00e3o conseguirem tal intento.<\/p>\n<p>O exerc\u00edcio efetivo da fun\u00e7\u00e3o de Conselheiro Tutelar constitui servi\u00e7o p\u00fablico relevante e lhe assegurar\u00e1 pris\u00e3o especial, em caso de crime comum, at\u00e9 definitivo julgamento.<\/p>\n<h3>Hor\u00e1rio de Funcionamento\u00a0Conselho Tutelar em Osasco<\/h3>\n<ul>\n<li>Atendimento 24 horas<\/li>\n<\/ul>\n<h3>Endere\u00e7o e Telefone\u00a0Conselho Tutelar em Osasco<\/h3>\n<ul>\n<li><strong>Zona Sul:<\/strong> Av. Don\u00e1 Blandina Ign\u00eaz J\u00falio, 626 &#8211; Telefone: (11)\u00a02183-6132<\/li>\n<li><strong>Zona Norte:<\/strong> R. Pres. Costa e Silva, 1145\u00a0 &#8211; Telefone: (11)\u00a03656-3440<\/li>\n<\/ul>\n<h3>Outras informa\u00e7\u00f5es e site<\/h3>\n<ul>\n<li>Mais informa\u00e7\u00f5es:\u00a0<a href=\"https:\/\/www.facebook.com\/Conselho-Tutelar-Da-Cidade-De-Osasco-Org-Comunit%C3%A1ria-180481498705677\/\" target=\"_blank\" rel=\"noopener noreferrer\">www.facebook.com\/Conselho-Tutelar-Da-Cidade-De-Osasco-Org-Comunit%C3%A1ria-180481498705677\/<\/a><\/li>\n<\/ul>\n<h4>Mapa de localiza\u00e7\u00e3o Zona Norte<\/h4>\n<a class=\"wp-colorbox-iframe\" href=\"https:\/\/www.google.com\/maps\/embed?pb=!1m18!1m12!1m3!1d3658.9214287495506!2d-46.800315685023286!3d-23.499339384713803!2m3!1f0!2f0!3f0!3m2!1i1024!2i768!4f13.1!3m3!1m2!1s0x94cefe702f3638310x22e11c99ce4c8c6e!2sR.+Pres.+Costa+e+Silva+1145+-+Helena+Maria+Osasco+-+SP+06253-000!5e0!3m2!1spt-BR!2sbr!4v1511475826024\"><img decoding=\"async\" src=\"http:\/\/www.encontraosasco.com.br\/imgs\/maps-post.png\"><\/a>\n\n<div style=\"font-size: 0px; height: 0px; line-height: 0px; margin: 0; padding: 0; clear: both;\"><\/div>","protected":false},"excerpt":{"rendered":"<p>O\u00a0Conselho Tutelar Osasco \u00e9 \u00f3rg\u00e3o colegiado (5 membros) da administra\u00e7\u00e3o p\u00fablica municipal, que passam por processo de escolha unificado em todo pa\u00eds, para um mandato de 4 anos, podendo haver recondu\u00e7\u00e3o \u00fanica. O conceito de conselho tutelar esta insculpido no art. 131 do Estatuto da Crian\u00e7a e do Adolescente,\u00a0e\u00a0atua para ZELAR PELO CUMPRIMENTO DE DIREITOS de crian\u00e7as e adolescentes, tendo em vista eventual amea\u00e7a ou real viola\u00e7\u00e3o, conforme art. 98 da lei referida, caso haja falta dos pais ou abuso destes, omiss\u00e3o da sociedade\/estado ou em raz\u00e3o da conduta daqueles que est\u00e3o sendo protegidos. Devido ao seu trabalho de fiscaliza\u00e7\u00e3o <\/p>\n","protected":false},"author":1,"featured_media":0,"parent":0,"menu_order":0,"comment_status":"closed","ping_status":"closed","template":"","meta":{"footnotes":""},"class_list":["post-4444","page","type-page","status-publish","hentry"],"aioseo_notices":[],"_links":{"self":[{"href":"https:\/\/www.encontraosasco.com.br\/sobre\/wp-json\/wp\/v2\/pages\/4444"}],"collection":[{"href":"https:\/\/www.encontraosasco.com.br\/sobre\/wp-json\/wp\/v2\/pages"}],"about":[{"href":"https:\/\/www.encontraosasco.com.br\/sobre\/wp-json\/wp\/v2\/types\/page"}],"author":[{"embeddable":true,"href":"https:\/\/www.encontraosasco.com.br\/sobre\/wp-json\/wp\/v2\/users\/1"}],"replies":[{"embeddable":true,"href":"https:\/\/www.encontraosasco.com.br\/sobre\/wp-json\/wp\/v2\/comments?post=4444"}],"version-history":[{"count":0,"href":"https:\/\/www.encontraosasco.com.br\/sobre\/wp-json\/wp\/v2\/pages\/4444\/revisions"}],"wp:attachment":[{"href":"https:\/\/www.encontraosasco.com.br\/sobre\/wp-json\/wp\/v2\/media?parent=4444"}],"curies":[{"name":"wp","href":"https:\/\/api.w.org\/{rel}","templated":true}]}}