{"id":4496,"date":"2017-11-27T13:05:16","date_gmt":"2017-11-27T16:05:16","guid":{"rendered":"http:\/\/www.encontraosasco.com.br\/sobre\/?page_id=4496"},"modified":"2017-11-27T13:05:16","modified_gmt":"2017-11-27T16:05:16","slug":"1o-cartorio-osasco","status":"publish","type":"page","link":"https:\/\/www.encontraosasco.com.br\/sobre\/1o-cartorio-osasco\/","title":{"rendered":"1\u00ba Cart\u00f3rio Osasco"},"content":{"rendered":"<div class=\"90b156a7006dfc5832b0651c68b7182c\" data-index=\"1\" style=\"float: none; margin:0px;\">\n<script async src=\"https:\/\/pagead2.googlesyndication.com\/pagead\/js\/adsbygoogle.js?client=ca-pub-8585364105181520\"\r\n     crossorigin=\"anonymous\"><\/script>\r\n<!-- Anuncio display - global -->\r\n<ins class=\"adsbygoogle\"\r\n     style=\"display:block\"\r\n     data-ad-client=\"ca-pub-8585364105181520\"\r\n     data-ad-slot=\"8789329856\"\r\n     data-ad-format=\"auto\"\r\n     data-full-width-responsive=\"true\"><\/ins>\r\n<script>\r\n     (adsbygoogle = window.adsbygoogle || []).push({});\r\n<\/script>\n<\/div>\n<p><strong><\/strong>Veja sobre o\u00a0Cart\u00f3rio de Notas<em>\u00a0e Cart\u00f3rio de Registro Civil\u00a0<\/em>conhecido popularmente apenas como <strong>1 \u00ba<\/strong>\u00a0<strong>Cart\u00f3rio Osasco<\/strong><strong>.\u00a0<\/strong><\/p>\n<p><em>Veja mais informa\u00e7\u00f5es sobre os Cart\u00f3rios.\u00a0<\/em><\/p>\n<p><em><img loading=\"lazy\" decoding=\"async\" class=\"alignnone wp-image-4494 size-full\" title=\"1\u00ba Cart\u00f3rio Osasco\" src=\"http:\/\/www.encontraosasco.com.br\/sobre\/wp-content\/uploads\/2017\/11\/1cartorio-osasco.jpg\" alt=\"1\u00ba Cart\u00f3rio Osasco\" width=\"680\" height=\"189\" srcset=\"https:\/\/www.encontraosasco.com.br\/sobre\/wp-content\/uploads\/2017\/11\/1cartorio-osasco.jpg 680w, https:\/\/www.encontraosasco.com.br\/sobre\/wp-content\/uploads\/2017\/11\/1cartorio-osasco-300x83.jpg 300w\" sizes=\"(max-width: 680px) 100vw, 680px\" \/><\/em><\/p>\n<h2>1\u00ba Cart\u00f3rio de Registro Civil de Pessoas Naturais Interdi\u00e7\u00f5es e Tutelas Osasco<\/h2>\n<p>O Cart\u00f3rio de Registro Civil oferece os seguintes servi\u00e7os:<\/p>\n<ul>\n<li>Nascimento<\/li>\n<li>Casamento<\/li>\n<li>\u00d3bito<\/li>\n<li>Emancipa\u00e7\u00e3o<\/li>\n<li>Interdi\u00e7\u00e3o<\/li>\n<li>Aus\u00eancia<\/li>\n<li>Averba\u00e7\u00e3o<\/li>\n<li>Certid\u00f5es<\/li>\n<li>Atos Notoriais<\/li>\n<li>Transcri\u00e7\u00e3o<\/li>\n<\/ul>\n<h3>1\u00ba Tabeli\u00e3o de Notas da Comarca de\u00a0Osasco<\/h3>\n<p>O Cart\u00f3rio de Notas\u00a0oferece os seguintes servi\u00e7os:<em><br \/>\n<\/em><\/p>\n<ul>\n<li>Ata Notarial<\/li>\n<li>Autentica\u00e7\u00e3o de Documentos<\/li>\n<li>Emancipa\u00e7\u00e3o<\/li>\n<li>Escritura de compra de bens<\/li>\n<li>Escritura de venda de bens<\/li>\n<li>Escritura de doa\u00e7\u00e3o de bens<\/li>\n<li>Invent\u00e1rio<\/li>\n<li>Separa\u00e7\u00e3o<\/li>\n<li>Div\u00f3rcio<\/li>\n<li>Pacto Antenupcial<\/li>\n<li>Procura\u00e7\u00f5es<\/li>\n<li>Reconhecimento de Filho<\/li>\n<li>Reconhecimento de Firma<\/li>\n<li>Testamento<\/li>\n<li>Uni\u00e3o Est\u00e1vel<\/li>\n<\/ul>\n<h3>Hor\u00e1rio de Funcionamento\u00a01\u00ba Cart\u00f3rio em Osasco<\/h3>\n<ul>\n<li>Segunda a Sexta: das 09h \u00e0s 17h<\/li>\n<li>S\u00e1bado: das 09h \u00e0s 13h<\/li>\n<\/ul>\n<h3>Endere\u00e7o e Telefone\u00a01\u00ba Cart\u00f3rio\u00a0em Osasco<\/h3>\n<ul>\n<li>Cart\u00f3rio de Notas: Avenida Jo\u00e3o Batista, 239\u00a0&#8211; Telefone: (11) 3681-1282<\/li>\n<li>Cart\u00f3rio de Registro Civil: Av. Jo\u00e3o Batista, 259 &#8211; Telefone: (11) 3653-9926<\/li>\n<\/ul>\n<h3>Outras informa\u00e7\u00f5es e site<\/h3>\n<ul>\n<li>Mais informa\u00e7\u00f5es:\u00a0<a href=\"http:\/\/www.registrocivilosasco.com.br\/\" target=\"_blank\" rel=\"noopener noreferrer\">www.registrocivilosasco.com.br<\/a><\/li>\n<li>E-mail:\u00a0info@registrocivilosasco.com.br<\/li>\n<\/ul>\n<h4>Mapa de localiza\u00e7\u00e3o Cart\u00f3rio de Registro Civil<\/h4>\n<a class=\"wp-colorbox-iframe\" href=\"https:\/\/www.google.com\/maps\/embed?pb=!1m14!1m8!1m3!1d14632.42808342915!2d-46.7789475!3d-23.5286529!3m2!1i1024!2i768!4f13.1!3m3!1m2!1s0x00x5c7b7a8b0468564b!2s1+Cartrio+de+Registro+Civil+de+Osasco!5e0!3m2!1spt-BR!2sbr!4v1511796959628\"><img decoding=\"async\" src=\"http:\/\/www.encontraosasco.com.br\/imgs\/maps-post.png\"><\/a>\n\n<div style=\"font-size: 0px; height: 0px; line-height: 0px; margin: 0; padding: 0; clear: both;\"><\/div>","protected":false},"excerpt":{"rendered":"<p>Veja sobre o\u00a0Cart\u00f3rio de Notas\u00a0e Cart\u00f3rio de Registro Civil\u00a0conhecido popularmente apenas como 1 \u00ba\u00a0Cart\u00f3rio Osasco.\u00a0 Veja mais informa\u00e7\u00f5es sobre os Cart\u00f3rios.\u00a0 1\u00ba Cart\u00f3rio de Registro Civil de Pessoas Naturais Interdi\u00e7\u00f5es e Tutelas Osasco O Cart\u00f3rio de Registro Civil oferece os seguintes servi\u00e7os: Nascimento Casamento \u00d3bito Emancipa\u00e7\u00e3o Interdi\u00e7\u00e3o Aus\u00eancia Averba\u00e7\u00e3o Certid\u00f5es Atos Notoriais Transcri\u00e7\u00e3o 1\u00ba Tabeli\u00e3o de Notas da Comarca de\u00a0Osasco O Cart\u00f3rio de Notas\u00a0oferece os seguintes servi\u00e7os: Ata Notarial Autentica\u00e7\u00e3o de Documentos Emancipa\u00e7\u00e3o Escritura de compra de bens Escritura de venda de bens Escritura de doa\u00e7\u00e3o de bens Invent\u00e1rio Separa\u00e7\u00e3o Div\u00f3rcio Pacto Antenupcial Procura\u00e7\u00f5es Reconhecimento de Filho Reconhecimento de Firma <\/p>\n","protected":false},"author":1,"featured_media":0,"parent":0,"menu_order":0,"comment_status":"closed","ping_status":"closed","template":"","meta":{"footnotes":""},"class_list":["post-4496","page","type-page","status-publish","hentry"],"aioseo_notices":[],"_links":{"self":[{"href":"https:\/\/www.encontraosasco.com.br\/sobre\/wp-json\/wp\/v2\/pages\/4496"}],"collection":[{"href":"https:\/\/www.encontraosasco.com.br\/sobre\/wp-json\/wp\/v2\/pages"}],"about":[{"href":"https:\/\/www.encontraosasco.com.br\/sobre\/wp-json\/wp\/v2\/types\/page"}],"author":[{"embeddable":true,"href":"https:\/\/www.encontraosasco.com.br\/sobre\/wp-json\/wp\/v2\/users\/1"}],"replies":[{"embeddable":true,"href":"https:\/\/www.encontraosasco.com.br\/sobre\/wp-json\/wp\/v2\/comments?post=4496"}],"version-history":[{"count":0,"href":"https:\/\/www.encontraosasco.com.br\/sobre\/wp-json\/wp\/v2\/pages\/4496\/revisions"}],"wp:attachment":[{"href":"https:\/\/www.encontraosasco.com.br\/sobre\/wp-json\/wp\/v2\/media?parent=4496"}],"curies":[{"name":"wp","href":"https:\/\/api.w.org\/{rel}","templated":true}]}}