{"id":4568,"date":"2017-12-09T10:35:39","date_gmt":"2017-12-09T13:35:39","guid":{"rendered":"http:\/\/www.encontraosasco.com.br\/sobre\/?page_id=4568"},"modified":"2017-12-16T12:04:31","modified_gmt":"2017-12-16T15:04:31","slug":"vigilancia-sanitaria-osasco","status":"publish","type":"page","link":"https:\/\/www.encontraosasco.com.br\/sobre\/vigilancia-sanitaria-osasco\/","title":{"rendered":"Vigil\u00e2ncia Sanit\u00e1ria Osasco"},"content":{"rendered":"<div class=\"90b156a7006dfc5832b0651c68b7182c\" data-index=\"1\" style=\"float: none; margin:0px;\">\n<script async src=\"https:\/\/pagead2.googlesyndication.com\/pagead\/js\/adsbygoogle.js?client=ca-pub-8585364105181520\"\r\n     crossorigin=\"anonymous\"><\/script>\r\n<!-- Anuncio display - global -->\r\n<ins class=\"adsbygoogle\"\r\n     style=\"display:block\"\r\n     data-ad-client=\"ca-pub-8585364105181520\"\r\n     data-ad-slot=\"8789329856\"\r\n     data-ad-format=\"auto\"\r\n     data-full-width-responsive=\"true\"><\/ins>\r\n<script>\r\n     (adsbygoogle = window.adsbygoogle || []).push({});\r\n<\/script>\n<\/div>\n<p><b>Vigil\u00e2ncia Sanit\u00e1ria Osasco<\/b>\u00a0\u00e9 a parcela do poder de pol\u00edcia do\u00a0Estado\u00a0destinada \u00e0 prote\u00e7\u00e3o e promo\u00e7\u00e3o da\u00a0sa\u00fade, que tem como principal finalidade impedir que a sa\u00fade humana seja exposta a riscos ou, em \u00faltima inst\u00e2ncia, combater as causas dos efeitos nocivos que lhe forem gerados, em raz\u00e3o de alguma distor\u00e7\u00e3o sanit\u00e1ria, na produ\u00e7\u00e3o e na circula\u00e7\u00e3o de bens, ou na presta\u00e7\u00e3o de servi\u00e7os de interesse \u00e0 sa\u00fade.<\/p>\n<p>No\u00a0Brasil, a defini\u00e7\u00e3o legal de Vigil\u00e2ncia Sanit\u00e1ria \u00e9 consentida pela Lei Federal n\u00ba 8.080 de 19 de setembro de 1990, que expressa as diretrizes e trata da execu\u00e7\u00e3o das a\u00e7\u00f5es desta entidade no \u00e2mbito e compet\u00eancia do\u00a0Sistema \u00danico de Sa\u00fade\u00a0(SUS):<\/p>\n<p><img loading=\"lazy\" decoding=\"async\" class=\"alignnone wp-image-4571 size-full\" title=\"Vigil\u00e2ncia Sanit\u00e1ria\" src=\"http:\/\/www.encontraosasco.com.br\/sobre\/wp-content\/uploads\/2017\/12\/vigilancia-sanitaria-osasco.jpg\" alt=\"Vigil\u00e2ncia Sanit\u00e1ria\" width=\"680\" height=\"189\" srcset=\"https:\/\/www.encontraosasco.com.br\/sobre\/wp-content\/uploads\/2017\/12\/vigilancia-sanitaria-osasco.jpg 680w, https:\/\/www.encontraosasco.com.br\/sobre\/wp-content\/uploads\/2017\/12\/vigilancia-sanitaria-osasco-300x83.jpg 300w\" sizes=\"(max-width: 680px) 100vw, 680px\" \/><\/p>\n<p>&#8220;Entende-se, por vigil\u00e2ncia sanit\u00e1ria, um conjunto de a\u00e7\u00f5es capaz de eliminar, diminuir ou prevenir riscos \u00e0 sa\u00fade e de intervir nos problemas sanit\u00e1rios decorrentes do meio ambiente, da produ\u00e7\u00e3o e circula\u00e7\u00e3o de bens e da presta\u00e7\u00e3o de servi\u00e7os de interesse da sa\u00fade, abrangendo: o controle de bens de consumo que, direta ou indiretamente, se relacionem com a sa\u00fade, compreendidas todas as etapas e processos, da produ\u00e7\u00e3o ao consumo; e o controle da presta\u00e7\u00e3o de servi\u00e7os que se relacionam direta ou indiretamente com a sa\u00fade.&#8221;<\/p>\n<p>Todavia, a Vigil\u00e2ncia Sanit\u00e1ria somente adquiriu car\u00e1ter de \u00f3rg\u00e3o regulat\u00f3rio com a cria\u00e7\u00e3o da Lei n\u00ba 9.782\/99, que criou a\u00a0Ag\u00eancia Nacional de Vigil\u00e2ncia Sanit\u00e1ria\u00a0(Anvisa) e definiu o Sistema Nacional de Vigil\u00e2ncia Sanit\u00e1ria (SNVS), o qual \u00e9 um instrumento privilegiado que o SUS disp\u00f5e para realizar seu objetivo de preven\u00e7\u00e3o e promo\u00e7\u00e3o da sa\u00fade.<\/p>\n<p>No Brasil, o SNVS \u00e9 organizado e estruturado nos tr\u00eas n\u00edveis de gorverno \u2013 federal, estadual e municipal \u2013 com responsabilidades compartilhadas. No n\u00edvel federal, est\u00e3o a Ag\u00eancia Nacional de Vigil\u00e2ncia Sanit\u00e1ria (Anvisa) e o Instituto Nacional de Controle de Qualidade em Sa\u00fade (INCQS\/Fiocruz).\u00a0A Anvisa representa uma autarquia com autonomia administrativa e financeira, e coordena os trabalhos pela constru\u00e7\u00e3o de uma Pol\u00edtica Nacional de Vigil\u00e2ncia Sanit\u00e1ria, conforme estabelecido no artigo 2\u00ba da Lei n\u00ba. 9.782\/1999. No n\u00edvel estadual, est\u00e3o o \u00f3rg\u00e3o de vigil\u00e2ncia sanit\u00e1ria\u00a0e o Laborat\u00f3rio Central (Lacen) de cada uma das 27\u00a0Unidades da Federa\u00e7\u00e3o. No n\u00edvel municipal, est\u00e3o os servi\u00e7os dos 5561 munic\u00edpios brasileiros, muitos dos quais ainda em fase de organiza\u00e7\u00e3o.<\/p>\n<p>A Vigil\u00e2ncia Sanit\u00e1ria e seus agentes p\u00fablicos s\u00e3o detentores do chamado &#8220;Poder de Pol\u00edcia&#8221;, que os permite realizar determinados atos administrativos, como a fiscaliza\u00e7\u00e3o, a autua\u00e7\u00e3o, e a interdi\u00e7\u00e3o de estabelecimento irregulares, de modo a garantir a seguran\u00e7a adequada para a popula\u00e7\u00e3o, com base em um conjunto de normas legais estabelecidos pela legisla\u00e7\u00e3o.<\/p>\n<h2>Vigil\u00e2ncia Sanit\u00e1ria\u00a0Osasco Atua\u00e7\u00e3o<\/h2>\n<p>A Vigil\u00e2ncia Sanit\u00e1ria pode <em>atuar<\/em> em:<\/p>\n<ul>\n<li>Locais de produ\u00e7\u00e3o, transporte e comercializa\u00e7\u00e3o de alimentos;<\/li>\n<li>Locais de produ\u00e7\u00e3o, distribui\u00e7\u00e3o, comercializa\u00e7\u00e3o de medicamentos, produtos de interesse para a sa\u00fade;<\/li>\n<li>Locais de servi\u00e7os de sa\u00fade;<\/li>\n<li>Meio ambiente;<\/li>\n<li>Ambientes e processos do trabalho\/sa\u00fade do trabalhador;<\/li>\n<li>P\u00f3s-comercializa\u00e7\u00e3o;<\/li>\n<li>Projetos de\u00a0arquitetura;<\/li>\n<li>Locais p\u00fablicos;<\/li>\n<\/ul>\n<p>A Anvisa tem como responsabilidade garantir o controle sanit\u00e1rio de portos, aeroportos e fronteiras, bem como a prote\u00e7\u00e3o \u00e0 sa\u00fade do viajante, dos meios de transporte e dos servi\u00e7os submetidos \u00e0 vigil\u00e2ncia sanit\u00e1ria.<\/p>\n<h3>Vigil\u00e2ncia Sanit\u00e1ria Osasco Den\u00fancia<\/h3>\n<p>Para fazer a <em>den\u00fancia<\/em>, voc\u00ea pode entrar em contato pelo telefone ou acessar o <a href=\"http:\/\/www.cvs.saude.sp.gov.br\/ouvidoria.asp\" target=\"_blank\" rel=\"noopener noreferrer\">link <\/a>e preencher o formul\u00e1rio com todos os dados, para melhor funcionar a fiscaliza\u00e7\u00e3o.<\/p>\n<h3>Hor\u00e1rio de Funcionamento\u00a0Vigil\u00e2ncia Sanit\u00e1ria\u00a0em Osasco<\/h3>\n<ul>\n<li>Segunda a Sexta: das 08h \u00e0s 16h30<\/li>\n<\/ul>\n<h3>Endere\u00e7o e Telefone\u00a0Vigil\u00e2ncia Sanit\u00e1ria em Osasco<\/h3>\n<ul>\n<li>Rua Presidente Castelo Branco,126 \u00a03\u00ba andar &#8211; Centro &#8211; Osasco &#8211; SP<\/li>\n<li>Telefone: (11) 3683-7254<\/li>\n<\/ul>\n<h3>Outras informa\u00e7\u00f5es e site<\/h3>\n<ul>\n<li>Mais informa\u00e7\u00f5es:\u00a0<a href=\"http:\/\/www.cvs.saude.sp.gov.br\" target=\"_blank\" rel=\"noopener noreferrer\">www.cvs.saude.sp.gov.br<\/a><\/li>\n<\/ul>\n<h4>Mapa de localiza\u00e7\u00e3o<\/h4>\n<a class=\"wp-colorbox-iframe\" href=\"https:\/\/www.google.com\/maps\/embed?pb=!1m18!1m12!1m3!1d3657.910279253861!2d-46.779160885022705!3d-23.535729184695672!2m3!1f0!2f0!3f0!3m2!1i1024!2i768!4f13.1!3m3!1m2!1s0x94ceff0df8cf935d0x65d04a85967c01ba!2sR.+Pres.+Castelo+Branco+126+-+Centro+Osasco+-+SP+06016-020!5e0!3m2!1spt-BR!2sbr!4v1512826186808\"><img decoding=\"async\" src=\"http:\/\/www.encontraosasco.com.br\/imgs\/maps-post.png\"><\/a>\n\n<div style=\"font-size: 0px; height: 0px; line-height: 0px; margin: 0; padding: 0; clear: both;\"><\/div>","protected":false},"excerpt":{"rendered":"<p>Vigil\u00e2ncia Sanit\u00e1ria Osasco\u00a0\u00e9 a parcela do poder de pol\u00edcia do\u00a0Estado\u00a0destinada \u00e0 prote\u00e7\u00e3o e promo\u00e7\u00e3o da\u00a0sa\u00fade, que tem como principal finalidade impedir que a sa\u00fade humana seja exposta a riscos ou, em \u00faltima inst\u00e2ncia, combater as causas dos efeitos nocivos que lhe forem gerados, em raz\u00e3o de alguma distor\u00e7\u00e3o sanit\u00e1ria, na produ\u00e7\u00e3o e na circula\u00e7\u00e3o de bens, ou na presta\u00e7\u00e3o de servi\u00e7os de interesse \u00e0 sa\u00fade. No\u00a0Brasil, a defini\u00e7\u00e3o legal de Vigil\u00e2ncia Sanit\u00e1ria \u00e9 consentida pela Lei Federal n\u00ba 8.080 de 19 de setembro de 1990, que expressa as diretrizes e trata da execu\u00e7\u00e3o das a\u00e7\u00f5es desta entidade no \u00e2mbito e <\/p>\n","protected":false},"author":1,"featured_media":0,"parent":0,"menu_order":0,"comment_status":"closed","ping_status":"closed","template":"","meta":{"footnotes":""},"class_list":["post-4568","page","type-page","status-publish","hentry"],"aioseo_notices":[],"_links":{"self":[{"href":"https:\/\/www.encontraosasco.com.br\/sobre\/wp-json\/wp\/v2\/pages\/4568"}],"collection":[{"href":"https:\/\/www.encontraosasco.com.br\/sobre\/wp-json\/wp\/v2\/pages"}],"about":[{"href":"https:\/\/www.encontraosasco.com.br\/sobre\/wp-json\/wp\/v2\/types\/page"}],"author":[{"embeddable":true,"href":"https:\/\/www.encontraosasco.com.br\/sobre\/wp-json\/wp\/v2\/users\/1"}],"replies":[{"embeddable":true,"href":"https:\/\/www.encontraosasco.com.br\/sobre\/wp-json\/wp\/v2\/comments?post=4568"}],"version-history":[{"count":0,"href":"https:\/\/www.encontraosasco.com.br\/sobre\/wp-json\/wp\/v2\/pages\/4568\/revisions"}],"wp:attachment":[{"href":"https:\/\/www.encontraosasco.com.br\/sobre\/wp-json\/wp\/v2\/media?parent=4568"}],"curies":[{"name":"wp","href":"https:\/\/api.w.org\/{rel}","templated":true}]}}