{"id":4640,"date":"2018-01-16T11:03:13","date_gmt":"2018-01-16T14:03:13","guid":{"rendered":"http:\/\/www.encontraosasco.com.br\/sobre\/?page_id=4640"},"modified":"2018-01-18T20:29:24","modified_gmt":"2018-01-18T23:29:24","slug":"bombeiros-osasco","status":"publish","type":"page","link":"https:\/\/www.encontraosasco.com.br\/sobre\/bombeiros-osasco\/","title":{"rendered":"Bombeiros Osasco"},"content":{"rendered":"<div class=\"90b156a7006dfc5832b0651c68b7182c\" data-index=\"1\" style=\"float: none; margin:0px;\">\n<script async src=\"https:\/\/pagead2.googlesyndication.com\/pagead\/js\/adsbygoogle.js?client=ca-pub-8585364105181520\"\r\n     crossorigin=\"anonymous\"><\/script>\r\n<!-- Anuncio display - global -->\r\n<ins class=\"adsbygoogle\"\r\n     style=\"display:block\"\r\n     data-ad-client=\"ca-pub-8585364105181520\"\r\n     data-ad-slot=\"8789329856\"\r\n     data-ad-format=\"auto\"\r\n     data-full-width-responsive=\"true\"><\/ins>\r\n<script>\r\n     (adsbygoogle = window.adsbygoogle || []).push({});\r\n<\/script>\n<\/div>\n<p>Esta \u00e9 uma hist\u00f3ria que come\u00e7ou h\u00e1 mais de 150 anos e que durante largos per\u00edodos teve como principais ingredientes o esp\u00edrito de sacrif\u00edcio, a coragem, o hero\u00edsmo e a vontade de ajudar ao pr\u00f3ximo. Hoje, felizmente, a moderna tecnologia veio se somar \u00e0quelas virtudes, dando uma nova conota\u00e7\u00e3o ao trabalho muitas vezes an\u00f4nimo, por\u00e9m, simplesmente imprescind\u00edvel, do bombeiro. Assim, o Corpo de <strong>Bombeiros de Osasco<\/strong> continua a escrever p\u00e1ginas recheadas de belos exemplos de dedica\u00e7\u00e3o, profissionalismo e efici\u00eancia.<\/p>\n<p><em><img loading=\"lazy\" decoding=\"async\" class=\"alignnone wp-image-4650 size-full\" title=\"Bombeiros Osasco\" src=\"http:\/\/www.encontraosasco.com.br\/sobre\/wp-content\/uploads\/2018\/01\/bombeiros-osasco.gif\" alt=\"Bombeiros Osasco\" width=\"680\" height=\"189\" \/><br \/>\n<\/em><\/p>\n<h2>Bombeiros\u00a0Osasco Miss\u00e3o e Valores<\/h2>\n<p>Atuar como coordenador do sistema de emerg\u00eancia da cidade de Osasco, provendo prote\u00e7\u00e3o e resposta imediata a emerg\u00eancias de inc\u00eandio, salvamento e resgate. O Corpo de Bombeiros Visa ser <em>modelo de excel\u00eancia<\/em> pela gest\u00e3o e qualidade dos servi\u00e7os prestados com m\u00e1xima confiabilidade social.<\/p>\n<h3>Hor\u00e1rio de Funcionamento Bombeiros\u00a0em Osasco<\/h3>\n<ul>\n<li>Atendimento 24 horas<\/li>\n<\/ul>\n<h3>Endere\u00e7o e Telefone\u00a0Bombeiros\u00a0em Osasco<\/h3>\n<ul>\n<li>R. Vit\u00f3ria R\u00e9gia, 61 &#8211; Jardim das Flores\u00a0&#8211; Osasco &#8211; SP<\/li>\n<li>Telefone:\u00a0193<\/li>\n<\/ul>\n<h3>Outras informa\u00e7\u00f5es e site<\/h3>\n<ul>\n<li>Mais informa\u00e7\u00f5es:\u00a0<a href=\"https:\/\/www.facebook.com\/pages\/Bombeiros-Osasco\/119370761564889\" target=\"_blank\" rel=\"noopener noreferrer\">www.facebook.com\/pages\/Bombeiros-Osasco\/119370761564889<\/a><\/li>\n<\/ul>\n<h4>Mapa de localiza\u00e7\u00e3o<\/h4>\n<a class=\"wp-colorbox-iframe\" href=\"https:\/\/www.google.com\/maps\/embed?pb=!1m18!1m12!1m3!1d3657.8136519112772!2d-46.790681585022654!3d-23.53920388469386!2m3!1f0!2f0!3f0!3m2!1i1024!2i768!4f13.1!3m3!1m2!1s0x94ceffa72d04cead0xf0fc14a870388927!2sR.+Vitria+Rgia+61+-+Jardim+das+Flores+Osasco+-+SP+06120-100!5e0!3m2!1spt-BR!2sbr!4v1516111309146\"><img decoding=\"async\" src=\"http:\/\/www.encontraosasco.com.br\/imgs\/maps-post.png\"><\/a>\n\n<div style=\"font-size: 0px; height: 0px; line-height: 0px; margin: 0; padding: 0; clear: both;\"><\/div>","protected":false},"excerpt":{"rendered":"<p>Esta \u00e9 uma hist\u00f3ria que come\u00e7ou h\u00e1 mais de 150 anos e que durante largos per\u00edodos teve como principais ingredientes o esp\u00edrito de sacrif\u00edcio, a coragem, o hero\u00edsmo e a vontade de ajudar ao pr\u00f3ximo. Hoje, felizmente, a moderna tecnologia veio se somar \u00e0quelas virtudes, dando uma nova conota\u00e7\u00e3o ao trabalho muitas vezes an\u00f4nimo, por\u00e9m, simplesmente imprescind\u00edvel, do bombeiro. Assim, o Corpo de Bombeiros de Osasco continua a escrever p\u00e1ginas recheadas de belos exemplos de dedica\u00e7\u00e3o, profissionalismo e efici\u00eancia. Bombeiros\u00a0Osasco Miss\u00e3o e Valores Atuar como coordenador do sistema de emerg\u00eancia da cidade de Osasco, provendo prote\u00e7\u00e3o e resposta imediata a <\/p>\n","protected":false},"author":1,"featured_media":0,"parent":0,"menu_order":0,"comment_status":"closed","ping_status":"closed","template":"","meta":{"footnotes":""},"class_list":["post-4640","page","type-page","status-publish","hentry"],"aioseo_notices":[],"_links":{"self":[{"href":"https:\/\/www.encontraosasco.com.br\/sobre\/wp-json\/wp\/v2\/pages\/4640"}],"collection":[{"href":"https:\/\/www.encontraosasco.com.br\/sobre\/wp-json\/wp\/v2\/pages"}],"about":[{"href":"https:\/\/www.encontraosasco.com.br\/sobre\/wp-json\/wp\/v2\/types\/page"}],"author":[{"embeddable":true,"href":"https:\/\/www.encontraosasco.com.br\/sobre\/wp-json\/wp\/v2\/users\/1"}],"replies":[{"embeddable":true,"href":"https:\/\/www.encontraosasco.com.br\/sobre\/wp-json\/wp\/v2\/comments?post=4640"}],"version-history":[{"count":0,"href":"https:\/\/www.encontraosasco.com.br\/sobre\/wp-json\/wp\/v2\/pages\/4640\/revisions"}],"wp:attachment":[{"href":"https:\/\/www.encontraosasco.com.br\/sobre\/wp-json\/wp\/v2\/media?parent=4640"}],"curies":[{"name":"wp","href":"https:\/\/api.w.org\/{rel}","templated":true}]}}