{"id":4676,"date":"2018-01-28T12:22:04","date_gmt":"2018-01-28T15:22:04","guid":{"rendered":"http:\/\/www.encontraosasco.com.br\/sobre\/?page_id=4676"},"modified":"2018-01-28T12:22:13","modified_gmt":"2018-01-28T15:22:13","slug":"igreja-imaculada-conceicao-osasco","status":"publish","type":"page","link":"https:\/\/www.encontraosasco.com.br\/sobre\/igreja-imaculada-conceicao-osasco\/","title":{"rendered":"Igreja Imaculada Concei\u00e7\u00e3o Osasco"},"content":{"rendered":"<div class=\"90b156a7006dfc5832b0651c68b7182c\" data-index=\"1\" style=\"float: none; margin:0px;\">\n<script async src=\"https:\/\/pagead2.googlesyndication.com\/pagead\/js\/adsbygoogle.js?client=ca-pub-8585364105181520\"\r\n     crossorigin=\"anonymous\"><\/script>\r\n<!-- Anuncio display - global -->\r\n<ins class=\"adsbygoogle\"\r\n     style=\"display:block\"\r\n     data-ad-client=\"ca-pub-8585364105181520\"\r\n     data-ad-slot=\"8789329856\"\r\n     data-ad-format=\"auto\"\r\n     data-full-width-responsive=\"true\"><\/ins>\r\n<script>\r\n     (adsbygoogle = window.adsbygoogle || []).push({});\r\n<\/script>\n<\/div>\n<p>A <strong>Igreja Imaculada Concei\u00e7\u00e3o Osasco<\/strong> era conhecida como Capela Nossa Senhora da Concei\u00e7\u00e3o de Duque de Caxias. Em vinte e nove de junho de 1953, Dom Carlos Carmelo de Vasconcellos Motta, Cardeal Arcebispo de S\u00e3o Paulo veio por bem erigir a capela aos cuidados dos Padres Passionistas. Seu primeiro vig\u00e1rio cooperador foi o Revmo.\u00a0<span class=\"text_exposed_show\">Pe. Wiro Van Vliet, CP que participou da constru\u00e7\u00e3o do sal\u00e3o paroquial que naquela \u00e9poca funcionara provisoriamente como Matriz, como seu sucessor tivemos o Padre Silvio Mazarotto que terminara a igreja provis\u00f3ria e construiu as obras sociais anexas \u00e0 sede da nova Par\u00f3quia.<br \/>\n<\/span><em><img loading=\"lazy\" decoding=\"async\" class=\"alignnone wp-image-4677 size-full\" title=\"Igreja Imaculada Concei\u00e7\u00e3o Osasco\" src=\"http:\/\/www.encontraosasco.com.br\/sobre\/wp-content\/uploads\/2018\/01\/igreja-imaculada-conceicao-osasco.gif\" alt=\"Igreja Imaculada Concei\u00e7\u00e3o Osasco\" width=\"680\" height=\"189\" \/><\/em><\/p>\n<p>Em Fevereiro de 1961 foram realizadas as elei\u00e7\u00f5es na Prov\u00edncia Brasileira dos Padres Passionista e o Padre Silvio Mazarotto at\u00e9 ent\u00e3o Vig\u00e1rio cooperador desta igreja, fora designado para Superior da casa dos Passionistas em S\u00e3o Carlos, nessa ocasi\u00e3o o Padre Rafael Busatto foi escolhido para substitu\u00ed-lo e em 1\u00ba de Mar\u00e7o de 1961 ele assumiu os trabalhos na Par\u00f3quia Nossa Senhora da Concei\u00e7\u00e3o.<\/p>\n<h2>Par\u00f3quia Nossa Senhora Imaculada Concei\u00e7\u00e3o\u00a0Osasco Hor\u00e1rio de Missa<\/h2>\n<p><em>Hor\u00e1rio das Missas\/Celebra\u00e7\u00f5es: <\/em><\/p>\n<ul>\n<li>Ter\u00e7a-feira \u00e0s 19h30<\/li>\n<li>Quarta-feira \u00e0s 19h30<\/li>\n<li>Sexta-feira \u00e0s 15h<\/li>\n<li>S\u00e1bado \u00e0s 19h30<\/li>\n<li>Domingo \u00e0s 7h, 10h e \u00e0s 19h<\/li>\n<\/ul>\n<h3>Hor\u00e1rio de Funcionamento\u00a0Igreja Imaculada Concei\u00e7\u00e3o em Osasco<\/h3>\n<ul>\n<li>Segunda-feira das 8h \u00e0s 12h e 13h \u00e1s 18h \/ Ter\u00e7a-feira \u00e0 S\u00e1bado das 08h \u00e0s 19h \/ Domingo das 7h \u00e0s 11h<\/li>\n<\/ul>\n<h3>Endere\u00e7o e Telefone\u00a0Igreja Imaculada Concei\u00e7\u00e3o\u00a0em Osasco<\/h3>\n<ul>\n<li>R. Nossa Sra. Imaculada Concei\u00e7\u00e3o, 114 &#8211; Km 18\u00a0&#8211; Osasco &#8211; SP<\/li>\n<li>Telefone: (11) 3607-3139<\/li>\n<\/ul>\n<h3>Outras informa\u00e7\u00f5es e site<\/h3>\n<ul>\n<li>Mais informa\u00e7\u00f5es:\u00a0<a href=\"https:\/\/paroquiaic.wordpress.com\" target=\"_blank\" rel=\"noopener noreferrer\">www.paroquiaic.wordpress.com<\/a><\/li>\n<li>E-mail:\u00a0paroquiaic@uol.com.br<\/li>\n<\/ul>\n<h4>Mapa de localiza\u00e7\u00e3o<\/h4>\nPlease specify the URL of your media file that you wish to pop up in lightbox\n\n<div style=\"font-size: 0px; height: 0px; line-height: 0px; margin: 0; padding: 0; clear: both;\"><\/div>","protected":false},"excerpt":{"rendered":"<p>A Igreja Imaculada Concei\u00e7\u00e3o Osasco era conhecida como Capela Nossa Senhora da Concei\u00e7\u00e3o de Duque de Caxias. Em vinte e nove de junho de 1953, Dom Carlos Carmelo de Vasconcellos Motta, Cardeal Arcebispo de S\u00e3o Paulo veio por bem erigir a capela aos cuidados dos Padres Passionistas. Seu primeiro vig\u00e1rio cooperador foi o Revmo.\u00a0Pe. Wiro Van Vliet, CP que participou da constru\u00e7\u00e3o do sal\u00e3o paroquial que naquela \u00e9poca funcionara provisoriamente como Matriz, como seu sucessor tivemos o Padre Silvio Mazarotto que terminara a igreja provis\u00f3ria e construiu as obras sociais anexas \u00e0 sede da nova Par\u00f3quia. Em Fevereiro de 1961 <\/p>\n","protected":false},"author":1,"featured_media":0,"parent":0,"menu_order":0,"comment_status":"closed","ping_status":"closed","template":"","meta":{"footnotes":""},"class_list":["post-4676","page","type-page","status-publish","hentry"],"aioseo_notices":[],"_links":{"self":[{"href":"https:\/\/www.encontraosasco.com.br\/sobre\/wp-json\/wp\/v2\/pages\/4676"}],"collection":[{"href":"https:\/\/www.encontraosasco.com.br\/sobre\/wp-json\/wp\/v2\/pages"}],"about":[{"href":"https:\/\/www.encontraosasco.com.br\/sobre\/wp-json\/wp\/v2\/types\/page"}],"author":[{"embeddable":true,"href":"https:\/\/www.encontraosasco.com.br\/sobre\/wp-json\/wp\/v2\/users\/1"}],"replies":[{"embeddable":true,"href":"https:\/\/www.encontraosasco.com.br\/sobre\/wp-json\/wp\/v2\/comments?post=4676"}],"version-history":[{"count":0,"href":"https:\/\/www.encontraosasco.com.br\/sobre\/wp-json\/wp\/v2\/pages\/4676\/revisions"}],"wp:attachment":[{"href":"https:\/\/www.encontraosasco.com.br\/sobre\/wp-json\/wp\/v2\/media?parent=4676"}],"curies":[{"name":"wp","href":"https:\/\/api.w.org\/{rel}","templated":true}]}}